{"id":6485,"date":"2026-02-23T11:24:43","date_gmt":"2026-02-23T11:24:43","guid":{"rendered":"https:\/\/derebakliyat.de\/produkt\/weisse-bohnen-im-glas-539-gr\/"},"modified":"2026-04-07T08:35:40","modified_gmt":"2026-04-07T08:35:40","slug":"gekochte-weisse-bohnen-im-glas-539-g","status":"publish","type":"product","link":"https:\/\/derebakliyat.de\/tr\/urun\/gekochte-weisse-bohnen-im-glas-539-g\/","title":{"rendered":"Ha\u015flanm\u0131\u015f Fasulye (Cam Kavanoz) 539 g"},"content":{"rendered":"","protected":false},"excerpt":{"rendered":"<p><span style=\"font-weight: 400;\">Dere, konserve beyaz fasulyeyi sizin i\u00e7in \u00f6zenle ha\u015flad\u0131 ve kullan\u0131ma hemen haz\u0131r olacak hale getirdi. Ha\u015flanm\u0131\u015f fasulyemiz bu bak\u0131mdan mutfakta h\u0131zl\u0131ca yemek haz\u0131rlamak istedi\u011finizde onu m\u00fckemmel bir se\u00e7enek. Tek yapman\u0131z gereken fasulye tanelerini bir s\u00fczgece almak, durulamak, s\u00fczd\u00fcrmek ve ard\u0131ndan iste\u011fe g\u00f6re k\u0131sa s\u00fcre \u0131s\u0131tmak. B\u00f6ylece lezzet ve kaliteden \u00f6d\u00fcn vermeden zaman ve enerji tasarrufu sa\u011flam\u0131\u015f olacaks\u0131n\u0131z.<\/span><\/p>\n<p>&nbsp;<\/p>\n<p><span style=\"font-weight: 400;\">Ha\u015flanm\u0131\u015f konserve fasulyemiz pek \u00e7ok yeme\u011fe uyum sa\u011flar: Doyurucu tencere yemeklerinde ana malzeme olarak kullan\u0131labilir, et veya bal\u0131\u011f\u0131n yan\u0131nda garnit\u00fcr olarak servis edilebilir. Ayr\u0131ca vejetaryen ve vegan tariflerde de ana bile\u015fen olarak \u00f6ne \u00e7\u0131kar. Ho\u015f formu ve dengeli lezzeti sayesinde sunumda da kendini g\u00f6sterir.\u00a0<\/span><\/p>\n<p>&nbsp;<\/p>\n<p><span style=\"font-weight: 400;\">Dere beyaz fasulyeleriyle kilerinizde pratik ve lezzetli bir temel her zaman haz\u0131r olur; k\u0131sa s\u00fcrede s\u0131cak, besleyici ve i\u00e7 \u0131s\u0131tan yemekler haz\u0131rlayabilirsiniz. <\/span><\/p>\n<p><span style=\"font-weight: 400;\">539 graml\u0131k cam kavanoz, \u00fcr\u00fcn\u00fcn pratik porsiyonlar halinde korunmas\u0131n\u0131 sa\u011flar.<\/span><\/p>","protected":false},"featured_media":754,"comment_status":"open","ping_status":"closed","template":"","meta":{"_acf_changed":false},"product_brand":[],"product_cat":[23],"product_tag":[],"class_list":{"0":"post-6485","1":"product","2":"type-product","3":"status-publish","4":"has-post-thumbnail","6":"product_cat-konserven-fertigprodukte","8":"first","9":"instock","10":"shipping-taxable","11":"product-type-simple"},"acf":[],"_links":{"self":[{"href":"https:\/\/derebakliyat.de\/tr\/wp-json\/wp\/v2\/product\/6485","targetHints":{"allow":["GET"]}}],"collection":[{"href":"https:\/\/derebakliyat.de\/tr\/wp-json\/wp\/v2\/product"}],"about":[{"href":"https:\/\/derebakliyat.de\/tr\/wp-json\/wp\/v2\/types\/product"}],"replies":[{"embeddable":true,"href":"https:\/\/derebakliyat.de\/tr\/wp-json\/wp\/v2\/comments?post=6485"}],"wp:featuredmedia":[{"embeddable":true,"href":"https:\/\/derebakliyat.de\/tr\/wp-json\/wp\/v2\/media\/754"}],"wp:attachment":[{"href":"https:\/\/derebakliyat.de\/tr\/wp-json\/wp\/v2\/media?parent=6485"}],"wp:term":[{"taxonomy":"product_brand","embeddable":true,"href":"https:\/\/derebakliyat.de\/tr\/wp-json\/wp\/v2\/product_brand?post=6485"},{"taxonomy":"product_cat","embeddable":true,"href":"https:\/\/derebakliyat.de\/tr\/wp-json\/wp\/v2\/product_cat?post=6485"},{"taxonomy":"product_tag","embeddable":true,"href":"https:\/\/derebakliyat.de\/tr\/wp-json\/wp\/v2\/product_tag?post=6485"}],"curies":[{"name":"wp","href":"https:\/\/api.w.org\/{rel}","templated":true}]}}