{"id":6483,"date":"2026-02-23T11:24:42","date_gmt":"2026-02-23T11:24:42","guid":{"rendered":"https:\/\/derebakliyat.de\/produkt\/erbsen-in-dose-400-ml\/"},"modified":"2026-04-07T08:11:28","modified_gmt":"2026-04-07T08:11:28","slug":"gekochte-gruene-erbsen-in-der-dose-400-ml","status":"publish","type":"product","link":"https:\/\/derebakliyat.de\/tr\/urun\/gekochte-gruene-erbsen-in-der-dose-400-ml\/","title":{"rendered":"Ha\u015flanm\u0131\u015f Bezelye Konservesi 400 ml"},"content":{"rendered":"","protected":false},"excerpt":{"rendered":"<p><span style=\"font-weight: 400;\">Ha\u015flanm\u0131\u015f Ye\u015fil Bezelye, mutfakta h\u0131z ve lezzeti bir arada isteyenler i\u00e7in pratik bir \u00e7\u00f6z\u00fcm. Mevsiminde \u00f6zenle toplanan bezelyelerden haz\u0131rlanan bu konserve sayesinde hem taze tat korunur hem de yemekleriniz do\u011fal bir aroma kazan\u0131r. \u00dcstelik hemen kullan\u0131ma haz\u0131r oldu\u011fu i\u00e7in uzun haz\u0131rl\u0131k a\u015famalar\u0131yla u\u011fra\u015fmadan k\u0131sa s\u00fcrede sofraya nefis se\u00e7enekler \u00e7\u0131karabilirsiniz.<\/span><\/p>\n<p><span style=\"font-weight: 400;\">\u0130ster tencere yemeklerinde olsun, ister \u00e7orbalarda, isterse pilav yan\u0131nda garnit\u00fcr, Dere bezelye konservesi her tarife kolayca uyum sa\u011flar. Yapman\u0131z gereken tek \u015fey suyunu s\u00fczmek; ard\u0131ndan diledi\u011finiz malzemelerle birle\u015ftirip k\u0131sa s\u00fcre \u0131s\u0131tmak ya da pi\u015firmek.<\/span><\/p>","protected":false},"featured_media":773,"comment_status":"open","ping_status":"closed","template":"","meta":{"_acf_changed":false},"product_brand":[],"product_cat":[23],"product_tag":[],"class_list":{"0":"post-6483","1":"product","2":"type-product","3":"status-publish","4":"has-post-thumbnail","6":"product_cat-konserven-fertigprodukte","8":"first","9":"instock","10":"shipping-taxable","11":"product-type-simple"},"acf":[],"_links":{"self":[{"href":"https:\/\/derebakliyat.de\/tr\/wp-json\/wp\/v2\/product\/6483","targetHints":{"allow":["GET"]}}],"collection":[{"href":"https:\/\/derebakliyat.de\/tr\/wp-json\/wp\/v2\/product"}],"about":[{"href":"https:\/\/derebakliyat.de\/tr\/wp-json\/wp\/v2\/types\/product"}],"replies":[{"embeddable":true,"href":"https:\/\/derebakliyat.de\/tr\/wp-json\/wp\/v2\/comments?post=6483"}],"wp:featuredmedia":[{"embeddable":true,"href":"https:\/\/derebakliyat.de\/tr\/wp-json\/wp\/v2\/media\/773"}],"wp:attachment":[{"href":"https:\/\/derebakliyat.de\/tr\/wp-json\/wp\/v2\/media?parent=6483"}],"wp:term":[{"taxonomy":"product_brand","embeddable":true,"href":"https:\/\/derebakliyat.de\/tr\/wp-json\/wp\/v2\/product_brand?post=6483"},{"taxonomy":"product_cat","embeddable":true,"href":"https:\/\/derebakliyat.de\/tr\/wp-json\/wp\/v2\/product_cat?post=6483"},{"taxonomy":"product_tag","embeddable":true,"href":"https:\/\/derebakliyat.de\/tr\/wp-json\/wp\/v2\/product_tag?post=6483"}],"curies":[{"name":"wp","href":"https:\/\/api.w.org\/{rel}","templated":true}]}}