{"id":6475,"date":"2026-02-23T11:24:42","date_gmt":"2026-02-23T11:24:42","guid":{"rendered":"https:\/\/derebakliyat.de\/produkt\/kidneybohnen-in-dose-800-ml\/"},"modified":"2026-04-07T08:28:00","modified_gmt":"2026-04-07T08:28:00","slug":"kidneybohnen-in-dose-800-ml","status":"publish","type":"product","link":"https:\/\/derebakliyat.de\/tr\/produkt\/kidneybohnen-in-dose-800-ml\/","title":{"rendered":"Ha\u015flanm\u0131\u015f Kidney Fasulyes Konservesi 800 ml"},"content":{"rendered":"","protected":false},"excerpt":{"rendered":"<p><span style=\"font-weight: 400;\">Ha\u015flanm\u0131\u015f k\u0131rm\u0131z\u0131 kidney fasulyemiz protein ve lif a\u00e7\u0131s\u0131ndan zengin, besleyici ve do\u011fal bir bakliyatt\u0131r. \u00d6zenle ha\u015flanarak konserve kutusunda sundu\u011fumuz i\u00e7in mutfakta size b\u00fcy\u00fck pratiklik sa\u011flar. Bu \u00fcr\u00fcn\u00fcm\u00fczle uzun haz\u0131rl\u0131k a\u015famalar\u0131na gerek kalmadan, k\u0131sa s\u00fcrede sa\u011fl\u0131kl\u0131 ve lezzetli \u00f6\u011f\u00fcnler haz\u0131rlayabilirsiniz.<\/span><\/p>\n<p>&nbsp;<\/p>\n<p><span style=\"font-weight: 400;\">K\u0131rm\u0131z\u0131 kidney fasulye; salatalarda lezzetli bir tamamlay\u0131c\u0131 olurken, \u00e7orba ve g\u00fcve\u00e7lere hem k\u0131vam hem de doyuruculuk katar. Pilav\u0131n yan\u0131nda garnit\u00fcr olarak ya da etli\/sebzeli yemeklere eklenerek sofray\u0131 kolayca zenginle\u015ftirir. Haz\u0131r ha\u015flanm\u0131\u015f formu sayesinde kullan\u0131m kolayl\u0131\u011f\u0131 sunar; do\u011fru saklama ko\u015fullar\u0131nda uzun s\u00fcre tazeli\u011fini koruyarak kilerinize g\u00fcvenilir bir se\u00e7enek ekler.<\/span><\/p>\n<p><span style=\"font-weight: 400;\">G\u00fcnl\u00fck yemeklerde hem pratik hem de besleyici bir alternatif arayanlar i\u00e7in ha\u015flanm\u0131\u015f konserve k\u0131rm\u0131z\u0131 kidney fasulye, her zaman elinizin alt\u0131nda olmas\u0131 gereken bir yard\u0131mc\u0131.<\/span><\/p>","protected":false},"featured_media":765,"comment_status":"open","ping_status":"closed","template":"","meta":{"_acf_changed":false},"product_brand":[],"product_cat":[23],"product_tag":[],"class_list":{"0":"post-6475","1":"product","2":"type-product","3":"status-publish","4":"has-post-thumbnail","6":"product_cat-konserven-fertigprodukte","8":"first","9":"instock","10":"shipping-taxable","11":"product-type-simple"},"acf":[],"_links":{"self":[{"href":"https:\/\/derebakliyat.de\/tr\/wp-json\/wp\/v2\/product\/6475","targetHints":{"allow":["GET"]}}],"collection":[{"href":"https:\/\/derebakliyat.de\/tr\/wp-json\/wp\/v2\/product"}],"about":[{"href":"https:\/\/derebakliyat.de\/tr\/wp-json\/wp\/v2\/types\/product"}],"replies":[{"embeddable":true,"href":"https:\/\/derebakliyat.de\/tr\/wp-json\/wp\/v2\/comments?post=6475"}],"wp:featuredmedia":[{"embeddable":true,"href":"https:\/\/derebakliyat.de\/tr\/wp-json\/wp\/v2\/media\/765"}],"wp:attachment":[{"href":"https:\/\/derebakliyat.de\/tr\/wp-json\/wp\/v2\/media?parent=6475"}],"wp:term":[{"taxonomy":"product_brand","embeddable":true,"href":"https:\/\/derebakliyat.de\/tr\/wp-json\/wp\/v2\/product_brand?post=6475"},{"taxonomy":"product_cat","embeddable":true,"href":"https:\/\/derebakliyat.de\/tr\/wp-json\/wp\/v2\/product_cat?post=6475"},{"taxonomy":"product_tag","embeddable":true,"href":"https:\/\/derebakliyat.de\/tr\/wp-json\/wp\/v2\/product_tag?post=6475"}],"curies":[{"name":"wp","href":"https:\/\/api.w.org\/{rel}","templated":true}]}}