{"id":6474,"date":"2026-02-23T11:24:42","date_gmt":"2026-02-23T11:24:42","guid":{"rendered":"https:\/\/derebakliyat.de\/produkt\/riesen-bohnen-in-dose-800-ml\/"},"modified":"2026-04-07T08:44:50","modified_gmt":"2026-04-07T08:44:50","slug":"gekochte-weisse-riesenbohnen-in-dose-800-ml","status":"publish","type":"product","link":"https:\/\/derebakliyat.de\/tr\/urun\/gekochte-weisse-riesenbohnen-in-dose-800-ml\/","title":{"rendered":"Ha\u015flanm\u0131\u015f Jumbo Fasulye Konservesi 800 ml"},"content":{"rendered":"","protected":false},"excerpt":{"rendered":"<p><span style=\"font-weight: 400;\">Ha\u015flanm\u0131\u015f beyaz jumbo fasulyemiz hemen t\u00fcketime haz\u0131r ve bu bak\u0131mdan h\u0131zl\u0131ca yemek haz\u0131rlamak gerekti\u011finde ideal. Konserve kutusunu a\u00e7\u0131n, s\u00fcz\u00fcn, k\u0131saca durulay\u0131n ve iste\u011fe g\u00f6re do\u011frudan kullan\u0131n ya da \u0131s\u0131t\u0131n. B\u00f6ylece k\u0131sa s\u00fcrede hem s\u0131cak hem de so\u011fuk tarifler i\u00e7in lezzetli bir se\u00e7enek elde edeceksiniz.<\/span><\/p>\n<p>&nbsp;<\/p>\n<p><span style=\"font-weight: 400;\">Bu iri fasulye taneleri hafif tatl\u0131ms\u0131 ve aromatik bir profile sahip. Pi\u015fince i\u00e7 k\u0131sm\u0131 ho\u015f bir \u015fekilde unumsu-kremams\u0131 bir hal al\u0131r ve buna ra\u011fmen formunu korur ve da\u011f\u0131lmaz. Bu \u00f6zelli\u011fiyle doyurucu tencere yemekleri, g\u00fc\u00e7l\u00fc \u00e7orbalar ve tok tutan garnit\u00fcrler i\u00e7in m\u00fckemmeldir. Dere\u2019yi tercih etti\u011finizde, kaliteyi ve pi\u015ferken da\u011f\u0131lmayan fasulyeleri se\u00e7mi\u015f olursunuz.<\/span><\/p>\n<p>&nbsp;<\/p>\n<p><span style=\"font-weight: 400;\">Besin de\u011feri a\u00e7\u0131s\u0131ndan da beyaz jumbo fasulye g\u00fc\u00e7l\u00fc bir se\u00e7enek: Y\u00fcksek protein ve lif i\u00e7eri\u011fi ile beslenme d\u00fczeninizi zenginle\u015ftirir ve \u00f6zellikle vegan\/vejetaryen mutfakta \u00e7ok iyi bir yer tutar. Akdeniz usul\u00fc mezelerden salatalara, s\u00fcr\u00fclebilir kar\u0131\u015f\u0131mlardan yarat\u0131c\u0131 bowl tariflerine kadar Dere\u2019nin bu konserve fasulyesiyle \u00e7ok y\u00f6nl\u00fc, i\u00e7 \u0131s\u0131tan lezzetler h\u0131zl\u0131 ve g\u00fcvenilir \u015fekilde haz\u0131rlanabilir.<\/span><\/p>","protected":false},"featured_media":764,"comment_status":"open","ping_status":"closed","template":"","meta":{"_acf_changed":false},"product_brand":[],"product_cat":[23],"product_tag":[],"class_list":{"0":"post-6474","1":"product","2":"type-product","3":"status-publish","4":"has-post-thumbnail","6":"product_cat-konserven-fertigprodukte","8":"first","9":"instock","10":"shipping-taxable","11":"product-type-simple"},"acf":[],"_links":{"self":[{"href":"https:\/\/derebakliyat.de\/tr\/wp-json\/wp\/v2\/product\/6474","targetHints":{"allow":["GET"]}}],"collection":[{"href":"https:\/\/derebakliyat.de\/tr\/wp-json\/wp\/v2\/product"}],"about":[{"href":"https:\/\/derebakliyat.de\/tr\/wp-json\/wp\/v2\/types\/product"}],"replies":[{"embeddable":true,"href":"https:\/\/derebakliyat.de\/tr\/wp-json\/wp\/v2\/comments?post=6474"}],"wp:featuredmedia":[{"embeddable":true,"href":"https:\/\/derebakliyat.de\/tr\/wp-json\/wp\/v2\/media\/764"}],"wp:attachment":[{"href":"https:\/\/derebakliyat.de\/tr\/wp-json\/wp\/v2\/media?parent=6474"}],"wp:term":[{"taxonomy":"product_brand","embeddable":true,"href":"https:\/\/derebakliyat.de\/tr\/wp-json\/wp\/v2\/product_brand?post=6474"},{"taxonomy":"product_cat","embeddable":true,"href":"https:\/\/derebakliyat.de\/tr\/wp-json\/wp\/v2\/product_cat?post=6474"},{"taxonomy":"product_tag","embeddable":true,"href":"https:\/\/derebakliyat.de\/tr\/wp-json\/wp\/v2\/product_tag?post=6474"}],"curies":[{"name":"wp","href":"https:\/\/api.w.org\/{rel}","templated":true}]}}