{"id":6473,"date":"2026-02-23T11:24:42","date_gmt":"2026-02-23T11:24:42","guid":{"rendered":"https:\/\/derebakliyat.de\/produkt\/wachtelbohnen-in-dose-800-ml\/"},"modified":"2026-04-07T08:08:09","modified_gmt":"2026-04-07T08:08:09","slug":"gekochte-borlottibohnen-in-der-dose-800-ml","status":"publish","type":"product","link":"https:\/\/derebakliyat.de\/tr\/urun\/gekochte-borlottibohnen-in-der-dose-800-ml\/","title":{"rendered":"Ha\u015flanm\u0131\u015f Barbunya Konservesi 800 ml"},"content":{"rendered":"","protected":false},"excerpt":{"rendered":"<p><span style=\"font-weight: 400;\">Konserve kutusunda sundu\u011fumuz ha\u015flanm\u0131\u015f barbunya, hemen t\u00fcketime haz\u0131r ve mutfakta h\u0131zl\u0131ca i\u015f \u00e7\u0131karmak gerekti\u011finde ideal. Islatma ve uzun s\u00fcre pi\u015firme derdi olmadan kutuyu a\u00e7\u0131n, s\u00fcz\u00fcn, durulay\u0131n ve do\u011frudan kullan\u0131n: B\u00f6ylece zahmetsizce sa\u011fl\u0131kl\u0131 bir \u00f6\u011f\u00fcn haz\u0131rlayabilirsiniz.<\/span><\/p>\n<p>&nbsp;<\/p>\n<p><span style=\"font-weight: 400;\">Barbunya, ger\u00e7ek bir protein kayna\u011f\u0131 olarak bilinir ve bakliyat ihtiyac\u0131n\u0131 g\u00fcnl\u00fck hayatta daha s\u0131k ve daha pratik \u015fekilde t\u00fcketmenize yard\u0131mc\u0131 olur. \u00d6nceden ha\u015flanm\u0131\u015f olmas\u0131 haz\u0131rl\u0131\u011f\u0131 son derece kolayla\u015ft\u0131r\u0131r; zaman az oldu\u011funda bile bilin\u00e7li ve dengeli beslenmeyi destekler.<\/span><\/p>\n<p>&nbsp;<\/p>\n<p><span style=\"font-weight: 400;\">Salatalarda, \u00e7orbalarda, tencere yemeklerinde, geleneksel tariflerde veya garnit\u00fcr olarak bu \u00fcr\u00fcn\u00fc kullanabilirsiniz. Dere\u2019nin ha\u015flanm\u0131\u015f barbunyas\u0131yla elinizin alt\u0131nda \u00e7ok y\u00f6nl\u00fc bir lezzet bulundurabilir ve k\u0131sa s\u00fcrede aromatik ve doyurucu lezzetler haz\u0131rlayabilirsiniz.<\/span><\/p>","protected":false},"featured_media":763,"comment_status":"open","ping_status":"closed","template":"","meta":{"_acf_changed":false},"product_brand":[],"product_cat":[23],"product_tag":[],"class_list":{"0":"post-6473","1":"product","2":"type-product","3":"status-publish","4":"has-post-thumbnail","6":"product_cat-konserven-fertigprodukte","8":"first","9":"instock","10":"shipping-taxable","11":"product-type-simple"},"acf":[],"_links":{"self":[{"href":"https:\/\/derebakliyat.de\/tr\/wp-json\/wp\/v2\/product\/6473","targetHints":{"allow":["GET"]}}],"collection":[{"href":"https:\/\/derebakliyat.de\/tr\/wp-json\/wp\/v2\/product"}],"about":[{"href":"https:\/\/derebakliyat.de\/tr\/wp-json\/wp\/v2\/types\/product"}],"replies":[{"embeddable":true,"href":"https:\/\/derebakliyat.de\/tr\/wp-json\/wp\/v2\/comments?post=6473"}],"wp:featuredmedia":[{"embeddable":true,"href":"https:\/\/derebakliyat.de\/tr\/wp-json\/wp\/v2\/media\/763"}],"wp:attachment":[{"href":"https:\/\/derebakliyat.de\/tr\/wp-json\/wp\/v2\/media?parent=6473"}],"wp:term":[{"taxonomy":"product_brand","embeddable":true,"href":"https:\/\/derebakliyat.de\/tr\/wp-json\/wp\/v2\/product_brand?post=6473"},{"taxonomy":"product_cat","embeddable":true,"href":"https:\/\/derebakliyat.de\/tr\/wp-json\/wp\/v2\/product_cat?post=6473"},{"taxonomy":"product_tag","embeddable":true,"href":"https:\/\/derebakliyat.de\/tr\/wp-json\/wp\/v2\/product_tag?post=6473"}],"curies":[{"name":"wp","href":"https:\/\/api.w.org\/{rel}","templated":true}]}}