{"id":6471,"date":"2026-02-23T11:24:42","date_gmt":"2026-02-23T11:24:42","guid":{"rendered":"https:\/\/derebakliyat.de\/produkt\/kichererbsen-in-dose-800-ml\/"},"modified":"2026-04-07T08:18:45","modified_gmt":"2026-04-07T08:18:45","slug":"gekochte-kichererbsen-in-der-dose-800-ml","status":"publish","type":"product","link":"https:\/\/derebakliyat.de\/tr\/urun\/gekochte-kichererbsen-in-der-dose-800-ml\/","title":{"rendered":"Ha\u015flanm\u0131\u015f Nohut Konservesi 800 ml"},"content":{"rendered":"","protected":false},"excerpt":{"rendered":"<p><span style=\"font-weight: 400;\">Konserve kutusunda sundu\u011fumuz ha\u015flanm\u0131\u015f b\u00fct\u00fcn nohut \u00fcr\u00fcn\u00fcm\u00fcz, h\u0131zl\u0131, zahmetsiz ve lezzetten \u00f6d\u00fcn vermeden yemek yapmak isteyenler i\u00e7in m\u00fckemmel bir \u00e7\u00f6z\u00fcm. Bu nohut taneleri; yuvarlak, alt\u0131n renkli taneleri; ho\u015f, hafif f\u0131nd\u0131ks\u0131 aromas\u0131 ve s\u0131cak veya so\u011fuk halde \u00e7ok y\u00f6nl\u00fc kullan\u0131ma uygundur.<\/span><\/p>\n<p>&nbsp;<\/p>\n<p class=\"translation-block\">Humus ve falafel i\u00e7in temel malzeme olarak, tencere yemeklerinde doyurucu bir i\u00e7erik olarak ya da salatalarda protein a\u00e7\u0131s\u0131ndan zengin bir tamamlay\u0131c\u0131 olarak kullan\u0131labilir: Nohut, tariflerinize hem lezzet hem de ho\u015f bir doku ve k\u0131vam kazand\u0131r\u0131r. \u00d6zellikle vejetaryen mutfakta \u00e7ok sevilir ve dengeli \u00f6\u011f\u00fcnler i\u00e7in bitkisel bir alternatif olarak harika bir se\u00e7enek sunar.<\/p>\n<p>&nbsp;<\/p>\n<p><span style=\"font-weight: 400;\">Nohut ayr\u0131ca bilin\u00e7li beslenmenin bir par\u00e7as\u0131 olarak da s\u0131k\u00e7a tercih edilir. \u00c7\u00fcnk\u00fc dengeli bir beslenme plan\u0131na kolayca uyum sa\u011flar. \u00d6zenli saklama sayesinde nohutun tad\u0131, kalitesi ve de\u011ferli \u00f6zellikleri m\u00fcmk\u00fcn olan en iyi \u015fekilde korunur.<\/span><\/p>","protected":false},"featured_media":761,"comment_status":"open","ping_status":"closed","template":"","meta":{"_acf_changed":false},"product_brand":[],"product_cat":[23],"product_tag":[],"class_list":{"0":"post-6471","1":"product","2":"type-product","3":"status-publish","4":"has-post-thumbnail","6":"product_cat-konserven-fertigprodukte","8":"first","9":"instock","10":"shipping-taxable","11":"product-type-simple"},"acf":[],"_links":{"self":[{"href":"https:\/\/derebakliyat.de\/tr\/wp-json\/wp\/v2\/product\/6471","targetHints":{"allow":["GET"]}}],"collection":[{"href":"https:\/\/derebakliyat.de\/tr\/wp-json\/wp\/v2\/product"}],"about":[{"href":"https:\/\/derebakliyat.de\/tr\/wp-json\/wp\/v2\/types\/product"}],"replies":[{"embeddable":true,"href":"https:\/\/derebakliyat.de\/tr\/wp-json\/wp\/v2\/comments?post=6471"}],"wp:featuredmedia":[{"embeddable":true,"href":"https:\/\/derebakliyat.de\/tr\/wp-json\/wp\/v2\/media\/761"}],"wp:attachment":[{"href":"https:\/\/derebakliyat.de\/tr\/wp-json\/wp\/v2\/media?parent=6471"}],"wp:term":[{"taxonomy":"product_brand","embeddable":true,"href":"https:\/\/derebakliyat.de\/tr\/wp-json\/wp\/v2\/product_brand?post=6471"},{"taxonomy":"product_cat","embeddable":true,"href":"https:\/\/derebakliyat.de\/tr\/wp-json\/wp\/v2\/product_cat?post=6471"},{"taxonomy":"product_tag","embeddable":true,"href":"https:\/\/derebakliyat.de\/tr\/wp-json\/wp\/v2\/product_tag?post=6471"}],"curies":[{"name":"wp","href":"https:\/\/api.w.org\/{rel}","templated":true}]}}