{"id":6469,"date":"2026-02-23T11:24:41","date_gmt":"2026-02-23T11:24:41","guid":{"rendered":"https:\/\/derebakliyat.de\/produkt\/mais-dose-330-gr\/"},"modified":"2026-04-07T08:56:05","modified_gmt":"2026-04-07T08:56:05","slug":"gekochter-mais-in-der-dose-330-g","status":"publish","type":"product","link":"https:\/\/derebakliyat.de\/tr\/urun\/gekochter-mais-in-der-dose-330-g\/","title":{"rendered":"Ha\u015flanm\u0131\u015f M\u0131s\u0131r Konservesi 330 g"},"content":{"rendered":"","protected":false},"excerpt":{"rendered":"<p><span style=\"font-weight: 400;\">Ha\u015flanm\u0131\u015f m\u0131s\u0131r, \u00f6zenle se\u00e7ilen m\u0131s\u0131rlar\u0131n ha\u015flan\u0131p do\u011fal lezzeti korunarak paketlenmesiyle haz\u0131rlanm\u0131\u015f pratik bir \u00fcr\u00fcn. Dere fark\u0131yla bu \u00fcr\u00fcn; katk\u0131 maddesi, renklendirici ve koruyucu i\u00e7ermez. Bu sayede m\u0131s\u0131r\u0131n kendi tad\u0131n\u0131 ve tazelik hissini sofran\u0131za ta\u015f\u0131r.<\/span><\/p>\n<p><span style=\"font-weight: 400;\">Kullan\u0131ma haz\u0131r formu sayesinde mutfakta zaman kazand\u0131r\u0131r ve pek \u00e7ok tarife kolayca uyum sa\u011flar. Salatalara renk ve tat katar, \u00e7orbalara k\u0131vam ve dolgunluk verir; mezelerde ferah bir dokunu\u015f sunar. Ayr\u0131ca pizzalarda ve s\u0131cak tariflerde de lezzeti tamamlayan, i\u015finizi kolayla\u015ft\u0131ran bir yard\u0131mc\u0131d\u0131r.<\/span><\/p>\n<p><span style=\"font-weight: 400;\">G\u00fcnl\u00fck \u00f6\u011f\u00fcnlerde h\u0131zl\u0131 ama \u00f6zenli se\u00e7enekler haz\u0131rlamak isteyenler i\u00e7in ha\u015flanm\u0131\u015f m\u0131s\u0131r, her zaman elinizin alt\u0131nda bulunmas\u0131 gereken lezzetli ve g\u00fcvenilir bir alternatiftir.\u00a0<\/span><\/p>","protected":false},"featured_media":759,"comment_status":"open","ping_status":"closed","template":"","meta":{"_acf_changed":false},"product_brand":[],"product_cat":[23],"product_tag":[],"class_list":{"0":"post-6469","1":"product","2":"type-product","3":"status-publish","4":"has-post-thumbnail","6":"product_cat-konserven-fertigprodukte","8":"first","9":"instock","10":"shipping-taxable","11":"product-type-simple"},"acf":[],"_links":{"self":[{"href":"https:\/\/derebakliyat.de\/tr\/wp-json\/wp\/v2\/product\/6469","targetHints":{"allow":["GET"]}}],"collection":[{"href":"https:\/\/derebakliyat.de\/tr\/wp-json\/wp\/v2\/product"}],"about":[{"href":"https:\/\/derebakliyat.de\/tr\/wp-json\/wp\/v2\/types\/product"}],"replies":[{"embeddable":true,"href":"https:\/\/derebakliyat.de\/tr\/wp-json\/wp\/v2\/comments?post=6469"}],"wp:featuredmedia":[{"embeddable":true,"href":"https:\/\/derebakliyat.de\/tr\/wp-json\/wp\/v2\/media\/759"}],"wp:attachment":[{"href":"https:\/\/derebakliyat.de\/tr\/wp-json\/wp\/v2\/media?parent=6469"}],"wp:term":[{"taxonomy":"product_brand","embeddable":true,"href":"https:\/\/derebakliyat.de\/tr\/wp-json\/wp\/v2\/product_brand?post=6469"},{"taxonomy":"product_cat","embeddable":true,"href":"https:\/\/derebakliyat.de\/tr\/wp-json\/wp\/v2\/product_cat?post=6469"},{"taxonomy":"product_tag","embeddable":true,"href":"https:\/\/derebakliyat.de\/tr\/wp-json\/wp\/v2\/product_tag?post=6469"}],"curies":[{"name":"wp","href":"https:\/\/api.w.org\/{rel}","templated":true}]}}