{"id":6468,"date":"2026-02-23T11:24:41","date_gmt":"2026-02-23T11:24:41","guid":{"rendered":"https:\/\/derebakliyat.de\/produkt\/basmati-reis-1000-gr\/"},"modified":"2026-03-04T14:27:14","modified_gmt":"2026-03-04T14:27:14","slug":"basmati-pirinc-1000g","status":"publish","type":"product","link":"https:\/\/derebakliyat.de\/tr\/produkt\/basmati-reis-1000-g\/","title":{"rendered":"Basmati Prin\u00e7 1000 g"},"content":{"rendered":"","protected":false},"excerpt":{"rendered":"<p data-start=\"0\" data-end=\"337\">Basmati pirin\u00e7, kendine \u00f6zg\u00fc kokusu ve hafif f\u0131nd\u0131ks\u0131 aromas\u0131yla \u00f6ne \u00e7\u0131kan, aromatik bir uzun taneli pirin\u00e7. Uzun ve ince taneleri, pi\u015firme s\u0131ras\u0131nda tane tane kal\u0131r ve yo\u011fun aromas\u0131yla her yeme\u011fe ayr\u0131 bir lezzet katar. Bu nedenle Basmati pirinci \u00f6zellikle Do\u011fu ve Asya mutfa\u011f\u0131yla s\u0131k\u00e7a \u00f6zde\u015fle\u015ftirilir.<\/p>\n<p data-start=\"339\" data-end=\"664\">\u0130ster garnit\u00fcr olarak ister farkl\u0131 pilav yemeklerinin temeli olarak kullan\u0131ls\u0131n, basmati Hint, Orta Do\u011fu ve \u0130ran mutfa\u011f\u0131na ait tariflerle son derece uyumlu ve baharatlar\u0131 ile aromalar\u0131 \u00e7ok iyi i\u00e7ine \u00e7eker. B\u00f6ylece Afgan ve \u0130ran mutfa\u011f\u0131na ait geleneksel pirin\u00e7 yemekleri g\u00fcvenilir \u015fekilde haz\u0131rlanabilir.<\/p>\n<p data-start=\"666\" data-end=\"873\">Dere'nin basmati pirinci; sofralara zarafet, hafiflik ve otantik bir lezzet ta\u015f\u0131r. Hem g\u00fcnl\u00fck kullan\u0131m hem de \u00f6zel yemekler i\u00e7in ideal bir se\u00e7im.<\/p>","protected":false},"featured_media":758,"comment_status":"open","ping_status":"closed","template":"","meta":{"_acf_changed":false},"product_brand":[],"product_cat":[21],"product_tag":[],"class_list":{"0":"post-6468","1":"product","2":"type-product","3":"status-publish","4":"has-post-thumbnail","6":"product_cat-getreideprodukte","8":"first","9":"instock","10":"shipping-taxable","11":"product-type-simple"},"acf":[],"_links":{"self":[{"href":"https:\/\/derebakliyat.de\/tr\/wp-json\/wp\/v2\/product\/6468","targetHints":{"allow":["GET"]}}],"collection":[{"href":"https:\/\/derebakliyat.de\/tr\/wp-json\/wp\/v2\/product"}],"about":[{"href":"https:\/\/derebakliyat.de\/tr\/wp-json\/wp\/v2\/types\/product"}],"replies":[{"embeddable":true,"href":"https:\/\/derebakliyat.de\/tr\/wp-json\/wp\/v2\/comments?post=6468"}],"wp:featuredmedia":[{"embeddable":true,"href":"https:\/\/derebakliyat.de\/tr\/wp-json\/wp\/v2\/media\/758"}],"wp:attachment":[{"href":"https:\/\/derebakliyat.de\/tr\/wp-json\/wp\/v2\/media?parent=6468"}],"wp:term":[{"taxonomy":"product_brand","embeddable":true,"href":"https:\/\/derebakliyat.de\/tr\/wp-json\/wp\/v2\/product_brand?post=6468"},{"taxonomy":"product_cat","embeddable":true,"href":"https:\/\/derebakliyat.de\/tr\/wp-json\/wp\/v2\/product_cat?post=6468"},{"taxonomy":"product_tag","embeddable":true,"href":"https:\/\/derebakliyat.de\/tr\/wp-json\/wp\/v2\/product_tag?post=6468"}],"curies":[{"name":"wp","href":"https:\/\/api.w.org\/{rel}","templated":true}]}}