{"id":6467,"date":"2026-02-23T11:24:41","date_gmt":"2026-02-23T11:24:41","guid":{"rendered":"https:\/\/derebakliyat.de\/produkt\/langkornreis-1000-gr\/"},"modified":"2026-03-04T14:27:10","modified_gmt":"2026-03-04T14:27:10","slug":"thaibonnet-langkorn-spitzreis-1000-g","status":"publish","type":"product","link":"https:\/\/derebakliyat.de\/tr\/produkt\/thaibonnet-langkorn-spitzreis-1000-g\/","title":{"rendered":"Sivri Pirin\u00e7 1000 g"},"content":{"rendered":"","protected":false},"excerpt":{"rendered":"<p data-start=\"0\" data-end=\"305\">Thaibonnet cinsi uzun taneli se\u00e7kin pirincimiz, pi\u015ftikten sonra tane tane bir yap\u0131 ve hafif diri bir doku sunar. Dengeli yap\u0131s\u0131 sayesinde modern mutfakta \u00e7ok y\u00f6nl\u00fc bir temel olarak ideal bir se\u00e7enektir; ister sebze, bal\u0131k ya da et yemeklerinin yan\u0131nda garnit\u00fcr olarak, ister \u00e7orbalarda aromatik bir katk\u0131 olarak kullan\u0131labilir.<\/p>\n<p data-start=\"307\" data-end=\"593\">Bu pirin\u00e7 hasattan sonra \u00f6zenle temizlenir ve kabu\u011fundan ayr\u0131l\u0131r. Ard\u0131ndan, \u00fczerindeki kepek tabakas\u0131 nazik\u00e7e parlat\u0131larak uzakla\u015ft\u0131r\u0131l\u0131r. B\u00f6ylece de\u011ferli besin \u00f6\u011felerinin m\u00fcmk\u00fcn oldu\u011funca korunmas\u0131 sa\u011flan\u0131r. Sonu\u00e7 olarak, g\u00fcvenilir pi\u015firme performans\u0131na ve ince bir lezzete sahip y\u00fcksek kaliteli uzun taneli bir pirin\u00e7 elde edilir.<\/p>\n<p data-start=\"595\" data-end=\"793\">Dere Thaibonnet cinsi sivri pirin\u00e7; f\u0131r\u0131n yemekleri, pilavlar ve salatalar i\u00e7in uygun yap\u0131s\u0131yla mutfakta pratik ve ba\u015far\u0131l\u0131 sonu\u00e7lar sa\u011flar. Kalite ile lezzeti bir arada sunan ideal bir se\u00e7enek.<\/p>","protected":false},"featured_media":757,"comment_status":"open","ping_status":"closed","template":"","meta":{"_acf_changed":false},"product_brand":[],"product_cat":[21],"product_tag":[],"class_list":{"0":"post-6467","1":"product","2":"type-product","3":"status-publish","4":"has-post-thumbnail","6":"product_cat-getreideprodukte","8":"first","9":"instock","10":"shipping-taxable","11":"product-type-simple"},"acf":[],"_links":{"self":[{"href":"https:\/\/derebakliyat.de\/tr\/wp-json\/wp\/v2\/product\/6467","targetHints":{"allow":["GET"]}}],"collection":[{"href":"https:\/\/derebakliyat.de\/tr\/wp-json\/wp\/v2\/product"}],"about":[{"href":"https:\/\/derebakliyat.de\/tr\/wp-json\/wp\/v2\/types\/product"}],"replies":[{"embeddable":true,"href":"https:\/\/derebakliyat.de\/tr\/wp-json\/wp\/v2\/comments?post=6467"}],"wp:featuredmedia":[{"embeddable":true,"href":"https:\/\/derebakliyat.de\/tr\/wp-json\/wp\/v2\/media\/757"}],"wp:attachment":[{"href":"https:\/\/derebakliyat.de\/tr\/wp-json\/wp\/v2\/media?parent=6467"}],"wp:term":[{"taxonomy":"product_brand","embeddable":true,"href":"https:\/\/derebakliyat.de\/tr\/wp-json\/wp\/v2\/product_brand?post=6467"},{"taxonomy":"product_cat","embeddable":true,"href":"https:\/\/derebakliyat.de\/tr\/wp-json\/wp\/v2\/product_cat?post=6467"},{"taxonomy":"product_tag","embeddable":true,"href":"https:\/\/derebakliyat.de\/tr\/wp-json\/wp\/v2\/product_tag?post=6467"}],"curies":[{"name":"wp","href":"https:\/\/api.w.org\/{rel}","templated":true}]}}