{"id":6460,"date":"2026-02-23T11:24:41","date_gmt":"2026-02-23T11:24:41","guid":{"rendered":"https:\/\/derebakliyat.de\/produkt\/reis-fur-pilaw-1000-gr\/"},"modified":"2026-03-08T09:25:08","modified_gmt":"2026-03-08T09:25:08","slug":"loto-rundkornreis-fuer-pilaw-1000-g","status":"publish","type":"product","link":"https:\/\/derebakliyat.de\/tr\/urun\/loto-rundkornreis-fuer-pilaw-1000-g\/","title":{"rendered":"Yuvarlak Taneli Pilavl\u0131k Pirin\u00e7 1000 g"},"content":{"rendered":"","protected":false},"excerpt":{"rendered":"<p data-start=\"0\" data-end=\"357\">Loto pirin\u00e7 \u00e7e\u015fidine ait bu y\u00fcksek kaliteli yuvarlak taneli pirin\u00e7, y\u00fcksek ni\u015fasta oran\u0131yla \u00f6ne \u00e7\u0131kar ve do\u011fal olarak d\u00fc\u015f\u00fck ya\u011f i\u00e7erir. Pi\u015firme s\u0131ras\u0131nda ho\u015f bir kremsi k\u0131vam kazan\u0131r ve tanelerin birbirine iyi ba\u011flanmas\u0131n\u0131 sa\u011flar. B\u00f6ylece yumu\u015fak ve p\u00fcr\u00fczs\u00fcz bir doku ortaya \u00e7\u0131kar. Bu \u00f6zelli\u011fi sayesinde, pirincin \u00f6zellikle yumu\u015fak ve k\u0131vaml\u0131 olmas\u0131 istenen pilav yemekleri i\u00e7in ideal bir se\u00e7imdir.<\/p>\n<p data-start=\"359\" data-end=\"684\">Sahip oldu\u011fu \u00f6zellikleri sayesinde bu pirin\u00e7 cinsi; s\u00fctla\u00e7, risotto ve kremams\u0131 pirin\u00e7 yemekleri i\u00e7in son derece uygundur. S\u0131v\u0131y\u0131 ve aromalar\u0131 \u00e7ok iyi i\u00e7ine \u00e7eker, dengeli ve uyumlu bir sonu\u00e7 verir. Klasik pilav \u00e7e\u015fitleri, dolmalar ve f\u0131r\u0131n yemekleri i\u00e7in de g\u00fcvenilir bir tercihtir.<\/p>\n<p data-start=\"686\" data-end=\"860\">\u0130ster geleneksel aile mutfa\u011f\u0131nda ister modern tariflerde kullan\u0131ls\u0131n, bu pilavl\u0131k pirin\u00e7 her mutfakta dengeli pi\u015fme, ho\u015f bir tane yap\u0131s\u0131 ve otantik bir pirin\u00e7 lezzeti sa\u011flar.<\/p>","protected":false},"featured_media":782,"comment_status":"open","ping_status":"closed","template":"","meta":{"_acf_changed":false},"product_brand":[],"product_cat":[21],"product_tag":[],"class_list":{"0":"post-6460","1":"product","2":"type-product","3":"status-publish","4":"has-post-thumbnail","6":"product_cat-getreideprodukte","8":"first","9":"instock","10":"shipping-taxable","11":"product-type-simple"},"acf":[],"_links":{"self":[{"href":"https:\/\/derebakliyat.de\/tr\/wp-json\/wp\/v2\/product\/6460","targetHints":{"allow":["GET"]}}],"collection":[{"href":"https:\/\/derebakliyat.de\/tr\/wp-json\/wp\/v2\/product"}],"about":[{"href":"https:\/\/derebakliyat.de\/tr\/wp-json\/wp\/v2\/types\/product"}],"replies":[{"embeddable":true,"href":"https:\/\/derebakliyat.de\/tr\/wp-json\/wp\/v2\/comments?post=6460"}],"wp:featuredmedia":[{"embeddable":true,"href":"https:\/\/derebakliyat.de\/tr\/wp-json\/wp\/v2\/media\/782"}],"wp:attachment":[{"href":"https:\/\/derebakliyat.de\/tr\/wp-json\/wp\/v2\/media?parent=6460"}],"wp:term":[{"taxonomy":"product_brand","embeddable":true,"href":"https:\/\/derebakliyat.de\/tr\/wp-json\/wp\/v2\/product_brand?post=6460"},{"taxonomy":"product_cat","embeddable":true,"href":"https:\/\/derebakliyat.de\/tr\/wp-json\/wp\/v2\/product_cat?post=6460"},{"taxonomy":"product_tag","embeddable":true,"href":"https:\/\/derebakliyat.de\/tr\/wp-json\/wp\/v2\/product_tag?post=6460"}],"curies":[{"name":"wp","href":"https:\/\/api.w.org\/{rel}","templated":true}]}}