{"id":6459,"date":"2026-02-23T11:24:41","date_gmt":"2026-02-23T11:24:41","guid":{"rendered":"https:\/\/derebakliyat.de\/produkt\/reis-rundkorn-1000-gr\/"},"modified":"2026-03-04T14:24:50","modified_gmt":"2026-03-04T14:24:50","slug":"rundkornreis-zum-fuellen-1000-gr","status":"publish","type":"product","link":"https:\/\/derebakliyat.de\/tr\/urun\/rundkornreis-zum-fuellen-1000-gr\/","title":{"rendered":"Dolmal\u0131k Yuvarlak Taneli Pirin\u00e7 1000 g"},"content":{"rendered":"","protected":false},"excerpt":{"rendered":"<p data-start=\"0\" data-end=\"324\">Yuvarlak taneli dolmal\u0131k pirin\u00e7, yumu\u015fak, hafif yap\u0131\u015fan bir k\u0131vam ve uyumlu bir sonu\u00e7 elde etmek isteyenler i\u00e7in ideal bir tercih. Y\u00fcksek kaliteli pirin\u00e7ten \u00fcretilen bu \u00fcr\u00fcn, pi\u015firme s\u0131ras\u0131nda yumu\u015fak bir doku kazanan yuvarlak ve kompakt tane yap\u0131s\u0131yla \u00f6ne \u00e7\u0131kar. B\u00f6ylece i\u00e7 harc\u0131n bir arada kalmas\u0131na \u00f6zellikle iyi katk\u0131 sa\u011flar.<\/p>\n<p data-start=\"326\" data-end=\"590\">\u00dcst\u00fcn pi\u015fme \u00f6zellikleri sayesinde bu pirin\u00e7; biber, kabak dolmas\u0131n\u0131n yan\u0131 s\u0131ra yaprak sarmas\u0131 gibi doldurularak haz\u0131rlanan yemekler i\u00e7in m\u00fckemmel bir se\u00e7im. Baharatlar\u0131, otlar\u0131 ve soslar\u0131 \u00e7ok iyi i\u00e7ine \u00e7eker ve b\u00f6ylece dengeli, aromatik bir lezzet deneyimi sunar.<\/p>\n<p data-start=\"592\" data-end=\"781\" data-is-last-node=\"\" data-is-only-node=\"\">\u0130ster geleneksel \u015fekilde haz\u0131rlans\u0131n ister yarat\u0131c\u0131 tariflerle yeniden yorumlans\u0131n, dolmal\u0131k yuvarlak taneli pirin\u00e7; otantik ve her seferinde ba\u015far\u0131l\u0131 sonu\u00e7lara \u00f6nem verenler i\u00e7in \u00e7ok y\u00f6nl\u00fc bir mutfak klasi\u011fi.<\/p>","protected":false},"featured_media":781,"comment_status":"open","ping_status":"closed","template":"","meta":{"_acf_changed":false},"product_brand":[],"product_cat":[21],"product_tag":[],"class_list":{"0":"post-6459","1":"product","2":"type-product","3":"status-publish","4":"has-post-thumbnail","6":"product_cat-getreideprodukte","8":"first","9":"instock","10":"shipping-taxable","11":"product-type-simple"},"acf":[],"_links":{"self":[{"href":"https:\/\/derebakliyat.de\/tr\/wp-json\/wp\/v2\/product\/6459","targetHints":{"allow":["GET"]}}],"collection":[{"href":"https:\/\/derebakliyat.de\/tr\/wp-json\/wp\/v2\/product"}],"about":[{"href":"https:\/\/derebakliyat.de\/tr\/wp-json\/wp\/v2\/types\/product"}],"replies":[{"embeddable":true,"href":"https:\/\/derebakliyat.de\/tr\/wp-json\/wp\/v2\/comments?post=6459"}],"wp:featuredmedia":[{"embeddable":true,"href":"https:\/\/derebakliyat.de\/tr\/wp-json\/wp\/v2\/media\/781"}],"wp:attachment":[{"href":"https:\/\/derebakliyat.de\/tr\/wp-json\/wp\/v2\/media?parent=6459"}],"wp:term":[{"taxonomy":"product_brand","embeddable":true,"href":"https:\/\/derebakliyat.de\/tr\/wp-json\/wp\/v2\/product_brand?post=6459"},{"taxonomy":"product_cat","embeddable":true,"href":"https:\/\/derebakliyat.de\/tr\/wp-json\/wp\/v2\/product_cat?post=6459"},{"taxonomy":"product_tag","embeddable":true,"href":"https:\/\/derebakliyat.de\/tr\/wp-json\/wp\/v2\/product_tag?post=6459"}],"curies":[{"name":"wp","href":"https:\/\/api.w.org\/{rel}","templated":true}]}}