{"id":6458,"date":"2026-02-23T11:24:41","date_gmt":"2026-02-23T11:24:41","guid":{"rendered":"https:\/\/derebakliyat.de\/produkt\/reis-baldo-1000-gr\/"},"modified":"2026-04-06T13:17:02","modified_gmt":"2026-04-06T13:17:02","slug":"baldo-reis-1000-g","status":"publish","type":"product","link":"https:\/\/derebakliyat.de\/tr\/produkt\/baldo-reis-1000-g\/","title":{"rendered":"Baldo Pirin\u00e7"},"content":{"rendered":"","protected":false},"excerpt":{"rendered":"<p data-start=\"0\" data-end=\"359\">Y\u00fcksek kaliteli Baldo pirin\u00e7, \u00f6zenle se\u00e7ilmi\u015f yuvarlak taneli yap\u0131s\u0131 ve y\u00fcksek ni\u015fasta oran\u0131yla \u00f6ne \u00e7\u0131kar; ayr\u0131ca do\u011fal olarak d\u00fc\u015f\u00fck ya\u011f i\u00e7erir. Pi\u015firme s\u0131ras\u0131nda ho\u015f bir kremsi k\u0131vam kazan\u0131r ve tanelerin yap\u0131s\u0131n\u0131 kaybetmeden ideal \u015fekilde birbirini tutmas\u0131n\u0131 sa\u011flar. Baldo pirincin bu denli sevilen, yumu\u015fak ve p\u00fcr\u00fczs\u00fcz dokusu i\u015fte b\u00f6yle ortaya \u00e7\u0131kar.<\/p>\n<p data-start=\"361\" data-end=\"676\">Baldo pirinci, sahip oldu\u011fu \u00f6zellikler sayesinde, uyumlu ve kremal\u0131 sonu\u00e7 istenen yemekler i\u00e7in idealdir. S\u0131v\u0131y\u0131 ve aromalar\u0131 ola\u011fan\u00fcst\u00fc iyi emer ve klasik pilavlarda, dolmalarda, pirin\u00e7 g\u00fcve\u00e7lerinde veya kremal\u0131 pirin\u00e7 \u00e7e\u015fitlerinde g\u00fcvenilir sonu\u00e7lar verir.<\/p>\n<p data-start=\"361\" data-end=\"676\">hes, s\u00e4miges Ergebnis gefragt ist. Er nimmt Fl\u00fcssigkeit und Aromen hervorragend auf und liefert zuverl\u00e4ssige Kochergebnisse \u2013 ob bei klassischem Pilaw, gef\u00fcllten Gem\u00fcsegerichten, Reisaufl\u00e4ufen oder cremigen Reisvariationen.<\/p>\n<p data-start=\"678\" data-end=\"887\">\u0130ster geleneksel T\u00fcrk mutfa\u011f\u0131 i\u00e7in olsun ister modern pilav yemekleri i\u00e7in, \u00f6zellikle Dere\u2019nin baldo pirinci, kalite, \u00f6zg\u00fcnl\u00fck, dengeli ve dolgun bir lezzet anlam\u0131na gelir. Bu \u00f6zelli\u011fiyle de her mutfakta g\u00fcvenebilece\u011finiz bir pirin\u00e7tir.<\/p>\n<p data-start=\"678\" data-end=\"887\">","protected":false},"featured_media":780,"comment_status":"open","ping_status":"closed","template":"","meta":{"_acf_changed":false},"product_brand":[],"product_cat":[21],"product_tag":[],"class_list":{"0":"post-6458","1":"product","2":"type-product","3":"status-publish","4":"has-post-thumbnail","6":"product_cat-getreideprodukte","8":"first","9":"instock","10":"shipping-taxable","11":"product-type-simple"},"acf":[],"_links":{"self":[{"href":"https:\/\/derebakliyat.de\/tr\/wp-json\/wp\/v2\/product\/6458","targetHints":{"allow":["GET"]}}],"collection":[{"href":"https:\/\/derebakliyat.de\/tr\/wp-json\/wp\/v2\/product"}],"about":[{"href":"https:\/\/derebakliyat.de\/tr\/wp-json\/wp\/v2\/types\/product"}],"replies":[{"embeddable":true,"href":"https:\/\/derebakliyat.de\/tr\/wp-json\/wp\/v2\/comments?post=6458"}],"wp:featuredmedia":[{"embeddable":true,"href":"https:\/\/derebakliyat.de\/tr\/wp-json\/wp\/v2\/media\/780"}],"wp:attachment":[{"href":"https:\/\/derebakliyat.de\/tr\/wp-json\/wp\/v2\/media?parent=6458"}],"wp:term":[{"taxonomy":"product_brand","embeddable":true,"href":"https:\/\/derebakliyat.de\/tr\/wp-json\/wp\/v2\/product_brand?post=6458"},{"taxonomy":"product_cat","embeddable":true,"href":"https:\/\/derebakliyat.de\/tr\/wp-json\/wp\/v2\/product_cat?post=6458"},{"taxonomy":"product_tag","embeddable":true,"href":"https:\/\/derebakliyat.de\/tr\/wp-json\/wp\/v2\/product_tag?post=6458"}],"curies":[{"name":"wp","href":"https:\/\/api.w.org\/{rel}","templated":true}]}}