{"id":6457,"date":"2026-02-23T11:24:40","date_gmt":"2026-02-23T11:24:40","guid":{"rendered":"https:\/\/derebakliyat.de\/produkt\/reis-tosya-1000-gr\/"},"modified":"2026-03-08T09:30:10","modified_gmt":"2026-03-08T09:30:10","slug":"tosya-reis-1000-g","status":"publish","type":"product","link":"https:\/\/derebakliyat.de\/tr\/produkt\/tosya-reis-1000-g\/","title":{"rendered":"Tosya Pirin\u00e7 1000 g"},"content":{"rendered":"","protected":false},"excerpt":{"rendered":"<p data-start=\"0\" data-end=\"452\">Tosya tipi y\u00fcksek kaliteli yuvarlak taneli pirin\u00e7, \u00f6zellikle y\u00fcksek ni\u015fasta oran\u0131yla \u00f6ne \u00e7\u0131kar ve do\u011fal olarak d\u00fc\u015f\u00fck ya\u011f i\u00e7erir. Tipik bir orta taneli pirin\u00e7 olarak, pi\u015firme s\u0131ras\u0131nda ho\u015f bir kremsi k\u0131vam kazan\u0131r ve tanelerin birbirine ideal \u015fekilde ba\u011flanmas\u0131n\u0131 sa\u011flar. Bu nedenle, yumu\u015fak ve p\u00fcr\u00fczs\u00fcz bir doku istenen yemekler i\u00e7in son derece uygundur.<\/p>\n<p data-start=\"454\" data-end=\"672\">Tosya pirinci bu \u00f6zellikleri sayesinde; pilav, risotto ve s\u00fctla\u00e7 haz\u0131rlamak i\u00e7in ideal bir se\u00e7enek sunar. S\u0131v\u0131y\u0131 ve aromalar\u0131 \u00e7ok iyi i\u00e7ine \u00e7eker, dengeli ve uyumlu bir sonu\u00e7 sa\u011flar.<\/p>\n<p data-start=\"674\" data-end=\"842\" data-is-last-node=\"\" data-is-only-node=\"\">Dere'nin Tosya pirinci, klasik T\u00fcrk yemeklerinde de modern pirin\u00e7 tariflerinde de kalitesi, otantik tad\u0131 ve g\u00fcvenilir pi\u015firme sonu\u00e7lar\u0131 ile fark yarat\u0131r.<\/p>","protected":false},"featured_media":779,"comment_status":"open","ping_status":"closed","template":"","meta":{"_acf_changed":false},"product_brand":[],"product_cat":[21],"product_tag":[],"class_list":{"0":"post-6457","1":"product","2":"type-product","3":"status-publish","4":"has-post-thumbnail","6":"product_cat-getreideprodukte","8":"first","9":"instock","10":"shipping-taxable","11":"product-type-simple"},"acf":[],"_links":{"self":[{"href":"https:\/\/derebakliyat.de\/tr\/wp-json\/wp\/v2\/product\/6457","targetHints":{"allow":["GET"]}}],"collection":[{"href":"https:\/\/derebakliyat.de\/tr\/wp-json\/wp\/v2\/product"}],"about":[{"href":"https:\/\/derebakliyat.de\/tr\/wp-json\/wp\/v2\/types\/product"}],"replies":[{"embeddable":true,"href":"https:\/\/derebakliyat.de\/tr\/wp-json\/wp\/v2\/comments?post=6457"}],"wp:featuredmedia":[{"embeddable":true,"href":"https:\/\/derebakliyat.de\/tr\/wp-json\/wp\/v2\/media\/779"}],"wp:attachment":[{"href":"https:\/\/derebakliyat.de\/tr\/wp-json\/wp\/v2\/media?parent=6457"}],"wp:term":[{"taxonomy":"product_brand","embeddable":true,"href":"https:\/\/derebakliyat.de\/tr\/wp-json\/wp\/v2\/product_brand?post=6457"},{"taxonomy":"product_cat","embeddable":true,"href":"https:\/\/derebakliyat.de\/tr\/wp-json\/wp\/v2\/product_cat?post=6457"},{"taxonomy":"product_tag","embeddable":true,"href":"https:\/\/derebakliyat.de\/tr\/wp-json\/wp\/v2\/product_tag?post=6457"}],"curies":[{"name":"wp","href":"https:\/\/api.w.org\/{rel}","templated":true}]}}