{"id":6456,"date":"2026-02-23T11:24:40","date_gmt":"2026-02-23T11:24:40","guid":{"rendered":"https:\/\/derebakliyat.de\/produkt\/weizengries-grob-1000-gr\/"},"modified":"2026-03-04T14:29:08","modified_gmt":"2026-03-04T14:29:08","slug":"weizengriess-grob-1000-g","status":"publish","type":"product","link":"https:\/\/derebakliyat.de\/tr\/urun\/weizengriess-grob-1000-g\/","title":{"rendered":"Bu\u011fday \u0130rmi\u011fi (\u0130ri) 1000 g"},"content":{"rendered":"","protected":false},"excerpt":{"rendered":"<p><span style=\"font-weight: 400;\">\u0130ri taneli bu\u011fday\u0131 irmi\u011fi, mutfakta tane tane, diri bir doku ve g\u00fcvenilir sonu\u00e7lar isteyenler i\u00e7in m\u00fckemmel bir tercih. Y\u00fcksek kaliteli durum bu\u011fday\u0131ndan \u00fcretilen bu irmik, iri taneli yap\u0131s\u0131 sayesinde tariflere daha belirgin bir k\u0131vam ve ho\u015f bir \u0131s\u0131r\u0131k hissi kazand\u0131r\u0131r. Kolay haz\u0131rlanmas\u0131 sayesinde g\u00fcnl\u00fck kullan\u0131m i\u00e7in idealdir ve ayn\u0131 zamanda \u00e7ok y\u00f6nl\u00fcd\u00fcr: \u00d6zellikle irmik k\u00f6ftesi ile eri\u015fte ve di\u011fer hamur i\u015fleri i\u00e7in \u00e7ok uygundur. \u0130ster tuzlu tariflerde ister n\u00f6tr bir temel olarak kullan\u0131n; iri taneli bu\u011fday irmi\u011fi, geleneksel lezzetleri seven ve mutfakta farkl\u0131 tarifler denemek isteyenler i\u00e7in ger\u00e7ek bir mutfak klasi\u011fidir. <\/span><\/p>","protected":false},"featured_media":778,"comment_status":"open","ping_status":"closed","template":"","meta":{"_acf_changed":false},"product_brand":[],"product_cat":[21],"product_tag":[],"class_list":{"0":"post-6456","1":"product","2":"type-product","3":"status-publish","4":"has-post-thumbnail","6":"product_cat-getreideprodukte","8":"first","9":"instock","10":"shipping-taxable","11":"product-type-simple"},"acf":[],"_links":{"self":[{"href":"https:\/\/derebakliyat.de\/tr\/wp-json\/wp\/v2\/product\/6456","targetHints":{"allow":["GET"]}}],"collection":[{"href":"https:\/\/derebakliyat.de\/tr\/wp-json\/wp\/v2\/product"}],"about":[{"href":"https:\/\/derebakliyat.de\/tr\/wp-json\/wp\/v2\/types\/product"}],"replies":[{"embeddable":true,"href":"https:\/\/derebakliyat.de\/tr\/wp-json\/wp\/v2\/comments?post=6456"}],"wp:featuredmedia":[{"embeddable":true,"href":"https:\/\/derebakliyat.de\/tr\/wp-json\/wp\/v2\/media\/778"}],"wp:attachment":[{"href":"https:\/\/derebakliyat.de\/tr\/wp-json\/wp\/v2\/media?parent=6456"}],"wp:term":[{"taxonomy":"product_brand","embeddable":true,"href":"https:\/\/derebakliyat.de\/tr\/wp-json\/wp\/v2\/product_brand?post=6456"},{"taxonomy":"product_cat","embeddable":true,"href":"https:\/\/derebakliyat.de\/tr\/wp-json\/wp\/v2\/product_cat?post=6456"},{"taxonomy":"product_tag","embeddable":true,"href":"https:\/\/derebakliyat.de\/tr\/wp-json\/wp\/v2\/product_tag?post=6456"}],"curies":[{"name":"wp","href":"https:\/\/api.w.org\/{rel}","templated":true}]}}