{"id":6455,"date":"2026-02-23T11:24:40","date_gmt":"2026-02-23T11:24:40","guid":{"rendered":"https:\/\/derebakliyat.de\/produkt\/weizengries-fein-1000-gr\/"},"modified":"2026-03-08T09:02:27","modified_gmt":"2026-03-08T09:02:27","slug":"weizengriess-mittelgrob-1000-g","status":"publish","type":"product","link":"https:\/\/derebakliyat.de\/tr\/produkt\/weizengriess-mittelgrob-1000-g\/","title":{"rendered":"Bu\u011fday \u0130rmi\u011fi (\u0130nce) 1000 g"},"content":{"rendered":"","protected":false},"excerpt":{"rendered":"<p><span style=\"font-weight: 400;\">Premium kalitedeki durum bu\u011fday\u0131 irmi\u011fimiz, klasik tarifler ve modern mutfak fikirleri i\u00e7in ideal bir temel sunar. \u0130nce, orta taneli irmi\u011fimiz 0 durum bu\u011fday\u0131ndan \u00fcretilmi\u015ftir ve \u00f6zellikle dengeli, orta taneli yap\u0131s\u0131yla \u00f6ne \u00e7\u0131kar; bu da tariflerde daha stabil ve iyi k\u0131vam elde etmenizi sa\u011flar. \u0130ster geleneksel T\u00fcrk lezzetleri ister yarat\u0131c\u0131 Avrupa ve Akdeniz yemekleri olsun, bu\u011fday irmi\u011fimizi tatl\u0131 ve tuzlu olmak \u00fczere \u00e7ok y\u00f6nl\u00fc kullanabilirsiniz. \u0130rmik helvas\u0131\/irmik lapas\u0131 ve pudinglerde ho\u015f, kremams\u0131 bir doku verir; ayr\u0131ca ev yap\u0131m\u0131 makarna ve di\u011fer hamur i\u015flerinde de m\u00fckemmel sonu\u00e7 sa\u011flar. <\/span><\/p>","protected":false},"featured_media":777,"comment_status":"open","ping_status":"closed","template":"","meta":{"_acf_changed":false},"product_brand":[],"product_cat":[21],"product_tag":[],"class_list":{"0":"post-6455","1":"product","2":"type-product","3":"status-publish","4":"has-post-thumbnail","6":"product_cat-getreideprodukte","8":"first","9":"instock","10":"shipping-taxable","11":"product-type-simple"},"acf":[],"_links":{"self":[{"href":"https:\/\/derebakliyat.de\/tr\/wp-json\/wp\/v2\/product\/6455","targetHints":{"allow":["GET"]}}],"collection":[{"href":"https:\/\/derebakliyat.de\/tr\/wp-json\/wp\/v2\/product"}],"about":[{"href":"https:\/\/derebakliyat.de\/tr\/wp-json\/wp\/v2\/types\/product"}],"replies":[{"embeddable":true,"href":"https:\/\/derebakliyat.de\/tr\/wp-json\/wp\/v2\/comments?post=6455"}],"wp:featuredmedia":[{"embeddable":true,"href":"https:\/\/derebakliyat.de\/tr\/wp-json\/wp\/v2\/media\/777"}],"wp:attachment":[{"href":"https:\/\/derebakliyat.de\/tr\/wp-json\/wp\/v2\/media?parent=6455"}],"wp:term":[{"taxonomy":"product_brand","embeddable":true,"href":"https:\/\/derebakliyat.de\/tr\/wp-json\/wp\/v2\/product_brand?post=6455"},{"taxonomy":"product_cat","embeddable":true,"href":"https:\/\/derebakliyat.de\/tr\/wp-json\/wp\/v2\/product_cat?post=6455"},{"taxonomy":"product_tag","embeddable":true,"href":"https:\/\/derebakliyat.de\/tr\/wp-json\/wp\/v2\/product_tag?post=6455"}],"curies":[{"name":"wp","href":"https:\/\/api.w.org\/{rel}","templated":true}]}}