{"id":6454,"date":"2026-02-23T11:24:40","date_gmt":"2026-02-23T11:24:40","guid":{"rendered":"https:\/\/derebakliyat.de\/produkt\/maisgries-polenta-1000-gr\/"},"modified":"2026-04-07T09:09:31","modified_gmt":"2026-04-07T09:09:31","slug":"maisgries-polenta-1000-g","status":"publish","type":"product","link":"https:\/\/derebakliyat.de\/tr\/produkt\/maisgries-polenta-1000-g\/","title":{"rendered":"M\u0131s\u0131r \u0130rmi\u011fi (Polenta) 1000 g"},"content":{"rendered":"","protected":false},"excerpt":{"rendered":"<p><span style=\"font-weight: 400;\">\u00d6zellikle polenta haz\u0131rlamak i\u00e7in \u00fcretilen bu irmi\u011fimiz, m\u0131s\u0131r\u0131n \u00f6\u011f\u00fct\u00fclmesiyle elde edilen klasik bir m\u0131s\u0131r \u00fcr\u00fcn\u00fc. M\u0131s\u0131r irmi\u011fi; kabuk ve m\u0131s\u0131r \u00f6z\u00fc gibi k\u0131s\u0131mlardan olu\u015fur ve hafif, yumu\u015fak lezzetiyle mutfakta \u00e7ok y\u00f6nl\u00fc kullan\u0131m imk\u00e2n\u0131 sunar. \u0130ster kremams\u0131 bir polenta olarak, ister sebze, et veya soslu yemeklerin yan\u0131nda doyurucu bir garnit\u00fcr olarak ya da tuzlu f\u0131r\u0131n yemeklerinde temel malzeme olarak kullan\u0131n; Dere m\u0131s\u0131r irmi\u011fi kolay haz\u0131rlan\u0131r ve hem geleneksel hem de modern tarifler i\u00e7in g\u00fcvenilir bir temel sa\u011flar. Haz\u0131rlama \u015fekline g\u00f6re polenta yumu\u015fak ve k\u0131vaml\u0131 olabilir; so\u011fuduktan sonra ise dilimlenip tavada k\u0131zartmaya veya \u0131zgarada pi\u015firmeye uygun, daha s\u0131k\u0131 bir yap\u0131 kazan\u0131r. <\/span><\/p>","protected":false},"featured_media":776,"comment_status":"open","ping_status":"closed","template":"","meta":{"_acf_changed":false},"product_brand":[],"product_cat":[23],"product_tag":[],"class_list":{"0":"post-6454","1":"product","2":"type-product","3":"status-publish","4":"has-post-thumbnail","6":"product_cat-konserven-fertigprodukte","8":"first","9":"instock","10":"shipping-taxable","11":"product-type-simple"},"acf":[],"_links":{"self":[{"href":"https:\/\/derebakliyat.de\/tr\/wp-json\/wp\/v2\/product\/6454","targetHints":{"allow":["GET"]}}],"collection":[{"href":"https:\/\/derebakliyat.de\/tr\/wp-json\/wp\/v2\/product"}],"about":[{"href":"https:\/\/derebakliyat.de\/tr\/wp-json\/wp\/v2\/types\/product"}],"replies":[{"embeddable":true,"href":"https:\/\/derebakliyat.de\/tr\/wp-json\/wp\/v2\/comments?post=6454"}],"wp:featuredmedia":[{"embeddable":true,"href":"https:\/\/derebakliyat.de\/tr\/wp-json\/wp\/v2\/media\/776"}],"wp:attachment":[{"href":"https:\/\/derebakliyat.de\/tr\/wp-json\/wp\/v2\/media?parent=6454"}],"wp:term":[{"taxonomy":"product_brand","embeddable":true,"href":"https:\/\/derebakliyat.de\/tr\/wp-json\/wp\/v2\/product_brand?post=6454"},{"taxonomy":"product_cat","embeddable":true,"href":"https:\/\/derebakliyat.de\/tr\/wp-json\/wp\/v2\/product_cat?post=6454"},{"taxonomy":"product_tag","embeddable":true,"href":"https:\/\/derebakliyat.de\/tr\/wp-json\/wp\/v2\/product_tag?post=6454"}],"curies":[{"name":"wp","href":"https:\/\/api.w.org\/{rel}","templated":true}]}}