{"id":6453,"date":"2026-02-23T11:24:40","date_gmt":"2026-02-23T11:24:40","guid":{"rendered":"https:\/\/derebakliyat.de\/produkt\/maismehl-1000-gr\/"},"modified":"2026-04-07T09:11:57","modified_gmt":"2026-04-07T09:11:57","slug":"maismehl-1000-g","status":"publish","type":"product","link":"https:\/\/derebakliyat.de\/tr\/urun\/maismehl-1000-g\/","title":{"rendered":"M\u0131s\u0131r Unu 1000 g"},"content":{"rendered":"","protected":false},"excerpt":{"rendered":"<p><span style=\"font-weight: 400;\">M\u0131s\u0131r unu, \u00e7ok y\u00f6nl\u00fc mutfak kullan\u0131m\u0131 i\u00e7in kaliteli bir temel \u00fcr\u00fcn. 0 saf m\u0131s\u0131rdan \u00fcretilen ve en y\u00fcksek kalite standartlar\u0131nda i\u015flenen Dere M\u0131s\u0131r Unu; g\u00fcvenilir sonu\u00e7lar\u0131 ve ho\u015f, yumu\u015fak lezzetiyle \u00f6ne \u00e7\u0131kar. \u0130nce \u00f6\u011f\u00fct\u00fclm\u00fc\u015f yap\u0131s\u0131 sayesinde kolayca i\u015flenir ve tariflerde homojen, dengeli bir k\u0131vam sa\u011flar. Bu \u00f6zelli\u011fiyle hamur i\u015flerinde, \u00e7orbalar\u0131 ba\u011flay\u0131p lezzetini art\u0131rmada ve polenta haz\u0131rlamada idealdir. \u0130ster tatl\u0131 ister tuzlu tariflerde kullan\u0131n; bu m\u0131s\u0131r unu, her mutfakta bulunmas\u0131 gereken pratik bir \u201cjoker\u201d malzemedir. <\/span><\/p>","protected":false},"featured_media":775,"comment_status":"open","ping_status":"closed","template":"","meta":{"_acf_changed":false},"product_brand":[],"product_cat":[21],"product_tag":[],"class_list":{"0":"post-6453","1":"product","2":"type-product","3":"status-publish","4":"has-post-thumbnail","6":"product_cat-getreideprodukte","8":"first","9":"instock","10":"shipping-taxable","11":"product-type-simple"},"acf":[],"_links":{"self":[{"href":"https:\/\/derebakliyat.de\/tr\/wp-json\/wp\/v2\/product\/6453","targetHints":{"allow":["GET"]}}],"collection":[{"href":"https:\/\/derebakliyat.de\/tr\/wp-json\/wp\/v2\/product"}],"about":[{"href":"https:\/\/derebakliyat.de\/tr\/wp-json\/wp\/v2\/types\/product"}],"replies":[{"embeddable":true,"href":"https:\/\/derebakliyat.de\/tr\/wp-json\/wp\/v2\/comments?post=6453"}],"wp:featuredmedia":[{"embeddable":true,"href":"https:\/\/derebakliyat.de\/tr\/wp-json\/wp\/v2\/media\/775"}],"wp:attachment":[{"href":"https:\/\/derebakliyat.de\/tr\/wp-json\/wp\/v2\/media?parent=6453"}],"wp:term":[{"taxonomy":"product_brand","embeddable":true,"href":"https:\/\/derebakliyat.de\/tr\/wp-json\/wp\/v2\/product_brand?post=6453"},{"taxonomy":"product_cat","embeddable":true,"href":"https:\/\/derebakliyat.de\/tr\/wp-json\/wp\/v2\/product_cat?post=6453"},{"taxonomy":"product_tag","embeddable":true,"href":"https:\/\/derebakliyat.de\/tr\/wp-json\/wp\/v2\/product_tag?post=6453"}],"curies":[{"name":"wp","href":"https:\/\/api.w.org\/{rel}","templated":true}]}}