{"id":6452,"date":"2026-02-23T11:24:40","date_gmt":"2026-02-23T11:24:40","guid":{"rendered":"https:\/\/derebakliyat.de\/produkt\/kidneybohnen-500-gr\/"},"modified":"2026-03-04T14:28:44","modified_gmt":"2026-03-04T14:28:44","slug":"getrocknete-kidneybohnen-500-g","status":"publish","type":"product","link":"https:\/\/derebakliyat.de\/tr\/produkt\/getrocknete-kidneybohnen-500-g\/","title":{"rendered":"K\u0131rm\u0131z\u0131 Fasulye 500 g"},"content":{"rendered":"","protected":false},"excerpt":{"rendered":"<p><span style=\"font-weight: 400;\">K\u0131rm\u0131z\u0131 fasulye, yo\u011fun aromal\u0131 ve ho\u015f, diri bir k\u0131vama sahip fasulye taneleri aras\u0131nda gelir. G\u00fcve\u00e7, \u00e7orba ve tencere yemekleri gibi doyurucu tariflere m\u00fckemmel uyum sa\u011flar; salatalarda da ise \u00e7ok iyi sonu\u00e7 verir. Sa\u011flam tane yap\u0131s\u0131 sayesinde pi\u015ferken formunu korur, baharatlar\u0131 ve soslar\u0131 \u00f6zellikle iyi i\u00e7ine \u00e7eker. Dere k\u0131rm\u0131z\u0131 kuru fasulye ile, farkl\u0131 tariflerde rahatl\u0131kla kullanabilece\u011finiz, doyurucu ve dolgun lezzetli bir sonu\u00e7 elde edebilirsiniz.<\/span><\/p>\n<p><b>En iyi sonu\u00e7 i\u00e7in:<\/b><span style=\"font-weight: 400;\"> Kuru k\u0131rm\u0131z\u0131 fasulye tanelerini pi\u015firmeden \u00f6nce y\u0131kay\u0131n ve istedi\u011finiz pi\u015firme s\u00fcresine g\u00f6re birka\u00e7 saat suda bekletin. Ard\u0131ndan taze suda pi\u015firin.<\/span><\/p>","protected":false},"featured_media":774,"comment_status":"open","ping_status":"closed","template":"","meta":{"_acf_changed":false},"product_brand":[],"product_cat":[22],"product_tag":[],"class_list":{"0":"post-6452","1":"product","2":"type-product","3":"status-publish","4":"has-post-thumbnail","6":"product_cat-hulsenfruchte","8":"first","9":"instock","10":"shipping-taxable","11":"product-type-simple"},"acf":[],"_links":{"self":[{"href":"https:\/\/derebakliyat.de\/tr\/wp-json\/wp\/v2\/product\/6452","targetHints":{"allow":["GET"]}}],"collection":[{"href":"https:\/\/derebakliyat.de\/tr\/wp-json\/wp\/v2\/product"}],"about":[{"href":"https:\/\/derebakliyat.de\/tr\/wp-json\/wp\/v2\/types\/product"}],"replies":[{"embeddable":true,"href":"https:\/\/derebakliyat.de\/tr\/wp-json\/wp\/v2\/comments?post=6452"}],"wp:featuredmedia":[{"embeddable":true,"href":"https:\/\/derebakliyat.de\/tr\/wp-json\/wp\/v2\/media\/774"}],"wp:attachment":[{"href":"https:\/\/derebakliyat.de\/tr\/wp-json\/wp\/v2\/media?parent=6452"}],"wp:term":[{"taxonomy":"product_brand","embeddable":true,"href":"https:\/\/derebakliyat.de\/tr\/wp-json\/wp\/v2\/product_brand?post=6452"},{"taxonomy":"product_cat","embeddable":true,"href":"https:\/\/derebakliyat.de\/tr\/wp-json\/wp\/v2\/product_cat?post=6452"},{"taxonomy":"product_tag","embeddable":true,"href":"https:\/\/derebakliyat.de\/tr\/wp-json\/wp\/v2\/product_tag?post=6452"}],"curies":[{"name":"wp","href":"https:\/\/api.w.org\/{rel}","templated":true}]}}