{"id":6451,"date":"2026-02-23T11:24:40","date_gmt":"2026-02-23T11:24:40","guid":{"rendered":"https:\/\/derebakliyat.de\/produkt\/wachtelbohne-500-gr\/"},"modified":"2026-03-04T14:28:38","modified_gmt":"2026-03-04T14:28:38","slug":"getrocknete-wachtelbohnen-500-g","status":"publish","type":"product","link":"https:\/\/derebakliyat.de\/tr\/urun\/getrocknete-wachtelbohnen-500-g\/","title":{"rendered":"Barbunya 500 g"},"content":{"rendered":"","protected":false},"excerpt":{"rendered":"<p><span style=\"font-weight: 400;\">Barbunya, aromatik ve ho\u015f, kremams\u0131 k\u0131vaml\u0131 bir bakliyat t\u00fcr\u00fcd\u00fcr. Fasulye salatalar\u0131, g\u00fcve\u00e7ler, \u00e7orbalar veya klasik sulu yemekler gibi Akdeniz ve Levant mutfa\u011f\u0131 tarifleri i\u00e7in idealdir ve pi\u015firme s\u0131ras\u0131nda g\u00fczel bir dokuyu korur. Dengeli yap\u0131s\u0131 sayesinde baharatlar\u0131 ve soslar\u0131 \u00f6zellikle iyi \u00e7eker. Dere, \u00f6zenle se\u00e7ilmi\u015f, iyi temizlenmi\u015f ve nazik\u00e7e ay\u0131klanm\u0131\u015f barbunya taneleriyle dolgun bir lezzet deneyimi sunar.<\/span><\/p>\n<p>&nbsp;<\/p>\n<p><span style=\"font-weight: 400;\"><strong>En iyi sonu\u00e7 i\u00e7in:<\/strong> Barbunya tanelerini pi\u015firmeden \u00f6nce y\u0131kay\u0131n ve istedi\u011finiz pi\u015firme s\u00fcresine ba\u011fl\u0131 olarak birka\u00e7 saat suda bekletin.<\/span><\/p>","protected":false},"featured_media":809,"comment_status":"open","ping_status":"closed","template":"","meta":{"_acf_changed":false},"product_brand":[],"product_cat":[22],"product_tag":[],"class_list":{"0":"post-6451","1":"product","2":"type-product","3":"status-publish","4":"has-post-thumbnail","6":"product_cat-hulsenfruchte","8":"first","9":"instock","10":"shipping-taxable","11":"product-type-simple"},"acf":[],"_links":{"self":[{"href":"https:\/\/derebakliyat.de\/tr\/wp-json\/wp\/v2\/product\/6451","targetHints":{"allow":["GET"]}}],"collection":[{"href":"https:\/\/derebakliyat.de\/tr\/wp-json\/wp\/v2\/product"}],"about":[{"href":"https:\/\/derebakliyat.de\/tr\/wp-json\/wp\/v2\/types\/product"}],"replies":[{"embeddable":true,"href":"https:\/\/derebakliyat.de\/tr\/wp-json\/wp\/v2\/comments?post=6451"}],"wp:featuredmedia":[{"embeddable":true,"href":"https:\/\/derebakliyat.de\/tr\/wp-json\/wp\/v2\/media\/809"}],"wp:attachment":[{"href":"https:\/\/derebakliyat.de\/tr\/wp-json\/wp\/v2\/media?parent=6451"}],"wp:term":[{"taxonomy":"product_brand","embeddable":true,"href":"https:\/\/derebakliyat.de\/tr\/wp-json\/wp\/v2\/product_brand?post=6451"},{"taxonomy":"product_cat","embeddable":true,"href":"https:\/\/derebakliyat.de\/tr\/wp-json\/wp\/v2\/product_cat?post=6451"},{"taxonomy":"product_tag","embeddable":true,"href":"https:\/\/derebakliyat.de\/tr\/wp-json\/wp\/v2\/product_tag?post=6451"}],"curies":[{"name":"wp","href":"https:\/\/api.w.org\/{rel}","templated":true}]}}