{"id":6449,"date":"2026-02-23T11:24:40","date_gmt":"2026-02-23T11:24:40","guid":{"rendered":"https:\/\/derebakliyat.de\/produkt\/geschalter-weizen-500-gr\/"},"modified":"2026-03-08T08:58:32","modified_gmt":"2026-03-08T08:58:32","slug":"geschaelter-aschura-weizen-500-g","status":"publish","type":"product","link":"https:\/\/derebakliyat.de\/tr\/urun\/geschaelter-aschura-weizen-500-g\/","title":{"rendered":"A\u015furelik Bu\u011fday 500 g"},"content":{"rendered":"","protected":false},"excerpt":{"rendered":"<p><span style=\"font-weight: 400;\">A\u015furelik bu\u011fday, a\u015fure ba\u015fta olmak \u00fczere ke\u015fkek, \u00e7orba ve salatalarda kullan\u0131lan kabuklar\u0131 soyulmu\u015f tam taneli bu\u011fdayd\u0131r. Markam\u0131z\u0131n \u00fcr\u00fcnleri pi\u015fince tane tane kalan bu\u011fday taneleri aras\u0131ndan se\u00e7ilmi\u015ftir. Bu bu\u011fday taneleri, iyi temizlenmi\u015f ve \u00f6zenle ay\u0131klanm\u0131\u015f yap\u0131s\u0131 sayesinde pi\u015firme s\u0131ras\u0131nda dengeli bir k\u0131vam verir, yeme\u011fin dokusunu g\u00fc\u00e7lendirir ve doyuruculu\u011funu art\u0131r\u0131r. Do\u011fal aromas\u0131yla hem tatl\u0131 hem de tuzlu tariflerde rahatl\u0131kla kullan\u0131labilir.<\/span><\/p>\n<p><b>En iyi sonu\u00e7 i\u00e7in:<\/b><span style=\"font-weight: 400;\"> Pratik kullan\u0131m i\u00e7in pi\u015firmeden \u00f6nce y\u0131kaman\u0131z ve suda bekletmeniz gerekir. Bu \u015fekilde daha h\u0131zl\u0131 ve e\u015fit \u015fekilde pi\u015fmesini sa\u011flam\u0131\u015f olursunuz.<\/span><\/p>","protected":false},"featured_media":807,"comment_status":"open","ping_status":"closed","template":"","meta":{"_acf_changed":false},"product_brand":[],"product_cat":[21],"product_tag":[],"class_list":{"0":"post-6449","1":"product","2":"type-product","3":"status-publish","4":"has-post-thumbnail","6":"product_cat-getreideprodukte","8":"first","9":"instock","10":"shipping-taxable","11":"product-type-simple"},"acf":[],"_links":{"self":[{"href":"https:\/\/derebakliyat.de\/tr\/wp-json\/wp\/v2\/product\/6449","targetHints":{"allow":["GET"]}}],"collection":[{"href":"https:\/\/derebakliyat.de\/tr\/wp-json\/wp\/v2\/product"}],"about":[{"href":"https:\/\/derebakliyat.de\/tr\/wp-json\/wp\/v2\/types\/product"}],"replies":[{"embeddable":true,"href":"https:\/\/derebakliyat.de\/tr\/wp-json\/wp\/v2\/comments?post=6449"}],"wp:featuredmedia":[{"embeddable":true,"href":"https:\/\/derebakliyat.de\/tr\/wp-json\/wp\/v2\/media\/807"}],"wp:attachment":[{"href":"https:\/\/derebakliyat.de\/tr\/wp-json\/wp\/v2\/media?parent=6449"}],"wp:term":[{"taxonomy":"product_brand","embeddable":true,"href":"https:\/\/derebakliyat.de\/tr\/wp-json\/wp\/v2\/product_brand?post=6449"},{"taxonomy":"product_cat","embeddable":true,"href":"https:\/\/derebakliyat.de\/tr\/wp-json\/wp\/v2\/product_cat?post=6449"},{"taxonomy":"product_tag","embeddable":true,"href":"https:\/\/derebakliyat.de\/tr\/wp-json\/wp\/v2\/product_tag?post=6449"}],"curies":[{"name":"wp","href":"https:\/\/api.w.org\/{rel}","templated":true}]}}