{"id":6446,"date":"2026-02-23T11:24:40","date_gmt":"2026-02-23T11:24:40","guid":{"rendered":"https:\/\/derebakliyat.de\/produkt\/weizengrutze-fein-500-gr\/"},"modified":"2026-03-08T09:15:34","modified_gmt":"2026-03-08T09:15:34","slug":"weizengrutze-fein-500-g","status":"publish","type":"product","link":"https:\/\/derebakliyat.de\/tr\/urun\/weizengrutze-fein-500-g\/","title":{"rendered":"K\u00f6ftelik Bulgur 500 g"},"content":{"rendered":"","protected":false},"excerpt":{"rendered":"<p><span style=\"font-weight: 400;\">K\u00f6ftelik ince bulgur, k\u0131s\u0131r ve k\u00f6fte gibi geleneksel yemekleri ideal dokuda haz\u0131rlamak isteyenler i\u00e7in m\u00fckemmel bir tercih. Kaliteli durum bu\u011fday\u0131ndan \u00fcretilen ince taneli yap\u0131s\u0131; baharatlar\u0131, otlar\u0131 ve soslar\u0131 \u00e7ok iyi bir \u015fekilde i\u00e7ine \u00e7eker ve b\u00f6ylece yo\u011fun, dengeli bir lezzet sa\u011flar.<\/span><\/p>\n<p><span style=\"font-weight: 400;\">Lif, bitkisel protein ile \u00f6nemli mineral ve vitaminler a\u00e7\u0131s\u0131ndan do\u011fal bir kaynak oldu\u011fundan, bilin\u00e7li beslenmeye de \u00e7ok iyi uyum sa\u011flar. \u00dcstelik haz\u0131rlamas\u0131 pratiktir: \u0130nce yap\u0131s\u0131 sayesinde h\u0131zl\u0131ca yumu\u015far ve salatalarda, i\u00e7 har\u00e7larda ya da doyurucu garnit\u00fcrlerde g\u00fcvenilir \u015fekilde iyi sonu\u00e7 verir.<\/span><\/p>","protected":false},"featured_media":804,"comment_status":"open","ping_status":"closed","template":"","meta":{"_acf_changed":false},"product_brand":[],"product_cat":[21],"product_tag":[],"class_list":{"0":"post-6446","1":"product","2":"type-product","3":"status-publish","4":"has-post-thumbnail","6":"product_cat-getreideprodukte","8":"first","9":"instock","10":"shipping-taxable","11":"product-type-simple"},"acf":[],"_links":{"self":[{"href":"https:\/\/derebakliyat.de\/tr\/wp-json\/wp\/v2\/product\/6446","targetHints":{"allow":["GET"]}}],"collection":[{"href":"https:\/\/derebakliyat.de\/tr\/wp-json\/wp\/v2\/product"}],"about":[{"href":"https:\/\/derebakliyat.de\/tr\/wp-json\/wp\/v2\/types\/product"}],"replies":[{"embeddable":true,"href":"https:\/\/derebakliyat.de\/tr\/wp-json\/wp\/v2\/comments?post=6446"}],"wp:featuredmedia":[{"embeddable":true,"href":"https:\/\/derebakliyat.de\/tr\/wp-json\/wp\/v2\/media\/804"}],"wp:attachment":[{"href":"https:\/\/derebakliyat.de\/tr\/wp-json\/wp\/v2\/media?parent=6446"}],"wp:term":[{"taxonomy":"product_brand","embeddable":true,"href":"https:\/\/derebakliyat.de\/tr\/wp-json\/wp\/v2\/product_brand?post=6446"},{"taxonomy":"product_cat","embeddable":true,"href":"https:\/\/derebakliyat.de\/tr\/wp-json\/wp\/v2\/product_cat?post=6446"},{"taxonomy":"product_tag","embeddable":true,"href":"https:\/\/derebakliyat.de\/tr\/wp-json\/wp\/v2\/product_tag?post=6446"}],"curies":[{"name":"wp","href":"https:\/\/api.w.org\/{rel}","templated":true}]}}