{"id":6445,"date":"2026-02-23T11:24:40","date_gmt":"2026-02-23T11:24:40","guid":{"rendered":"https:\/\/derebakliyat.de\/produkt\/weizengrutze-grob-500-gr\/"},"modified":"2026-03-08T09:21:25","modified_gmt":"2026-03-08T09:21:25","slug":"weizengrutze-grob-500-g","status":"publish","type":"product","link":"https:\/\/derebakliyat.de\/tr\/produkt\/weizengrutze-grob-500-g\/","title":{"rendered":"Pilavl\u0131k Bulgur 500 g"},"content":{"rendered":"","protected":false},"excerpt":{"rendered":"<p><span style=\"font-weight: 400;\">\u0130ri taneli bulgurumuz, tane tane bir doku ve diri bir k\u0131vam isteyen pilav tarifleri i\u00e7in ideal bir temel \u00fcr\u00fcn. Daha iri tane yap\u0131s\u0131 sayesinde pi\u015ferken formunu korur; et suyunu, tereya\u011f\u0131n\u0131 veya ya\u011f\u0131 e\u015fit \u015fekilde i\u00e7ine \u00e7eker ve b\u00f6ylece dengeli, dolgun bir aroma geli\u015ftirir. Et ve sebze yemeklerinin yan\u0131nda klasik bir garnit\u00fcr olarak, sulu yemeklerin i\u00e7inde ya da tavada haz\u0131rlanan doyurucu tariflerde kullan\u0131labilir. Dere\u2019nin sundu\u011fu pilavl\u0131k bulgur ile hem tok tutan hem de \u00e7ok y\u00f6nl\u00fc bir se\u00e7ene\u011fe sahip olacaks\u0131n\u0131z.<\/span><\/p>\n<p><b>En iyi sonu\u00e7 i\u00e7in:<\/b><span style=\"font-weight: 400;\"> Bulguru pi\u015firmeden \u00f6nce k\u0131sa s\u00fcre y\u0131kay\u0131n. Ard\u0131ndan pilav gibi haz\u0131rlay\u0131n: Az miktarda ya\u011f veya tereya\u011f\u0131nda hafif\u00e7e kavurun, su ya da et suyu ekleyin ve k\u0131s\u0131k ate\u015fte suyunu \u00e7ekip pi\u015fene kadar dinlendirerek pi\u015firin.<\/span><\/p>","protected":false},"featured_media":803,"comment_status":"open","ping_status":"closed","template":"","meta":{"_acf_changed":false},"product_brand":[],"product_cat":[21],"product_tag":[],"class_list":{"0":"post-6445","1":"product","2":"type-product","3":"status-publish","4":"has-post-thumbnail","6":"product_cat-getreideprodukte","8":"first","9":"instock","10":"shipping-taxable","11":"product-type-simple"},"acf":[],"_links":{"self":[{"href":"https:\/\/derebakliyat.de\/tr\/wp-json\/wp\/v2\/product\/6445","targetHints":{"allow":["GET"]}}],"collection":[{"href":"https:\/\/derebakliyat.de\/tr\/wp-json\/wp\/v2\/product"}],"about":[{"href":"https:\/\/derebakliyat.de\/tr\/wp-json\/wp\/v2\/types\/product"}],"replies":[{"embeddable":true,"href":"https:\/\/derebakliyat.de\/tr\/wp-json\/wp\/v2\/comments?post=6445"}],"wp:featuredmedia":[{"embeddable":true,"href":"https:\/\/derebakliyat.de\/tr\/wp-json\/wp\/v2\/media\/803"}],"wp:attachment":[{"href":"https:\/\/derebakliyat.de\/tr\/wp-json\/wp\/v2\/media?parent=6445"}],"wp:term":[{"taxonomy":"product_brand","embeddable":true,"href":"https:\/\/derebakliyat.de\/tr\/wp-json\/wp\/v2\/product_brand?post=6445"},{"taxonomy":"product_cat","embeddable":true,"href":"https:\/\/derebakliyat.de\/tr\/wp-json\/wp\/v2\/product_cat?post=6445"},{"taxonomy":"product_tag","embeddable":true,"href":"https:\/\/derebakliyat.de\/tr\/wp-json\/wp\/v2\/product_tag?post=6445"}],"curies":[{"name":"wp","href":"https:\/\/api.w.org\/{rel}","templated":true}]}}