{"id":6443,"date":"2026-02-23T11:24:39","date_gmt":"2026-02-23T11:24:39","guid":{"rendered":"https:\/\/derebakliyat.de\/produkt\/rote-linsen-500-gr\/"},"modified":"2026-03-08T09:14:02","modified_gmt":"2026-03-08T09:14:02","slug":"rote-linsen-500-g","status":"publish","type":"product","link":"https:\/\/derebakliyat.de\/tr\/urun\/rote-linsen-500-g\/","title":{"rendered":"K\u0131rm\u0131z\u0131 Futbol Mercimek 500 g"},"content":{"rendered":"","protected":false},"excerpt":{"rendered":"<p><span style=\"font-weight: 400;\">K\u0131rm\u0131z\u0131 futbol mercimek, kabuklu k\u0131rm\u0131z\u0131 mercime\u011fin d\u0131\u015f kabu\u011fu soyulduktan sonra i\u00e7 tanesinin pamuk ya\u011f\u0131 ile \u00e7ok hafif ya\u011flan\u0131p parlat\u0131lmas\u0131yla elde edilen, k\u00fc\u00e7\u00fck ve yuvarlak taneli \u00f6zel bir mercimek \u00e7e\u015fididir. \u0130nce yap\u0131s\u0131 sayesinde \u00e7abuk yumu\u015far ve h\u0131zl\u0131 pi\u015fer; hafif tad\u0131 ile \u00f6zellikle \u00e7orbalar, soslar ve p\u00fcrelerde p\u00fcr\u00fczs\u00fcz bir k\u0131vam yakalaman\u0131za yard\u0131mc\u0131 olur. Salatalarda ise hem doyuruculuk hem de dengeli bir doku sa\u011flar. Y\u00fcksek lif ve protein i\u00e7eri\u011finin yan\u0131 s\u0131ra mineral a\u00e7\u0131s\u0131ndan zengin olan k\u0131rm\u0131z\u0131 futbol mercimek, gl\u00fctensiz yap\u0131s\u0131yla da g\u00fcnl\u00fck beslenmede pratik ve g\u00fc\u00e7l\u00fc bir alternatiftir. Bu lezzeti Dere fark\u0131yla mutlaka deneyin.<\/span><\/p>\n<p><b>En iyi sonu\u00e7 i\u00e7in:<\/b><span style=\"font-weight: 400;\"> Pi\u015firmeden \u00f6nce mercime\u011fi k\u0131sa s\u00fcre y\u0131kay\u0131p s\u00fczmeniz yeterlidir; ard\u0131ndan do\u011frudan pi\u015firebilirsiniz.<\/span><\/p>","protected":false},"featured_media":801,"comment_status":"open","ping_status":"closed","template":"","meta":{"_acf_changed":false},"product_brand":[],"product_cat":[22],"product_tag":[],"class_list":{"0":"post-6443","1":"product","2":"type-product","3":"status-publish","4":"has-post-thumbnail","6":"product_cat-hulsenfruchte","8":"first","9":"instock","10":"shipping-taxable","11":"product-type-simple"},"acf":[],"_links":{"self":[{"href":"https:\/\/derebakliyat.de\/tr\/wp-json\/wp\/v2\/product\/6443","targetHints":{"allow":["GET"]}}],"collection":[{"href":"https:\/\/derebakliyat.de\/tr\/wp-json\/wp\/v2\/product"}],"about":[{"href":"https:\/\/derebakliyat.de\/tr\/wp-json\/wp\/v2\/types\/product"}],"replies":[{"embeddable":true,"href":"https:\/\/derebakliyat.de\/tr\/wp-json\/wp\/v2\/comments?post=6443"}],"wp:featuredmedia":[{"embeddable":true,"href":"https:\/\/derebakliyat.de\/tr\/wp-json\/wp\/v2\/media\/801"}],"wp:attachment":[{"href":"https:\/\/derebakliyat.de\/tr\/wp-json\/wp\/v2\/media?parent=6443"}],"wp:term":[{"taxonomy":"product_brand","embeddable":true,"href":"https:\/\/derebakliyat.de\/tr\/wp-json\/wp\/v2\/product_brand?post=6443"},{"taxonomy":"product_cat","embeddable":true,"href":"https:\/\/derebakliyat.de\/tr\/wp-json\/wp\/v2\/product_cat?post=6443"},{"taxonomy":"product_tag","embeddable":true,"href":"https:\/\/derebakliyat.de\/tr\/wp-json\/wp\/v2\/product_tag?post=6443"}],"curies":[{"name":"wp","href":"https:\/\/api.w.org\/{rel}","templated":true}]}}