{"id":6440,"date":"2026-02-23T11:24:39","date_gmt":"2026-02-23T11:24:39","guid":{"rendered":"https:\/\/derebakliyat.de\/produkt\/kichererbsen-9-mm-2500-gr\/"},"modified":"2026-03-04T14:30:24","modified_gmt":"2026-03-04T14:30:24","slug":"getrocknete-kocbasi-kichererbsen-9-mm-2500-g","status":"publish","type":"product","link":"https:\/\/derebakliyat.de\/tr\/urun\/getrocknete-kocbasi-kichererbsen-9-mm-2500-g\/","title":{"rendered":"Ko\u00e7ba\u015f\u0131 Nohut (9 mm) 2500 g"},"content":{"rendered":"","protected":false},"excerpt":{"rendered":"<p><span style=\"font-weight: 400;\">Bu nohut \u00fcr\u00fcn\u00fc iri taneli, k\u00f6\u015feli ve ko\u00e7 ba\u015f\u0131na benzeyen yap\u0131s\u0131ndan dolay\u0131 T\u00fcrkiyede Ko\u00e7ba\u015f\u0131 Nohut olarak tan\u0131nan, olduk\u00e7a besleyici ve lezzetli bir nohut t\u00fcr\u00fcd\u00fcr. \u0130nce kabuklu yap\u0131s\u0131 sayesinde kolay pi\u015fen, kabuk b\u0131rakmayan ve protein ile lif a\u00e7\u0131s\u0131ndan zengin bir \"l\u00fcks\" bakliyat olarak bilinir. Etli nohut yeme\u011fi, humus, salata ve \u00e7orbalar i\u00e7in ideal bir nohut ar\u0131yorsan\u0131z markam\u0131z\u0131n bu nohut \u00fcr\u00fcn\u00fcn\u00fc mutlaka deneyin.<\/span><\/p>\n<p><b>En iyi sonu\u00e7 i\u00e7in:<\/b><span style=\"font-weight: 400;\"> Genellikle en iyi sonucu almak i\u00e7in pi\u015firmeden \u00f6nce yakla\u015f\u0131k 8 saat kadar suda bekletilmesi tavsiye edilir.<\/span><\/p>","protected":false},"featured_media":794,"comment_status":"open","ping_status":"closed","template":"","meta":{"_acf_changed":false},"product_brand":[],"product_cat":[22],"product_tag":[],"class_list":{"0":"post-6440","1":"product","2":"type-product","3":"status-publish","4":"has-post-thumbnail","6":"product_cat-hulsenfruchte","8":"first","9":"instock","10":"shipping-taxable","11":"product-type-simple"},"acf":[],"_links":{"self":[{"href":"https:\/\/derebakliyat.de\/tr\/wp-json\/wp\/v2\/product\/6440","targetHints":{"allow":["GET"]}}],"collection":[{"href":"https:\/\/derebakliyat.de\/tr\/wp-json\/wp\/v2\/product"}],"about":[{"href":"https:\/\/derebakliyat.de\/tr\/wp-json\/wp\/v2\/types\/product"}],"replies":[{"embeddable":true,"href":"https:\/\/derebakliyat.de\/tr\/wp-json\/wp\/v2\/comments?post=6440"}],"wp:featuredmedia":[{"embeddable":true,"href":"https:\/\/derebakliyat.de\/tr\/wp-json\/wp\/v2\/media\/794"}],"wp:attachment":[{"href":"https:\/\/derebakliyat.de\/tr\/wp-json\/wp\/v2\/media?parent=6440"}],"wp:term":[{"taxonomy":"product_brand","embeddable":true,"href":"https:\/\/derebakliyat.de\/tr\/wp-json\/wp\/v2\/product_brand?post=6440"},{"taxonomy":"product_cat","embeddable":true,"href":"https:\/\/derebakliyat.de\/tr\/wp-json\/wp\/v2\/product_cat?post=6440"},{"taxonomy":"product_tag","embeddable":true,"href":"https:\/\/derebakliyat.de\/tr\/wp-json\/wp\/v2\/product_tag?post=6440"}],"curies":[{"name":"wp","href":"https:\/\/api.w.org\/{rel}","templated":true}]}}