{"id":6437,"date":"2026-02-23T11:24:39","date_gmt":"2026-02-23T11:24:39","guid":{"rendered":"https:\/\/derebakliyat.de\/produkt\/dermason-weisse-bohnen-9-mm-5000-gr\/"},"modified":"2026-03-04T14:30:10","modified_gmt":"2026-03-04T14:30:10","slug":"getrocknete-weisse-dermason-bohnen-9-mm-5000-g","status":"publish","type":"product","link":"https:\/\/derebakliyat.de\/tr\/urun\/getrocknete-weisse-dermason-bohnen-9-mm-5000-g\/","title":{"rendered":"Dermason Fasulye (9 mm) 5000 g"},"content":{"rendered":"","protected":false},"excerpt":{"rendered":"<p><span style=\"font-weight: 400;\">Dermason fasulye, T\u00fcrkiye\u2019nin beyaz fasulyeleri aras\u0131nda sevilen, iri taneli ve sevilen bir kuru fasulye \u00e7e\u015fididir. Taneleri beyaz, yass\u0131-oval ve ho\u015f bir b\u00fcy\u00fckl\u00fcktedir. Kuru haldeyken bile homojen ve kaliteli yap\u0131s\u0131 hemen fark edilir. Pi\u015firildikten sonra bu \u00f6zellikleri daha bir \u00f6ne \u00e7\u0131kar: formunu korur, dokusu p\u00fcr\u00fczs\u00fczd\u00fcr ve hafif f\u0131nd\u0131ks\u0131, yumu\u015fak bir tada sahiptir. \u0130nce kabu\u011fu sayesinde Dermason fasulye, nispeten h\u0131zl\u0131 yumu\u015fumas\u0131yla ve pi\u015ferken neredeyse hi\u00e7 \u201ckabuk art\u0131\u011f\u0131\u201d b\u0131rakmamas\u0131yla bilinir. Y\u00fcksek protein ve lif i\u00e7eri\u011fiyle doyurucu ve dengeli \u00f6\u011f\u00fcnler i\u00e7in g\u00fc\u00e7l\u00fc bir temel sunar. Bu \u00f6zellikleri sayesinde g\u00fcve\u00e7 ve tencere yemekleri, \u00e7orbalar, salatalar ve p\u00fcreler i\u00e7in idealdir. <\/span><\/p>","protected":false},"featured_media":797,"comment_status":"open","ping_status":"closed","template":"","meta":{"_acf_changed":false},"product_brand":[],"product_cat":[22],"product_tag":[],"class_list":{"0":"post-6437","1":"product","2":"type-product","3":"status-publish","4":"has-post-thumbnail","6":"product_cat-hulsenfruchte","8":"first","9":"instock","10":"shipping-taxable","11":"product-type-simple"},"acf":[],"_links":{"self":[{"href":"https:\/\/derebakliyat.de\/tr\/wp-json\/wp\/v2\/product\/6437","targetHints":{"allow":["GET"]}}],"collection":[{"href":"https:\/\/derebakliyat.de\/tr\/wp-json\/wp\/v2\/product"}],"about":[{"href":"https:\/\/derebakliyat.de\/tr\/wp-json\/wp\/v2\/types\/product"}],"replies":[{"embeddable":true,"href":"https:\/\/derebakliyat.de\/tr\/wp-json\/wp\/v2\/comments?post=6437"}],"wp:featuredmedia":[{"embeddable":true,"href":"https:\/\/derebakliyat.de\/tr\/wp-json\/wp\/v2\/media\/797"}],"wp:attachment":[{"href":"https:\/\/derebakliyat.de\/tr\/wp-json\/wp\/v2\/media?parent=6437"}],"wp:term":[{"taxonomy":"product_brand","embeddable":true,"href":"https:\/\/derebakliyat.de\/tr\/wp-json\/wp\/v2\/product_brand?post=6437"},{"taxonomy":"product_cat","embeddable":true,"href":"https:\/\/derebakliyat.de\/tr\/wp-json\/wp\/v2\/product_cat?post=6437"},{"taxonomy":"product_tag","embeddable":true,"href":"https:\/\/derebakliyat.de\/tr\/wp-json\/wp\/v2\/product_tag?post=6437"}],"curies":[{"name":"wp","href":"https:\/\/api.w.org\/{rel}","templated":true}]}}