{"id":6435,"date":"2026-02-23T11:24:39","date_gmt":"2026-02-23T11:24:39","guid":{"rendered":"https:\/\/derebakliyat.de\/produkt\/weisse-bohnen-5000-gr\/"},"modified":"2026-03-04T14:29:55","modified_gmt":"2026-03-04T14:29:55","slug":"getrocknete-weisse-cali-bohnen-5000-g","status":"publish","type":"product","link":"https:\/\/derebakliyat.de\/tr\/urun\/getrocknete-weisse-cali-bohnen-5000-g\/","title":{"rendered":"\u00c7al\u0131 Fasulye 5000 g"},"content":{"rendered":"","protected":false},"excerpt":{"rendered":"<p><span style=\"font-weight: 400;\">\u00c7al\u0131 fasulyesi, Akdeniz mutfa\u011f\u0131nda hem hafifli\u011fi hem de \u00e7ok y\u00f6nl\u00fc kullan\u0131m\u0131yla \u00f6ne \u00e7\u0131kan, sofralar\u0131n sevilen bakliyatlar\u0131ndan biridir. Dere \u00c7al\u0131 Fasulyesi; klasik kuru fasulye yemeklerinde lezzetli bir alternatif sunarken, pilaki ve g\u00fcve\u00e7 gibi zeytinya\u011fl\u0131 ve sulu tariflere de rahatl\u0131kla uyum sa\u011flar. Salatalarda kullan\u0131ld\u0131\u011f\u0131nda yeme\u011fe doyurucu bir doku katar; ha\u015flanarak ezme ve meze tariflerinde ise p\u00fcr\u00fczs\u00fcz, dengeli bir k\u0131vam yakalaman\u0131za yard\u0131mc\u0131 olur. Kolay pi\u015fen tane yap\u0131s\u0131yla mutfakta pratiklik sa\u011flayan bu \u00fcr\u00fcn, y\u00fcksek besleyici de\u011feri sayesinde g\u00fcnl\u00fck beslenmede g\u00fc\u00e7l\u00fc ve g\u00fcvenilir bir se\u00e7imdir.<\/span><\/p>\n<p><b>En iyi sonu\u00e7 i\u00e7in:<\/b><span style=\"font-weight: 400;\"> \u00c7al\u0131 fasulye tanelerini pi\u015firmeden \u00f6nce y\u0131kay\u0131n ve istedi\u011finiz pi\u015firme s\u00fcresine g\u00f6re birka\u00e7 saat suda bekletin.<\/span><\/p>","protected":false},"featured_media":789,"comment_status":"open","ping_status":"closed","template":"","meta":{"_acf_changed":false},"product_brand":[],"product_cat":[22],"product_tag":[],"class_list":{"0":"post-6435","1":"product","2":"type-product","3":"status-publish","4":"has-post-thumbnail","6":"product_cat-hulsenfruchte","8":"first","9":"instock","10":"shipping-taxable","11":"product-type-simple"},"acf":[],"_links":{"self":[{"href":"https:\/\/derebakliyat.de\/tr\/wp-json\/wp\/v2\/product\/6435","targetHints":{"allow":["GET"]}}],"collection":[{"href":"https:\/\/derebakliyat.de\/tr\/wp-json\/wp\/v2\/product"}],"about":[{"href":"https:\/\/derebakliyat.de\/tr\/wp-json\/wp\/v2\/types\/product"}],"replies":[{"embeddable":true,"href":"https:\/\/derebakliyat.de\/tr\/wp-json\/wp\/v2\/comments?post=6435"}],"wp:featuredmedia":[{"embeddable":true,"href":"https:\/\/derebakliyat.de\/tr\/wp-json\/wp\/v2\/media\/789"}],"wp:attachment":[{"href":"https:\/\/derebakliyat.de\/tr\/wp-json\/wp\/v2\/media?parent=6435"}],"wp:term":[{"taxonomy":"product_brand","embeddable":true,"href":"https:\/\/derebakliyat.de\/tr\/wp-json\/wp\/v2\/product_brand?post=6435"},{"taxonomy":"product_cat","embeddable":true,"href":"https:\/\/derebakliyat.de\/tr\/wp-json\/wp\/v2\/product_cat?post=6435"},{"taxonomy":"product_tag","embeddable":true,"href":"https:\/\/derebakliyat.de\/tr\/wp-json\/wp\/v2\/product_tag?post=6435"}],"curies":[{"name":"wp","href":"https:\/\/api.w.org\/{rel}","templated":true}]}}