{"id":6432,"date":"2026-02-23T11:24:39","date_gmt":"2026-02-23T11:24:39","guid":{"rendered":"https:\/\/derebakliyat.de\/produkt\/schwarze-bohnen-1000-gr\/"},"modified":"2026-03-08T09:29:11","modified_gmt":"2026-03-08T09:29:11","slug":"getrocknete-schwarze-bohnen-1000-g","status":"publish","type":"product","link":"https:\/\/derebakliyat.de\/tr\/produkt\/getrocknete-schwarze-bohnen-1000-g\/","title":{"rendered":"Siyah Fasulye 1000 g"},"content":{"rendered":"","protected":false},"excerpt":{"rendered":"<p><span style=\"font-weight: 400;\">Siyah Fasulye, yo\u011fun aromas\u0131 ve yumu\u015fak dokusuyla mutfakta \u00e7ok y\u00f6nl\u00fc kullan\u0131labilen, besleyici bir bakliyat t\u00fcr\u00fc. Protein ve lif a\u00e7\u0131s\u0131ndan zengin yap\u0131s\u0131 sayesinde uzun s\u00fcre tok tutmaya yard\u0131mc\u0131 olur ve pek \u00e7ok doyurucu tarif i\u00e7in sa\u011fl\u0131kl\u0131 bir temel olu\u015fturur. Siyah fasulyenin k\u00fc\u00e7\u00fck taneli t\u00fcrleri \u00f6zellikle pratikli\u011fiyle \u00f6ne \u00e7\u0131kar: \u00c7orbalarda ve s\u0131cak yemeklerde ana malzeme olarak rahatl\u0131kla kullan\u0131labildi\u011fi gibi, yan yemeklerde de lezzeti tamamlayan g\u00fc\u00e7l\u00fc bir unsur olur. \u00c7orbalarda dokuyu zenginle\u015ftirip k\u0131vam\u0131 g\u00fc\u00e7lendirirken, salatalarda hem renk hem de ho\u015f bir doku katk\u0131s\u0131 sa\u011flar. Pi\u015firildikten sonra ezilerek humus benzeri kar\u0131\u015f\u0131mlarda veya dip soslarda da de\u011ferlendirilmesi m\u00fcmk\u00fcnd\u00fcr. Bu \u00fcr\u00fcn\u00fc Dere\u2019nin kalite fark\u0131yla mutlaka tatmal\u0131s\u0131n\u0131z.\u00a0<\/span><\/p>\n<p><b>Haz\u0131rlama \u00f6nerisi:<\/b><span style=\"font-weight: 400;\"> Getrocknete Bohnen \u00fcber Nacht in kaltem Wasser einweichen. Anschlie\u00dfend abgie\u00dfen, gr\u00fcndlich absp\u00fclen und wie gewohnt garen. <\/span><\/p>","protected":false},"featured_media":818,"comment_status":"open","ping_status":"closed","template":"","meta":{"_acf_changed":false},"product_brand":[],"product_cat":[22],"product_tag":[],"class_list":{"0":"post-6432","1":"product","2":"type-product","3":"status-publish","4":"has-post-thumbnail","6":"product_cat-hulsenfruchte","8":"first","9":"instock","10":"shipping-taxable","11":"product-type-simple"},"acf":[],"_links":{"self":[{"href":"https:\/\/derebakliyat.de\/tr\/wp-json\/wp\/v2\/product\/6432","targetHints":{"allow":["GET"]}}],"collection":[{"href":"https:\/\/derebakliyat.de\/tr\/wp-json\/wp\/v2\/product"}],"about":[{"href":"https:\/\/derebakliyat.de\/tr\/wp-json\/wp\/v2\/types\/product"}],"replies":[{"embeddable":true,"href":"https:\/\/derebakliyat.de\/tr\/wp-json\/wp\/v2\/comments?post=6432"}],"wp:featuredmedia":[{"embeddable":true,"href":"https:\/\/derebakliyat.de\/tr\/wp-json\/wp\/v2\/media\/818"}],"wp:attachment":[{"href":"https:\/\/derebakliyat.de\/tr\/wp-json\/wp\/v2\/media?parent=6432"}],"wp:term":[{"taxonomy":"product_brand","embeddable":true,"href":"https:\/\/derebakliyat.de\/tr\/wp-json\/wp\/v2\/product_brand?post=6432"},{"taxonomy":"product_cat","embeddable":true,"href":"https:\/\/derebakliyat.de\/tr\/wp-json\/wp\/v2\/product_cat?post=6432"},{"taxonomy":"product_tag","embeddable":true,"href":"https:\/\/derebakliyat.de\/tr\/wp-json\/wp\/v2\/product_tag?post=6432"}],"curies":[{"name":"wp","href":"https:\/\/api.w.org\/{rel}","templated":true}]}}