{"id":6431,"date":"2026-02-23T11:24:39","date_gmt":"2026-02-23T11:24:39","guid":{"rendered":"https:\/\/derebakliyat.de\/produkt\/mungobohne-1000-gr\/"},"modified":"2026-04-06T12:21:50","modified_gmt":"2026-04-06T12:21:50","slug":"getrocknete-mungbohnen-1000-g","status":"publish","type":"product","link":"https:\/\/derebakliyat.de\/tr\/produkt\/getrocknete-mungbohnen-1000-g\/","title":{"rendered":"Ma\u015f Fasulye 1000 g"},"content":{"rendered":"","protected":false},"excerpt":{"rendered":"<p><span style=\"font-weight: 400;\">Ma\u015f fasulye , mutfakta \u00e7ok y\u00f6nl\u00fc kullan\u0131lan \u00f6zel bir bakliyatt\u0131r: Hem tuzlu hem de tatl\u0131 tariflerde k\u0131vam ve besin deste\u011fi sa\u011flayan do\u011fal bir bile\u015fen olarak \u00f6ne \u00e7\u0131kar. \u00d6zellikle \u00e7orba ve sulu yemeklerde s\u0131k\u00e7a tercih edilir; tane tane pi\u015fer, lezzeti bask\u0131n olmad\u0131\u011f\u0131 i\u00e7in tarifin genel dengesini bozmaz. <\/span><\/p>\n<p><span style=\"font-weight: 400;\">Besin de\u011feri a\u00e7\u0131s\u0131ndan da g\u00fc\u00e7l\u00fc bir se\u00e7enektir. Y\u00fcksek lif ve mineral i\u00e7eri\u011fi sayesinde uzun s\u00fcre tok tutmaya yard\u0131mc\u0131 olur. Benzer bakliyatlara g\u00f6re en b\u00fcy\u00fck avantajlar\u0131ndan biri ise sindirimi genellikle daha kolay olmas\u0131 ve hassas mideye sahip olanlar i\u00e7in daha rahat bir t\u00fcketim sunmas\u0131d\u0131r. <\/span><\/p>\n<p><span style=\"font-weight: 400;\">Ayr\u0131ca ma\u015f fasulyesi do\u011fal olarak gl\u00fctensizdir. Bu nedenle gl\u00fcten duyarl\u0131l\u0131\u011f\u0131 olanlar ve \u00f6zellikle \u00e7\u00f6lyak hastalar\u0131 i\u00e7in g\u00fcvenle de\u011ferlendirilebilecek de\u011ferli bir bakliyat alternatifidir. G\u00fcnl\u00fck \u00f6\u011f\u00fcnlerinize pratik \u015fekilde ekleyebilece\u011finiz ma\u015f fasulyesiyle besleyici, hafif ve dengeli tarifler haz\u0131rlayabilirsiniz. Bu lezzeti mutlaka Dere fark\u0131yla tad\u0131n! <\/span><\/p>","protected":false},"featured_media":817,"comment_status":"open","ping_status":"closed","template":"","meta":{"_acf_changed":false},"product_brand":[],"product_cat":[22],"product_tag":[],"class_list":{"0":"post-6431","1":"product","2":"type-product","3":"status-publish","4":"has-post-thumbnail","6":"product_cat-hulsenfruchte","8":"first","9":"instock","10":"shipping-taxable","11":"product-type-simple"},"acf":[],"_links":{"self":[{"href":"https:\/\/derebakliyat.de\/tr\/wp-json\/wp\/v2\/product\/6431","targetHints":{"allow":["GET"]}}],"collection":[{"href":"https:\/\/derebakliyat.de\/tr\/wp-json\/wp\/v2\/product"}],"about":[{"href":"https:\/\/derebakliyat.de\/tr\/wp-json\/wp\/v2\/types\/product"}],"replies":[{"embeddable":true,"href":"https:\/\/derebakliyat.de\/tr\/wp-json\/wp\/v2\/comments?post=6431"}],"wp:featuredmedia":[{"embeddable":true,"href":"https:\/\/derebakliyat.de\/tr\/wp-json\/wp\/v2\/media\/817"}],"wp:attachment":[{"href":"https:\/\/derebakliyat.de\/tr\/wp-json\/wp\/v2\/media?parent=6431"}],"wp:term":[{"taxonomy":"product_brand","embeddable":true,"href":"https:\/\/derebakliyat.de\/tr\/wp-json\/wp\/v2\/product_brand?post=6431"},{"taxonomy":"product_cat","embeddable":true,"href":"https:\/\/derebakliyat.de\/tr\/wp-json\/wp\/v2\/product_cat?post=6431"},{"taxonomy":"product_tag","embeddable":true,"href":"https:\/\/derebakliyat.de\/tr\/wp-json\/wp\/v2\/product_tag?post=6431"}],"curies":[{"name":"wp","href":"https:\/\/api.w.org\/{rel}","templated":true}]}}