{"id":6430,"date":"2026-02-23T11:24:39","date_gmt":"2026-02-23T11:24:39","guid":{"rendered":"https:\/\/derebakliyat.de\/produkt\/grune-erbsen-1000-gr\/"},"modified":"2026-04-06T12:36:10","modified_gmt":"2026-04-06T12:36:10","slug":"getrocknete-gruene-erbsen-1000-g","status":"publish","type":"product","link":"https:\/\/derebakliyat.de\/tr\/urun\/getrocknete-gruene-erbsen-1000-g\/","title":{"rendered":"Ye\u015fil Bezelye 1000 g"},"content":{"rendered":"","protected":false},"excerpt":{"rendered":"<p><span style=\"font-weight: 400;\">Dere\u2019nin kurutulmu\u015f ye\u015fil bezelyeleri, mutfa\u011f\u0131n ger\u00e7ek bir klasi\u011fidir. Bu da onlar\u0131 tencere yemekleri, \u00e7orbalar veya sebze garnit\u00fcr\u00fc olarak kullanmak i\u00e7in ideal hale getirir. A\u00e7\u0131k ye\u015fil rengi, s\u0131k\u0131 dokusu ve k\u00fc\u00e7\u00fck-orta boy, yuvarlak taneleri; pi\u015fince fark edilen bir kalite sunar: Bezelyeler ho\u015f bir \u015fekilde k\u0131vam al\u0131r, hafif tatl\u0131ms\u0131 ve yumu\u015fak bir aroma ortaya \u00e7\u0131kar\u0131r ve ayn\u0131 zamanda hafif, keyifli bir diri doku korur. Ya\u011f oran\u0131 d\u00fc\u015f\u00fck bir bakliyat olan ye\u015fil bezelye, do\u011fal bir protein ve lif kayna\u011f\u0131d\u0131r; bu y\u00f6n\u00fcyle doyurucu ve besleyici yemekler i\u00e7in sa\u011fl\u0131kl\u0131 bir temel olu\u015fturur. \u0130ster geleneksel ister modern tariflerde Dere Ye\u015fil Bezelye ile \u00e7ok y\u00f6nl\u00fc \u00f6\u011f\u00fcnler haz\u0131rlayabilirsiniz: Klasik bezelye \u00e7orbas\u0131ndan kremams\u0131 p\u00fcre ve s\u00fcr\u00fclebilir kar\u0131\u015f\u0131mlara, etli-sebzeli ya da tah\u0131ll\u0131 yemeklerin yan\u0131na yak\u0131\u015fan doyurucu garnit\u00fcrlere kadar. Pratik pi\u015firmek isteyen ama lezzet ve besin de\u011ferinden \u00f6d\u00fcn vermeyenler i\u00e7in: Dere Ye\u015fil Bezelye, tek tencerede lezzet, tokluk ve g\u00fcnl\u00fck kullan\u0131m kolayl\u0131\u011f\u0131n\u0131 bir araya getirir.\u00a0<\/span><\/p>\n<p><b>Haz\u0131rlama \u00f6nerisi:<\/b><span style=\"font-weight: 400;\"> Ye\u015fil bezelyeleri so\u011fuk suda bir gece \u00f6nceden yakla\u015f\u0131k 8\u201310 saat bekletin. Ard\u0131ndan suyunu s\u00fcz\u00fcn ve s\u00fczd\u00fcr\u00fcn. <\/span><\/p>","protected":false},"featured_media":816,"comment_status":"open","ping_status":"closed","template":"","meta":{"_acf_changed":false},"product_brand":[],"product_cat":[22],"product_tag":[],"class_list":{"0":"post-6430","1":"product","2":"type-product","3":"status-publish","4":"has-post-thumbnail","6":"product_cat-hulsenfruchte","8":"first","9":"instock","10":"shipping-taxable","11":"product-type-simple"},"acf":[],"_links":{"self":[{"href":"https:\/\/derebakliyat.de\/tr\/wp-json\/wp\/v2\/product\/6430","targetHints":{"allow":["GET"]}}],"collection":[{"href":"https:\/\/derebakliyat.de\/tr\/wp-json\/wp\/v2\/product"}],"about":[{"href":"https:\/\/derebakliyat.de\/tr\/wp-json\/wp\/v2\/types\/product"}],"replies":[{"embeddable":true,"href":"https:\/\/derebakliyat.de\/tr\/wp-json\/wp\/v2\/comments?post=6430"}],"wp:featuredmedia":[{"embeddable":true,"href":"https:\/\/derebakliyat.de\/tr\/wp-json\/wp\/v2\/media\/816"}],"wp:attachment":[{"href":"https:\/\/derebakliyat.de\/tr\/wp-json\/wp\/v2\/media?parent=6430"}],"wp:term":[{"taxonomy":"product_brand","embeddable":true,"href":"https:\/\/derebakliyat.de\/tr\/wp-json\/wp\/v2\/product_brand?post=6430"},{"taxonomy":"product_cat","embeddable":true,"href":"https:\/\/derebakliyat.de\/tr\/wp-json\/wp\/v2\/product_cat?post=6430"},{"taxonomy":"product_tag","embeddable":true,"href":"https:\/\/derebakliyat.de\/tr\/wp-json\/wp\/v2\/product_tag?post=6430"}],"curies":[{"name":"wp","href":"https:\/\/api.w.org\/{rel}","templated":true}]}}