{"id":6429,"date":"2026-02-23T11:24:39","date_gmt":"2026-02-23T11:24:39","guid":{"rendered":"https:\/\/derebakliyat.de\/produkt\/saubohnen-1000-gr\/"},"modified":"2026-03-08T08:59:52","modified_gmt":"2026-03-08T08:59:52","slug":"getrocknete-saubohnen-1000-g","status":"publish","type":"product","link":"https:\/\/derebakliyat.de\/tr\/produkt\/getrocknete-saubohnen-1000-g\/","title":{"rendered":"T\u00fcm Bakla 1000 g"},"content":{"rendered":"","protected":false},"excerpt":{"rendered":"<p><span style=\"font-weight: 400;\">T\u00fcm bakla, \u00f6zellikle geleneksel mutfakta \u00e7ok sevilen, b\u00fct\u00fcn halde ve kabu\u011fu soyulmam\u0131\u015f bir baklagil t\u00fcr\u00fc. Taneli yap\u0131s\u0131 sayesinde hem a\u011f\u0131zda ho\u015f bir diri doku sunar hem de doyurucu yemekler i\u00e7in de\u011ferli ve besleyici bir g\u0131da se\u00e7ene\u011fidir. Lif ve protein bak\u0131m\u0131ndan en zengin baklagillerden biri olan bakla, dengeli bir beslenme i\u00e7in g\u00fc\u00e7l\u00fc bir temel olu\u015fturur. Aromatik ve hafif f\u0131nd\u0131ks\u0131, az kremams\u0131 lezzeti; etli tencere yemeklerinde, \u00e7orbalarda ve sebze yemeklerinde harika bir tamamlay\u0131c\u0131d\u0131r. Ayr\u0131ca doyurucu bir garnit\u00fcr olarak da sofralarda kendine yer bulur. Y\u00fcksek lif i\u00e7eri\u011fi sayesinde uzun s\u00fcre tok tutmaya da yard\u0131mc\u0131 olur.\u00a0<\/span><\/p>\n<p><b>Haz\u0131rlama \u00f6nerisi:<\/b><span style=\"font-weight: 400;\"> Pi\u015firmeden \u00f6nce 12 saat suda bekletin, ard\u0131ndan s\u00fcz\u00fcp her zamanki gibi pi\u015firin. <\/span><\/p>","protected":false},"featured_media":815,"comment_status":"open","ping_status":"closed","template":"","meta":{"_acf_changed":false},"product_brand":[],"product_cat":[22],"product_tag":[],"class_list":{"0":"post-6429","1":"product","2":"type-product","3":"status-publish","4":"has-post-thumbnail","6":"product_cat-hulsenfruchte","8":"first","9":"instock","10":"shipping-taxable","11":"product-type-simple"},"acf":[],"_links":{"self":[{"href":"https:\/\/derebakliyat.de\/tr\/wp-json\/wp\/v2\/product\/6429","targetHints":{"allow":["GET"]}}],"collection":[{"href":"https:\/\/derebakliyat.de\/tr\/wp-json\/wp\/v2\/product"}],"about":[{"href":"https:\/\/derebakliyat.de\/tr\/wp-json\/wp\/v2\/types\/product"}],"replies":[{"embeddable":true,"href":"https:\/\/derebakliyat.de\/tr\/wp-json\/wp\/v2\/comments?post=6429"}],"wp:featuredmedia":[{"embeddable":true,"href":"https:\/\/derebakliyat.de\/tr\/wp-json\/wp\/v2\/media\/815"}],"wp:attachment":[{"href":"https:\/\/derebakliyat.de\/tr\/wp-json\/wp\/v2\/media?parent=6429"}],"wp:term":[{"taxonomy":"product_brand","embeddable":true,"href":"https:\/\/derebakliyat.de\/tr\/wp-json\/wp\/v2\/product_brand?post=6429"},{"taxonomy":"product_cat","embeddable":true,"href":"https:\/\/derebakliyat.de\/tr\/wp-json\/wp\/v2\/product_cat?post=6429"},{"taxonomy":"product_tag","embeddable":true,"href":"https:\/\/derebakliyat.de\/tr\/wp-json\/wp\/v2\/product_tag?post=6429"}],"curies":[{"name":"wp","href":"https:\/\/api.w.org\/{rel}","templated":true}]}}