{"id":6425,"date":"2026-02-23T11:24:38","date_gmt":"2026-02-23T11:24:38","guid":{"rendered":"https:\/\/derebakliyat.de\/produkt\/maiskorner-1000-gr\/"},"modified":"2026-03-08T09:17:26","modified_gmt":"2026-03-08T09:17:26","slug":"popcorn-maiskorner-1000-g","status":"publish","type":"product","link":"https:\/\/derebakliyat.de\/tr\/urun\/popcorn-maiskorner-1000-g\/","title":{"rendered":"Patlaya M\u0131s\u0131r 1000 g"},"content":{"rendered":"","protected":false},"excerpt":{"rendered":"<p><span style=\"font-weight: 400;\">Patlayan m\u0131s\u0131r, \u0131s\u0131t\u0131ld\u0131\u011f\u0131nda tanelerinin i\u00e7indeki nemin etkisiyle kabar\u0131p hafif ve \u00e7\u0131t\u0131r bir at\u0131\u015ft\u0131rmal\u0131\u011fa d\u00f6n\u00fc\u015fen \u00f6zel m\u0131s\u0131r \u00e7e\u015fididir. Dere\u2019nin sundu\u011fu patlayan m\u0131s\u0131r; taneli yap\u0131s\u0131, iyi patlama performans\u0131 ve pratik haz\u0131rlan\u0131\u015f\u0131yla evde lezzetli popcorn yapmak isteyenler i\u00e7in ideal bir se\u00e7enek. Tuzlu klasik popcorn\u2019dan baharatl\u0131 kar\u0131\u015f\u0131mlara kadar farkl\u0131 tariflere uyum sa\u011flar; film keyiflerinde, davetlerde ve g\u00fcnl\u00fck at\u0131\u015ft\u0131rmal\u0131k anlar\u0131nda g\u00fcvenle tercih edilir.<\/span><\/p>\n<p><b>En iyi sonu\u00e7 i\u00e7in:<\/b><span style=\"font-weight: 400;\"> Tencere ya da patlatma makinesinde, az miktarda ya\u011f ile orta ate\u015fte patlatman\u0131z \u00f6nerilir.<\/span><\/p>","protected":false},"featured_media":811,"comment_status":"open","ping_status":"closed","template":"","meta":{"_acf_changed":false},"product_brand":[],"product_cat":[23],"product_tag":[],"class_list":{"0":"post-6425","1":"product","2":"type-product","3":"status-publish","4":"has-post-thumbnail","6":"product_cat-konserven-fertigprodukte","8":"first","9":"instock","10":"shipping-taxable","11":"product-type-simple"},"acf":[],"_links":{"self":[{"href":"https:\/\/derebakliyat.de\/tr\/wp-json\/wp\/v2\/product\/6425","targetHints":{"allow":["GET"]}}],"collection":[{"href":"https:\/\/derebakliyat.de\/tr\/wp-json\/wp\/v2\/product"}],"about":[{"href":"https:\/\/derebakliyat.de\/tr\/wp-json\/wp\/v2\/types\/product"}],"replies":[{"embeddable":true,"href":"https:\/\/derebakliyat.de\/tr\/wp-json\/wp\/v2\/comments?post=6425"}],"wp:featuredmedia":[{"embeddable":true,"href":"https:\/\/derebakliyat.de\/tr\/wp-json\/wp\/v2\/media\/811"}],"wp:attachment":[{"href":"https:\/\/derebakliyat.de\/tr\/wp-json\/wp\/v2\/media?parent=6425"}],"wp:term":[{"taxonomy":"product_brand","embeddable":true,"href":"https:\/\/derebakliyat.de\/tr\/wp-json\/wp\/v2\/product_brand?post=6425"},{"taxonomy":"product_cat","embeddable":true,"href":"https:\/\/derebakliyat.de\/tr\/wp-json\/wp\/v2\/product_cat?post=6425"},{"taxonomy":"product_tag","embeddable":true,"href":"https:\/\/derebakliyat.de\/tr\/wp-json\/wp\/v2\/product_tag?post=6425"}],"curies":[{"name":"wp","href":"https:\/\/api.w.org\/{rel}","templated":true}]}}