{"id":6423,"date":"2026-02-23T11:24:38","date_gmt":"2026-02-23T11:24:38","guid":{"rendered":"https:\/\/derebakliyat.de\/produkt\/weise-bohnen-7-mm-1000-gr\/"},"modified":"2026-03-04T14:32:17","modified_gmt":"2026-03-04T14:32:17","slug":"weise-bohnen-7-mm-seker-sorte-1000-g","status":"publish","type":"product","link":"https:\/\/derebakliyat.de\/tr\/urun\/weise-bohnen-7-mm-seker-sorte-1000-g\/","title":{"rendered":"\u015eeker Fasulye (7 mm) 1000 g"},"content":{"rendered":"","protected":false},"excerpt":{"rendered":"<p><span style=\"font-weight: 400;\">\u015eeker fasulye, tombik ve iri taneli yap\u0131s\u0131, yo\u011fun lezzeti ve pi\u015fince kabuk atmayan formuyla \u00f6ne \u00e7\u0131kan, pratik bir beyaz kuru fasulye \u00e7e\u015fidi. \u0130nce kabuklu yap\u0131s\u0131 sayesinde hem daha keyifli bir doku sunar hem de k\u0131sa s\u00fcrede pi\u015ferek mutfakta zaman kazand\u0131r\u0131r. Tane tane duru\u015fu ve dolgun k\u0131vam\u0131yla \u00f6zellikle sofrada \u201ctam k\u0131vam\u0131nda\u201d kuru fasulye isteyenler i\u00e7in ideal bir se\u00e7im. <\/span><\/p>\n<p>&nbsp;<\/p>\n<p><span style=\"font-weight: 400;\">Bu fasulye \u00e7e\u015fidi, lezzeti kadar besleyici y\u00f6n\u00fcyle de tercih edilir. Y\u00fcksek lif i\u00e7eri\u011fi sindirim sistemini desteklemeye yard\u0131mc\u0131 olurken, protein ve mineral bak\u0131m\u0131ndan dengeli bir besin kayna\u011f\u0131 olarak g\u00fcnl\u00fck \u00f6\u011f\u00fcnlerde \u00f6nemli bir yer tutar. Y\u00f6resel yemeklerden modern tariflere kadar geni\u015f bir kullan\u0131m alan\u0131na sahip olan \u015feker fasulye; salatalara, \u00e7orbalara ve farkl\u0131 s\u0131cak yemeklere kolayca uyum sa\u011flayarak sofralara doyurucu bir alternatif sunar. <\/span><\/p>","protected":false},"featured_media":837,"comment_status":"open","ping_status":"closed","template":"","meta":{"_acf_changed":false},"product_brand":[],"product_cat":[22],"product_tag":[],"class_list":{"0":"post-6423","1":"product","2":"type-product","3":"status-publish","4":"has-post-thumbnail","6":"product_cat-hulsenfruchte","8":"first","9":"instock","10":"shipping-taxable","11":"product-type-simple"},"acf":[],"_links":{"self":[{"href":"https:\/\/derebakliyat.de\/tr\/wp-json\/wp\/v2\/product\/6423","targetHints":{"allow":["GET"]}}],"collection":[{"href":"https:\/\/derebakliyat.de\/tr\/wp-json\/wp\/v2\/product"}],"about":[{"href":"https:\/\/derebakliyat.de\/tr\/wp-json\/wp\/v2\/types\/product"}],"replies":[{"embeddable":true,"href":"https:\/\/derebakliyat.de\/tr\/wp-json\/wp\/v2\/comments?post=6423"}],"wp:featuredmedia":[{"embeddable":true,"href":"https:\/\/derebakliyat.de\/tr\/wp-json\/wp\/v2\/media\/837"}],"wp:attachment":[{"href":"https:\/\/derebakliyat.de\/tr\/wp-json\/wp\/v2\/media?parent=6423"}],"wp:term":[{"taxonomy":"product_brand","embeddable":true,"href":"https:\/\/derebakliyat.de\/tr\/wp-json\/wp\/v2\/product_brand?post=6423"},{"taxonomy":"product_cat","embeddable":true,"href":"https:\/\/derebakliyat.de\/tr\/wp-json\/wp\/v2\/product_cat?post=6423"},{"taxonomy":"product_tag","embeddable":true,"href":"https:\/\/derebakliyat.de\/tr\/wp-json\/wp\/v2\/product_tag?post=6423"}],"curies":[{"name":"wp","href":"https:\/\/api.w.org\/{rel}","templated":true}]}}