{"id":6422,"date":"2026-02-23T11:24:38","date_gmt":"2026-02-23T11:24:38","guid":{"rendered":"https:\/\/derebakliyat.de\/produkt\/weise-bohnen-8-mm-1000-gr\/"},"modified":"2026-03-04T14:32:12","modified_gmt":"2026-03-04T14:32:12","slug":"weisse-bohnen-kirgiz-sorte-8-mm-1000-gr","status":"publish","type":"product","link":"https:\/\/derebakliyat.de\/tr\/urun\/weisse-bohnen-kirgiz-sorte-8-mm-1000-gr\/","title":{"rendered":"K\u0131rg\u0131z Fasulye (8 mm) 1000 g"},"content":{"rendered":"","protected":false},"excerpt":{"rendered":"<p><span style=\"font-weight: 400;\">K\u0131rg\u0131z fasulye; iri taneli, b\u00f6brek \u015feklinde bir beyaz fasulye t\u00fcr\u00fc. Diri yap\u0131s\u0131yla da dolgun bir lezzete sahip. Bu fasulye, kuru fasulyeyi uzun s\u00fcre suda bekletmeden haz\u0131rlamak isteyenler i\u00e7in ideal. Bu da onu g\u00fcnl\u00fck kullan\u0131mda pratik, h\u0131zl\u0131 haz\u0131rlanmas\u0131 gereken durumlarda ise m\u00fckemmel bir se\u00e7enek haline getiriyor. \u0130ster tencere yemeklerinde, ister \u00e7orbalarda, salatalarda ya da doyurucu bir garnit\u00fcr olarak kullan\u0131n: K\u0131rg\u0131z fasulye \u00e7ok y\u00f6nl\u00fc ve tok tutan bir temel sunar. Bitkisel protein a\u00e7\u0131s\u0131ndan zengin ve lif oran\u0131 y\u00fcksek. Bu sayede uzun s\u00fcre tok tutar; bilin\u00e7li ve keyifli bir mutfak i\u00e7in ideal. <\/span><\/p>\n<p><span style=\"font-weight: 400;\">Diese Bohnen sind ideal f\u00fcr alle, die wei\u00dfe Bohnen ohne lange Einweichzeit zubereiten m\u00f6chten. Das macht sie praktisch f\u00fcr den Alltag und perfekt, wenn es schnell gehen soll. Ob in Eint\u00f6pfen, Suppen, Salaten oder als herzhafte Beilage: Die Sorte \u201eKirgiz\u201c liefert eine vielseitige, s\u00e4ttigende Basis. Sie ist reich an pflanzlichem Eiwei\u00df und ballaststoffreich. Das macht sie perfekt f\u00fcr lang anhaltende S\u00e4ttigung und eine bewusste, genussvolle K\u00fcche. <\/span><\/p>","protected":false},"featured_media":836,"comment_status":"open","ping_status":"closed","template":"","meta":{"_acf_changed":false},"product_brand":[],"product_cat":[22],"product_tag":[],"class_list":{"0":"post-6422","1":"product","2":"type-product","3":"status-publish","4":"has-post-thumbnail","6":"product_cat-hulsenfruchte","8":"first","9":"instock","10":"shipping-taxable","11":"product-type-simple"},"acf":[],"_links":{"self":[{"href":"https:\/\/derebakliyat.de\/tr\/wp-json\/wp\/v2\/product\/6422","targetHints":{"allow":["GET"]}}],"collection":[{"href":"https:\/\/derebakliyat.de\/tr\/wp-json\/wp\/v2\/product"}],"about":[{"href":"https:\/\/derebakliyat.de\/tr\/wp-json\/wp\/v2\/types\/product"}],"replies":[{"embeddable":true,"href":"https:\/\/derebakliyat.de\/tr\/wp-json\/wp\/v2\/comments?post=6422"}],"wp:featuredmedia":[{"embeddable":true,"href":"https:\/\/derebakliyat.de\/tr\/wp-json\/wp\/v2\/media\/836"}],"wp:attachment":[{"href":"https:\/\/derebakliyat.de\/tr\/wp-json\/wp\/v2\/media?parent=6422"}],"wp:term":[{"taxonomy":"product_brand","embeddable":true,"href":"https:\/\/derebakliyat.de\/tr\/wp-json\/wp\/v2\/product_brand?post=6422"},{"taxonomy":"product_cat","embeddable":true,"href":"https:\/\/derebakliyat.de\/tr\/wp-json\/wp\/v2\/product_cat?post=6422"},{"taxonomy":"product_tag","embeddable":true,"href":"https:\/\/derebakliyat.de\/tr\/wp-json\/wp\/v2\/product_tag?post=6422"}],"curies":[{"name":"wp","href":"https:\/\/api.w.org\/{rel}","templated":true}]}}