{"id":6420,"date":"2026-02-23T11:24:38","date_gmt":"2026-02-23T11:24:38","guid":{"rendered":"https:\/\/derebakliyat.de\/produkt\/grune-linsen-1000-gr\/"},"modified":"2026-03-08T09:31:29","modified_gmt":"2026-03-08T09:31:29","slug":"gruene-linsen-1000-g","status":"publish","type":"product","link":"https:\/\/derebakliyat.de\/tr\/produkt\/gruene-linsen-1000-g\/","title":{"rendered":"Ye\u015fil Mercimek 1000 g"},"content":{"rendered":"","protected":false},"excerpt":{"rendered":"<p><span style=\"font-weight: 400;\">Ye\u015fil mercimek, yakla\u015f\u0131k y\u00fczde 25\u2019e yakla\u015fan bitkisel protein i\u00e7eri\u011fiyle \u00f6ne \u00e7\u0131kan, \u00f6zellikle vegan ve vejetaryen beslenmede g\u00fc\u00e7l\u00fc bir alternatif te\u015fkil eder. Lif bak\u0131m\u0131ndan zengin yap\u0131s\u0131 tok kalmay\u0131 destekledi\u011fi i\u00e7in diyetlerde de s\u0131k\u00e7a tercih edilir. Doyurucu ve besleyici \u00e7orbalar ile ana yemeklerde g\u00fcvenle kullan\u0131labilir. <\/span><\/p>\n<p><span style=\"font-weight: 400;\">Ayr\u0131ca ha\u015flan\u0131p so\u011futuldu\u011funda salatalara m\u00fckemmel bir ek malzeme olur. Ye\u015fillikler, sebzeler ve az miktarda zeytinya\u011f\u0131yla harmanland\u0131\u011f\u0131nda hem lezzetli hem de besleyici bir salata alternatifi sunar; yo\u011furt, taze otlar ve baharatlarla kar\u0131\u015ft\u0131r\u0131larak so\u011fuk meze olarak da de\u011ferlendirilebilir.<\/span><\/p>\n<p>&nbsp;<\/p>\n<p><span style=\"font-weight: 400;\">Di\u011fer mercimek t\u00fcrlerine g\u00f6re daha sert yap\u0131l\u0131, kendine \u00f6zg\u00fc topraks\u0131 aromal\u0131 olan ye\u015fil mercimek, k\u0131rm\u0131z\u0131 mercime\u011fe k\u0131yasla daha uzun s\u00fcrede pi\u015fer ve da\u011f\u0131lmadan formunu korur.<\/span><\/p>\n<p><b>En iyi sonu\u00e7 i\u00e7in:<\/b><span style=\"font-weight: 400;\"> K\u0131sa s\u00fcre suda beklettikten sonra k\u0131s\u0131k ate\u015fte ha\u015flaman\u0131z \u00f6nerilir. Lezzet ve sindirimi desteklemek i\u00e7in pi\u015firme suyuna defne yapra\u011f\u0131 veya kimyon ekleyebilirsiniz.<\/span><\/p>","protected":false},"featured_media":389,"comment_status":"open","ping_status":"closed","template":"","meta":{"_acf_changed":false},"product_brand":[],"product_cat":[22],"product_tag":[],"class_list":{"0":"post-6420","1":"product","2":"type-product","3":"status-publish","4":"has-post-thumbnail","6":"product_cat-hulsenfruchte","8":"first","9":"instock","10":"shipping-taxable","11":"product-type-simple"},"acf":[],"_links":{"self":[{"href":"https:\/\/derebakliyat.de\/tr\/wp-json\/wp\/v2\/product\/6420","targetHints":{"allow":["GET"]}}],"collection":[{"href":"https:\/\/derebakliyat.de\/tr\/wp-json\/wp\/v2\/product"}],"about":[{"href":"https:\/\/derebakliyat.de\/tr\/wp-json\/wp\/v2\/types\/product"}],"replies":[{"embeddable":true,"href":"https:\/\/derebakliyat.de\/tr\/wp-json\/wp\/v2\/comments?post=6420"}],"wp:featuredmedia":[{"embeddable":true,"href":"https:\/\/derebakliyat.de\/tr\/wp-json\/wp\/v2\/media\/389"}],"wp:attachment":[{"href":"https:\/\/derebakliyat.de\/tr\/wp-json\/wp\/v2\/media?parent=6420"}],"wp:term":[{"taxonomy":"product_brand","embeddable":true,"href":"https:\/\/derebakliyat.de\/tr\/wp-json\/wp\/v2\/product_brand?post=6420"},{"taxonomy":"product_cat","embeddable":true,"href":"https:\/\/derebakliyat.de\/tr\/wp-json\/wp\/v2\/product_cat?post=6420"},{"taxonomy":"product_tag","embeddable":true,"href":"https:\/\/derebakliyat.de\/tr\/wp-json\/wp\/v2\/product_tag?post=6420"}],"curies":[{"name":"wp","href":"https:\/\/api.w.org\/{rel}","templated":true}]}}