{"id":6416,"date":"2026-02-23T11:24:37","date_gmt":"2026-02-23T11:24:37","guid":{"rendered":"https:\/\/derebakliyat.de\/produkt\/weizengrutze-seferkittel-1000-gr\/"},"modified":"2026-03-04T14:34:14","modified_gmt":"2026-03-04T14:34:14","slug":"weizengruetze-seferkittel-1000-g","status":"publish","type":"product","link":"https:\/\/derebakliyat.de\/tr\/urun\/weizengruetze-seferkittel-1000-g\/","title":{"rendered":"Seferkitel Bulgur 1000 g"},"content":{"rendered":"","protected":false},"excerpt":{"rendered":"<p><span style=\"font-weight: 400;\">Sefer Kitel, bu\u011fday\u0131n kaynat\u0131lmadan kabu\u011funun soyulup \u00f6\u011f\u00fct\u00fclmesiyle elde edilen, kendine has yap\u0131s\u0131yla \u00f6ne \u00e7\u0131kan \u00f6zel bir bulgur \u00e7e\u015fidi. Do\u011fal ve besleyici karakteriyle bilinen sefer kitel bulgur, taneli dokusu ve lezzet dengesiyle tariflerde fark yarat\u0131r. Bu bulguru \u00f6zellikle Dere fark\u0131yla tatmal\u0131s\u0131n\u0131z. <\/span><\/p>\n<p>&nbsp;<\/p>\n<p><span style=\"font-weight: 400;\">Geleneksel y\u00f6ntemlerle haz\u0131rlanmas\u0131, sefer kiteli hem lezzet hem de kullan\u0131m kolayl\u0131\u011f\u0131 a\u00e7\u0131s\u0131ndan avantajl\u0131 k\u0131lar. \u00c7orbalardan pilavlara, k\u00f6fte har\u00e7lar\u0131ndan dolmalara kadar pek \u00e7ok yemekte tercih edilebilir; yemeklere k\u0131vam ve dolgunluk kazand\u0131r\u0131r. \u0130nce \u00f6\u011f\u00fct\u00fclm\u00fc\u015f yap\u0131s\u0131 sayesinde ise \u00f6zellikle i\u00e7li k\u00f6fte ve \u00e7i\u011f k\u00f6fte gibi \u015fekil verilmesi gereken tariflerde kolayca yo\u011frulur, iyi tutar ve pratik bir haz\u0131rl\u0131k sunar. <\/span><\/p>","protected":false},"featured_media":830,"comment_status":"open","ping_status":"closed","template":"","meta":{"_acf_changed":false},"product_brand":[],"product_cat":[21],"product_tag":[],"class_list":{"0":"post-6416","1":"product","2":"type-product","3":"status-publish","4":"has-post-thumbnail","6":"product_cat-getreideprodukte","8":"first","9":"instock","10":"shipping-taxable","11":"product-type-simple"},"acf":[],"_links":{"self":[{"href":"https:\/\/derebakliyat.de\/tr\/wp-json\/wp\/v2\/product\/6416","targetHints":{"allow":["GET"]}}],"collection":[{"href":"https:\/\/derebakliyat.de\/tr\/wp-json\/wp\/v2\/product"}],"about":[{"href":"https:\/\/derebakliyat.de\/tr\/wp-json\/wp\/v2\/types\/product"}],"replies":[{"embeddable":true,"href":"https:\/\/derebakliyat.de\/tr\/wp-json\/wp\/v2\/comments?post=6416"}],"wp:featuredmedia":[{"embeddable":true,"href":"https:\/\/derebakliyat.de\/tr\/wp-json\/wp\/v2\/media\/830"}],"wp:attachment":[{"href":"https:\/\/derebakliyat.de\/tr\/wp-json\/wp\/v2\/media?parent=6416"}],"wp:term":[{"taxonomy":"product_brand","embeddable":true,"href":"https:\/\/derebakliyat.de\/tr\/wp-json\/wp\/v2\/product_brand?post=6416"},{"taxonomy":"product_cat","embeddable":true,"href":"https:\/\/derebakliyat.de\/tr\/wp-json\/wp\/v2\/product_cat?post=6416"},{"taxonomy":"product_tag","embeddable":true,"href":"https:\/\/derebakliyat.de\/tr\/wp-json\/wp\/v2\/product_tag?post=6416"}],"curies":[{"name":"wp","href":"https:\/\/api.w.org\/{rel}","templated":true}]}}