{"id":6415,"date":"2026-02-23T11:24:37","date_gmt":"2026-02-23T11:24:37","guid":{"rendered":"https:\/\/derebakliyat.de\/produkt\/weizengrutze-mit-gries-1000-gr\/"},"modified":"2026-03-04T14:34:09","modified_gmt":"2026-03-04T14:34:09","slug":"weizengruetze-mit-gries-ceris-sorte-1000-g","status":"publish","type":"product","link":"https:\/\/derebakliyat.de\/tr\/produkt\/weizengruetze-mit-gries-ceris-sorte-1000-g\/","title":{"rendered":"Ceri\u015f Bulgur 1000 g"},"content":{"rendered":"","protected":false},"excerpt":{"rendered":"<p><span style=\"font-weight: 400;\">\u00c7eri\u015f Bulgur, \u00f6zenle se\u00e7ilmi\u015f durum bu\u011fday\u0131ndan elde edilen, y\u00fcksek kaliteli ve iri taneli bir bu\u011fday \u00fcr\u00fcn\u00fc. Geleneksel mutfa\u011f\u0131 seven ve ayn\u0131 zamanda besin de\u011ferine \u00f6nem verenler i\u00e7in ideal bir bulgur t\u00fcr\u00fc olarak bilinir. Temizleme, eleme ve nazik k\u0131rma i\u015flemleriyle \u00fcretilen bu bulgur; g\u00fc\u00e7l\u00fc lezzeti ve ho\u015f tane yap\u0131s\u0131yla \u00f6ne \u00e7\u0131kar. <\/span><\/p>\n<p>&nbsp;<\/p>\n<p><span style=\"font-weight: 400;\">Pilav, g\u00fcve\u00e7 ve sulu yemekler, \u00e7orbalar, k\u00f6fte ya da k\u0131s\u0131r gibi bir\u00e7ok tarifte \u00e7ok y\u00f6nl\u00fc \u015fekilde kullan\u0131labilir; her seferinde g\u00fcvenilir sonu\u00e7 verir ve her yeme\u011fe otantik, doyurucu bir tat katar. Ayr\u0131ca h\u0131zl\u0131 haz\u0131rlan\u0131r. Bu \u00fcr\u00fcn kaliteden \u00f6d\u00fcn vermeyen Dere fark\u0131yla g\u00fcnl\u00fck kullan\u0131m i\u00e7in m\u00fckemmeldir. Dere bu bulgurla, tek pakette geleneksel lezzet ve bilin\u00e7li beslenmeyi bir araya getirir. <\/span><\/p>","protected":false},"featured_media":829,"comment_status":"open","ping_status":"closed","template":"","meta":{"_acf_changed":false},"product_brand":[],"product_cat":[21],"product_tag":[],"class_list":{"0":"post-6415","1":"product","2":"type-product","3":"status-publish","4":"has-post-thumbnail","6":"product_cat-getreideprodukte","8":"first","9":"instock","10":"shipping-taxable","11":"product-type-simple"},"acf":[],"_links":{"self":[{"href":"https:\/\/derebakliyat.de\/tr\/wp-json\/wp\/v2\/product\/6415","targetHints":{"allow":["GET"]}}],"collection":[{"href":"https:\/\/derebakliyat.de\/tr\/wp-json\/wp\/v2\/product"}],"about":[{"href":"https:\/\/derebakliyat.de\/tr\/wp-json\/wp\/v2\/types\/product"}],"replies":[{"embeddable":true,"href":"https:\/\/derebakliyat.de\/tr\/wp-json\/wp\/v2\/comments?post=6415"}],"wp:featuredmedia":[{"embeddable":true,"href":"https:\/\/derebakliyat.de\/tr\/wp-json\/wp\/v2\/media\/829"}],"wp:attachment":[{"href":"https:\/\/derebakliyat.de\/tr\/wp-json\/wp\/v2\/media?parent=6415"}],"wp:term":[{"taxonomy":"product_brand","embeddable":true,"href":"https:\/\/derebakliyat.de\/tr\/wp-json\/wp\/v2\/product_brand?post=6415"},{"taxonomy":"product_cat","embeddable":true,"href":"https:\/\/derebakliyat.de\/tr\/wp-json\/wp\/v2\/product_cat?post=6415"},{"taxonomy":"product_tag","embeddable":true,"href":"https:\/\/derebakliyat.de\/tr\/wp-json\/wp\/v2\/product_tag?post=6415"}],"curies":[{"name":"wp","href":"https:\/\/api.w.org\/{rel}","templated":true}]}}