{"id":6414,"date":"2026-02-23T11:24:37","date_gmt":"2026-02-23T11:24:37","guid":{"rendered":"https:\/\/derebakliyat.de\/produkt\/weizengrutze-mit-nudeln-1000-gr\/"},"modified":"2026-03-04T14:34:05","modified_gmt":"2026-03-04T14:34:05","slug":"weizengruetze-mit-nudeln-1000-g","status":"publish","type":"product","link":"https:\/\/derebakliyat.de\/tr\/urun\/weizengruetze-mit-nudeln-1000-g\/","title":{"rendered":"\u015eehriyeli Pilavl\u0131k Bulgur 1000 g"},"content":{"rendered":"","protected":false},"excerpt":{"rendered":"<p><span style=\"font-weight: 400;\">\u015eehriyeli bulgur, \u00f6zellikle aromatik bir pilav\u0131 h\u0131zl\u0131ca haz\u0131rlamak i\u00e7in sevilen klasik bir bulgur\u2013tel \u015fehriye kar\u0131\u015f\u0131m\u0131d\u0131r. \u0130ri taneli bulgur ile kavrulmu\u015f tel \u015fehriyenin birle\u015fimi, pi\u015firme s\u0131ras\u0131nda yeme\u011fe tane tane bir k\u0131vam ve dengeli, hafif f\u0131nd\u0131ks\u0131 bir lezzet kazand\u0131r\u0131r. <\/span><\/p>\n<p>&nbsp;<\/p>\n<p><span style=\"font-weight: 400;\">Kolay ve pratik haz\u0131rlan\u0131\u015f\u0131 sayesinde bu kar\u0131\u015f\u0131m g\u00fcnl\u00fck kullan\u0131m i\u00e7in idealdir ve s\u0131cak yemekler i\u00e7in \u00e7ok y\u00f6nl\u00fc bir temel olu\u015fturur. Bir\u00e7ok T\u00fcrk ve Akdeniz yeme\u011fiyle m\u00fckemmel uyum sa\u011flar; iste\u011fe g\u00f6re sebze, bakliyat veya etle zenginle\u015ftirilebilir. \u0130\u00e7indeki tel \u015fehriye sayesinde \u00e7orbalarda da \u00e7ok iyi sonu\u00e7 verir; \u00e7orbaya hem daha doyurucu bir yap\u0131 hem de uyumlu bir doku katar. <\/span><\/p>\n<p>&nbsp;<\/p>\n<p><span style=\"font-weight: 400;\">\u0130ster pilav olarak yan lezzet, ister yarat\u0131c\u0131 tarifler i\u00e7in doyurucu bir ana malzeme olarak kullan\u0131n: Bu bulgur\u2013tel \u015fehriye kar\u0131\u015f\u0131m\u0131 mutfa\u011f\u0131n\u0131za gelenek, lezzet ve esneklik getirir. Bu lezzeti bir de Dere fark\u0131yla tatmal\u0131s\u0131n\u0131z. <\/span><\/p>","protected":false},"featured_media":827,"comment_status":"open","ping_status":"closed","template":"","meta":{"_acf_changed":false},"product_brand":[],"product_cat":[21],"product_tag":[],"class_list":{"0":"post-6414","1":"product","2":"type-product","3":"status-publish","4":"has-post-thumbnail","6":"product_cat-getreideprodukte","8":"first","9":"instock","10":"shipping-taxable","11":"product-type-simple"},"acf":[],"_links":{"self":[{"href":"https:\/\/derebakliyat.de\/tr\/wp-json\/wp\/v2\/product\/6414","targetHints":{"allow":["GET"]}}],"collection":[{"href":"https:\/\/derebakliyat.de\/tr\/wp-json\/wp\/v2\/product"}],"about":[{"href":"https:\/\/derebakliyat.de\/tr\/wp-json\/wp\/v2\/types\/product"}],"replies":[{"embeddable":true,"href":"https:\/\/derebakliyat.de\/tr\/wp-json\/wp\/v2\/comments?post=6414"}],"wp:featuredmedia":[{"embeddable":true,"href":"https:\/\/derebakliyat.de\/tr\/wp-json\/wp\/v2\/media\/827"}],"wp:attachment":[{"href":"https:\/\/derebakliyat.de\/tr\/wp-json\/wp\/v2\/media?parent=6414"}],"wp:term":[{"taxonomy":"product_brand","embeddable":true,"href":"https:\/\/derebakliyat.de\/tr\/wp-json\/wp\/v2\/product_brand?post=6414"},{"taxonomy":"product_cat","embeddable":true,"href":"https:\/\/derebakliyat.de\/tr\/wp-json\/wp\/v2\/product_cat?post=6414"},{"taxonomy":"product_tag","embeddable":true,"href":"https:\/\/derebakliyat.de\/tr\/wp-json\/wp\/v2\/product_tag?post=6414"}],"curies":[{"name":"wp","href":"https:\/\/api.w.org\/{rel}","templated":true}]}}