{"id":6413,"date":"2026-02-23T11:24:37","date_gmt":"2026-02-23T11:24:37","guid":{"rendered":"https:\/\/derebakliyat.de\/produkt\/weizengrutze-extra-grob-1000-gr\/"},"modified":"2026-03-04T14:34:00","modified_gmt":"2026-03-04T14:34:00","slug":"weizengruetze-extra-grob-1000-g","status":"publish","type":"product","link":"https:\/\/derebakliyat.de\/tr\/produkt\/weizengruetze-extra-grob-1000-g\/","title":{"rendered":"Ba\u015fba\u015f\u0131 Bulgur 1000 g"},"content":{"rendered":"","protected":false},"excerpt":{"rendered":"<p><span style=\"font-weight: 400;\">Ba\u015fba\u015f\u0131 bulgur, bulgurun ta\u015f de\u011firmende k\u0131r\u0131lmas\u0131yla elde edilen, iri taneli ve \u00f6zel bir bulgur \u00e7e\u015fididir. Bu\u011fday\u0131n k\u0131r\u0131lmadan \u00f6nce kabu\u011funun soyulmas\u0131 sayesinde lezzeti daha belirgin olur; pi\u015ftikten sonra ise klasik bulgura g\u00f6re daha iri, daha \u201cetli\u201d ve tok bir doku sunar. <\/span><\/p>\n<p>&nbsp;<\/p>\n<p><span style=\"font-weight: 400;\">Ekstra iri yap\u0131s\u0131 sayesinde bulgur pilav\u0131, sulu yemekler ve g\u00fcve\u00e7lerde formunu korur. Ayn\u0131 zamanda \u00e7orbalarda, salatalarda, dolma ve sarmalarda g\u00fcvenle kullan\u0131labilir. Hatta baz\u0131 y\u00f6resel tariflerde tatl\u0131lara da uyum sa\u011flayarak mutfakta geni\u015f bir kullan\u0131m alan\u0131 sunar. <\/span><\/p>","protected":false},"featured_media":826,"comment_status":"open","ping_status":"closed","template":"","meta":{"_acf_changed":false},"product_brand":[],"product_cat":[21],"product_tag":[],"class_list":{"0":"post-6413","1":"product","2":"type-product","3":"status-publish","4":"has-post-thumbnail","6":"product_cat-getreideprodukte","8":"first","9":"instock","10":"shipping-taxable","11":"product-type-simple"},"acf":[],"_links":{"self":[{"href":"https:\/\/derebakliyat.de\/tr\/wp-json\/wp\/v2\/product\/6413","targetHints":{"allow":["GET"]}}],"collection":[{"href":"https:\/\/derebakliyat.de\/tr\/wp-json\/wp\/v2\/product"}],"about":[{"href":"https:\/\/derebakliyat.de\/tr\/wp-json\/wp\/v2\/types\/product"}],"replies":[{"embeddable":true,"href":"https:\/\/derebakliyat.de\/tr\/wp-json\/wp\/v2\/comments?post=6413"}],"wp:featuredmedia":[{"embeddable":true,"href":"https:\/\/derebakliyat.de\/tr\/wp-json\/wp\/v2\/media\/826"}],"wp:attachment":[{"href":"https:\/\/derebakliyat.de\/tr\/wp-json\/wp\/v2\/media?parent=6413"}],"wp:term":[{"taxonomy":"product_brand","embeddable":true,"href":"https:\/\/derebakliyat.de\/tr\/wp-json\/wp\/v2\/product_brand?post=6413"},{"taxonomy":"product_cat","embeddable":true,"href":"https:\/\/derebakliyat.de\/tr\/wp-json\/wp\/v2\/product_cat?post=6413"},{"taxonomy":"product_tag","embeddable":true,"href":"https:\/\/derebakliyat.de\/tr\/wp-json\/wp\/v2\/product_tag?post=6413"}],"curies":[{"name":"wp","href":"https:\/\/api.w.org\/{rel}","templated":true}]}}