{"id":6411,"date":"2026-02-23T11:24:37","date_gmt":"2026-02-23T11:24:37","guid":{"rendered":"https:\/\/derebakliyat.de\/produkt\/weizengrutze-fein-dunkel-1000-gr\/"},"modified":"2026-03-04T14:33:51","modified_gmt":"2026-03-04T14:33:51","slug":"weizengruetze-fein-dunkel-1000-g","status":"publish","type":"product","link":"https:\/\/derebakliyat.de\/tr\/produkt\/weizengruetze-fein-dunkel-1000-g\/","title":{"rendered":"Esmer K\u00f6ftelik Bulgur (\u0130nce) 1000 g"},"content":{"rendered":"","protected":false},"excerpt":{"rendered":"<p><span style=\"font-weight: 400;\">K\u0131rm\u0131z\u0131 bu\u011fdaydan elde edilen esmer k\u00f6ftelik bulgur, daha g\u00fc\u00e7l\u00fc ve dolgun bir tat ile \u00f6zellikle yumu\u015fak bir doku tercih edenler i\u00e7in ideal. Klasik sar\u0131 bulgura k\u0131yasla bu bulgur t\u00fcr\u00fc daha kolay yo\u011frulur, baharatlar\u0131 ve aromalar\u0131 daha yo\u011fun \u015fekilde i\u00e7ine \u00e7eker ve b\u00f6ylece dengeli, otantik bir lezzet sunar. <\/span><\/p>\n<p>&nbsp;<\/p>\n<p><span style=\"font-weight: 400;\">Bu bulgur \u00e7e\u015fidi, \u00f6zellikle \u00e7i\u011f k\u00f6fte i\u00e7in \u00e7ok tercih edilir; ayr\u0131ca k\u00f6fte, salatalar, \u00e7orbalar ve ince taneli yap\u0131 ile iyi ba\u011flay\u0131c\u0131l\u0131\u011f\u0131n \u00f6nemli oldu\u011fu bir\u00e7ok yemekte de m\u00fckemmel sonu\u00e7 verir. \u00dcstelik lif a\u00e7\u0131s\u0131ndan da zengindir; bu y\u00f6n\u00fcyle g\u00fcnl\u00fck mutfakta doyurucu ve de\u011ferli bir temel olu\u015fturur. Bu lezzeti, Dere\u2019nin bilinen kalitesiyle g\u00f6n\u00fcl rahatl\u0131\u011f\u0131yla deneyimleyin.\u00a0<\/span><\/p>\n<p><b>En iyi sonu\u00e7 i\u00e7in:<\/b><span style=\"font-weight: 400;\"> Bu bulgur genellikle y\u0131kanmaz; do\u011fal yap\u0131s\u0131 korunsun ve en iyi \u015fekilde \u015fi\u015fsin diye yaln\u0131zca s\u0131cak suyla \u0131slat\u0131larak haz\u0131rlan\u0131r. <\/span><\/p>","protected":false},"featured_media":824,"comment_status":"open","ping_status":"closed","template":"","meta":{"_acf_changed":false},"product_brand":[],"product_cat":[21],"product_tag":[],"class_list":{"0":"post-6411","1":"product","2":"type-product","3":"status-publish","4":"has-post-thumbnail","6":"product_cat-getreideprodukte","8":"first","9":"instock","10":"shipping-taxable","11":"product-type-simple"},"acf":[],"_links":{"self":[{"href":"https:\/\/derebakliyat.de\/tr\/wp-json\/wp\/v2\/product\/6411","targetHints":{"allow":["GET"]}}],"collection":[{"href":"https:\/\/derebakliyat.de\/tr\/wp-json\/wp\/v2\/product"}],"about":[{"href":"https:\/\/derebakliyat.de\/tr\/wp-json\/wp\/v2\/types\/product"}],"replies":[{"embeddable":true,"href":"https:\/\/derebakliyat.de\/tr\/wp-json\/wp\/v2\/comments?post=6411"}],"wp:featuredmedia":[{"embeddable":true,"href":"https:\/\/derebakliyat.de\/tr\/wp-json\/wp\/v2\/media\/824"}],"wp:attachment":[{"href":"https:\/\/derebakliyat.de\/tr\/wp-json\/wp\/v2\/media?parent=6411"}],"wp:term":[{"taxonomy":"product_brand","embeddable":true,"href":"https:\/\/derebakliyat.de\/tr\/wp-json\/wp\/v2\/product_brand?post=6411"},{"taxonomy":"product_cat","embeddable":true,"href":"https:\/\/derebakliyat.de\/tr\/wp-json\/wp\/v2\/product_cat?post=6411"},{"taxonomy":"product_tag","embeddable":true,"href":"https:\/\/derebakliyat.de\/tr\/wp-json\/wp\/v2\/product_tag?post=6411"}],"curies":[{"name":"wp","href":"https:\/\/api.w.org\/{rel}","templated":true}]}}