{"id":6407,"date":"2026-02-23T11:24:37","date_gmt":"2026-02-23T11:24:37","guid":{"rendered":"https:\/\/derebakliyat.de\/produkt\/weizengrutze-mittel-grob-1000-gr\/"},"modified":"2026-04-06T16:32:11","modified_gmt":"2026-04-06T16:32:11","slug":"weizengrutze-grobe-midyat-sorte-1000-g","status":"publish","type":"product","link":"https:\/\/derebakliyat.de\/tr\/urun\/weizengrutze-grobe-midyat-sorte-1000-g\/","title":{"rendered":"Weizengr\u00fctze (grobe Midyat-Sorte) 1000 g"},"content":{"rendered":"","protected":false},"excerpt":{"rendered":"<p>Midyat bulguru, y\u00fcksek besin de\u011feri ve kendine \u00f6zg\u00fc aromas\u0131yla sofralara karakter katan \u00f6zel bir bulgur \u00e7e\u015fididir. Dere\u2019nin iri taneli Midyat bulguru, geleneksel y\u00f6ntemlerle i\u015flenerek haz\u0131rlan\u0131r; bu sayede do\u011fal yap\u0131s\u0131n\u0131 ve besleyici de\u011ferini korur. Zengin lif i\u00e7eri\u011fi sindirim sistemine olumlu katk\u0131 sa\u011flamaya yard\u0131mc\u0131 olurken, vitamin ve mineral a\u00e7\u0131s\u0131ndan da g\u00fc\u00e7l\u00fc bir se\u00e7enek sunar.<\/p>\n<p>Lezzet taraf\u0131nda ise fark\u0131n\u0131 hemen hissettirir: \u0130ri taneli yap\u0131s\u0131 sayesinde pi\u015fince formunu iyi korur, yemeklere hem doku hem de yo\u011fun bir tat derinli\u011fi kazand\u0131r\u0131r. Salatalarda \u00f6zellikle k\u0131s\u0131r gibi tariflere zenginlik katar; \u00e7orba ve pilavlarda ise kendine has lezzetiyle yeme\u011fi daha doyurucu hale getirir. Dolma ve b\u00f6rek i\u00e7 har\u00e7lar\u0131nda kullan\u0131ld\u0131\u011f\u0131nda hem lezzeti g\u00fc\u00e7lendirir hem de besin de\u011ferini art\u0131r\u0131r.<\/p>\n<p>Y\u00fcksek protein i\u00e7eri\u011fi sayesinde vegan ve vejetaryen beslenmede de pratik ve besleyici bir alternatif olarak \u00f6ne \u00e7\u0131kar. Geleneksel lezzeti modern mutfakla bulu\u015fturan Dere iri taneli Midyat bulgurunu mutlaka deneyin; hem g\u00fcnl\u00fck yemeklerde hem de \u00f6zel sofralarda fark\u0131n\u0131 g\u00f6sterir.<\/p>","protected":false},"featured_media":848,"comment_status":"open","ping_status":"closed","template":"","meta":{"_acf_changed":false},"product_brand":[],"product_cat":[21],"product_tag":[],"class_list":{"0":"post-6407","1":"product","2":"type-product","3":"status-publish","4":"has-post-thumbnail","6":"product_cat-getreideprodukte","8":"first","9":"instock","10":"shipping-taxable","11":"product-type-simple"},"acf":[],"_links":{"self":[{"href":"https:\/\/derebakliyat.de\/tr\/wp-json\/wp\/v2\/product\/6407","targetHints":{"allow":["GET"]}}],"collection":[{"href":"https:\/\/derebakliyat.de\/tr\/wp-json\/wp\/v2\/product"}],"about":[{"href":"https:\/\/derebakliyat.de\/tr\/wp-json\/wp\/v2\/types\/product"}],"replies":[{"embeddable":true,"href":"https:\/\/derebakliyat.de\/tr\/wp-json\/wp\/v2\/comments?post=6407"}],"wp:featuredmedia":[{"embeddable":true,"href":"https:\/\/derebakliyat.de\/tr\/wp-json\/wp\/v2\/media\/848"}],"wp:attachment":[{"href":"https:\/\/derebakliyat.de\/tr\/wp-json\/wp\/v2\/media?parent=6407"}],"wp:term":[{"taxonomy":"product_brand","embeddable":true,"href":"https:\/\/derebakliyat.de\/tr\/wp-json\/wp\/v2\/product_brand?post=6407"},{"taxonomy":"product_cat","embeddable":true,"href":"https:\/\/derebakliyat.de\/tr\/wp-json\/wp\/v2\/product_cat?post=6407"},{"taxonomy":"product_tag","embeddable":true,"href":"https:\/\/derebakliyat.de\/tr\/wp-json\/wp\/v2\/product_tag?post=6407"}],"curies":[{"name":"wp","href":"https:\/\/api.w.org\/{rel}","templated":true}]}}