{"id":6405,"date":"2026-02-23T11:24:37","date_gmt":"2026-02-23T11:24:37","guid":{"rendered":"https:\/\/derebakliyat.de\/produkt\/weizengrutze-extra-fein-2500-gr\/"},"modified":"2026-03-08T09:03:51","modified_gmt":"2026-03-08T09:03:51","slug":"weizengruetze-extra-fein-2500-g","status":"publish","type":"product","link":"https:\/\/derebakliyat.de\/tr\/urun\/weizengruetze-extra-fein-2500-g\/","title":{"rendered":"\u00c7i\u011f K\u00f6ftelik Bulgur 2500 g"},"content":{"rendered":"","protected":false},"excerpt":{"rendered":"<p><span style=\"font-weight: 400;\">\u00c7i\u011f k\u00f6ftelik bulgur; ince dokuyu, h\u0131zl\u0131 haz\u0131rlan\u0131\u015f\u0131 ve otantik lezzeti \u00f6nemseyen herkes i\u00e7in ideal bir se\u00e7im. Ekstra ince tane yap\u0131s\u0131 sayesinde kolayca i\u015flenir ve hafif, kremams\u0131 bir sonu\u00e7 verir. \u00d6zellikle \u00e7i\u011f k\u00f6fte i\u00e7in m\u00fckemmeldir; ayr\u0131ca \u00e7orbalar, f\u0131r\u0131n yemekleri, i\u00e7 har\u00e7lar ve daha bir\u00e7ok tarifte de rahatl\u0131kla kullan\u0131labilir. Dere fark\u0131yla tadaca\u011f\u0131n\u0131z bu bulgur, s\u0131v\u0131y\u0131 en iyi \u015fekilde \u00e7ekmesi ve yo\u011furmaya uygun olmas\u0131 i\u00e7in \u00f6zel olarak \u00e7ok ince bir \u00f6\u011f\u00fctme s\u00fcrecinden ge\u00e7irilerek \u00fcretilir. <\/span><\/p>\n<p><span style=\"font-weight: 400;\">B\u00f6ylece ev yap\u0131m\u0131 lezzetlerde al\u0131\u015f\u0131k oldu\u011fumuz uyumlu bir k\u0131vam ve zengin, doyurucu bir tat ortaya \u00e7\u0131kar. \u0130ster klasik \u00e7i\u011f k\u00f6fte yap\u0131m\u0131nda ister g\u00fcnl\u00fck mutfakta yarat\u0131c\u0131 tariflerde kullan\u0131n, Dere ile her yemek g\u00fcvenilir \u015fekilde, lezzetli sonu\u00e7 verir. Kaliteyi ve gelene\u011fi sofraya ta\u015f\u0131mak isteyen gurmeler i\u00e7in ideal bir \u00fcr\u00fcnd\u00fcr. <\/span><\/p>","protected":false},"featured_media":846,"comment_status":"open","ping_status":"closed","template":"","meta":{"_acf_changed":false},"product_brand":[],"product_cat":[21],"product_tag":[],"class_list":{"0":"post-6405","1":"product","2":"type-product","3":"status-publish","4":"has-post-thumbnail","6":"product_cat-getreideprodukte","8":"first","9":"instock","10":"shipping-taxable","11":"product-type-simple"},"acf":[],"_links":{"self":[{"href":"https:\/\/derebakliyat.de\/tr\/wp-json\/wp\/v2\/product\/6405","targetHints":{"allow":["GET"]}}],"collection":[{"href":"https:\/\/derebakliyat.de\/tr\/wp-json\/wp\/v2\/product"}],"about":[{"href":"https:\/\/derebakliyat.de\/tr\/wp-json\/wp\/v2\/types\/product"}],"replies":[{"embeddable":true,"href":"https:\/\/derebakliyat.de\/tr\/wp-json\/wp\/v2\/comments?post=6405"}],"wp:featuredmedia":[{"embeddable":true,"href":"https:\/\/derebakliyat.de\/tr\/wp-json\/wp\/v2\/media\/846"}],"wp:attachment":[{"href":"https:\/\/derebakliyat.de\/tr\/wp-json\/wp\/v2\/media?parent=6405"}],"wp:term":[{"taxonomy":"product_brand","embeddable":true,"href":"https:\/\/derebakliyat.de\/tr\/wp-json\/wp\/v2\/product_brand?post=6405"},{"taxonomy":"product_cat","embeddable":true,"href":"https:\/\/derebakliyat.de\/tr\/wp-json\/wp\/v2\/product_cat?post=6405"},{"taxonomy":"product_tag","embeddable":true,"href":"https:\/\/derebakliyat.de\/tr\/wp-json\/wp\/v2\/product_tag?post=6405"}],"curies":[{"name":"wp","href":"https:\/\/api.w.org\/{rel}","templated":true}]}}