{"id":6480,"date":"2026-02-23T11:24:42","date_gmt":"2026-02-23T11:24:42","guid":{"rendered":"https:\/\/derebakliyat.de\/produkt\/wachtelbohnen-in-dose-400-ml\/"},"modified":"2026-03-08T09:04:48","modified_gmt":"2026-03-08T09:04:48","slug":"gekochte-borlottibohnen-in-der-dose-400-ml","status":"publish","type":"product","link":"https:\/\/derebakliyat.de\/en\/product\/gekochte-borlottibohnen-in-der-dose-400-ml\/","title":{"rendered":"Cooked Borlotti Beans in Can 400 ml"},"content":{"rendered":"","protected":false},"excerpt":{"rendered":"<p><span style=\"font-weight: 400;\">Bereits gekochte Borlotti-Bohnen (Barbunya) aus der Dose sind sofort verzehrfertig und ideal, wenn es in der K\u00fcche schnell gehen soll. Statt Einweichen und langem Kochen einfach \u00f6ffnen, absp\u00fclen und direkt verwenden: So gelingt eine gesunde Mahlzeit ohne Aufwand.<\/span><\/p>\n<p><span style=\"font-weight: 400;\">Borlotti-Bohnen gilt als echter Proteinlieferant und hilft dabei, H\u00fclsenfr\u00fcchte im Alltag h\u00e4ufiger und unkomplizierter zu genie\u00dfen. Die vorgekochte Form macht die Zubereitung besonders praktisch und unterst\u00fctzt eine bewusste, ausgewogene Ern\u00e4hrung \u2013 auch dann, wenn wenig Zeit bleibt.<\/span><\/p>\n<p><span style=\"font-weight: 400;\">Ob f\u00fcr Salate, Suppen, Eint\u00f6pfe, traditionelle Gerichte oder als Beilage: Mit gekochten Borlotti-Bohnen von Dere haben Sie eine vielseitige Basis parat, mit der Sie im Handumdrehen aromatische und s\u00e4ttigende Gerichte zaubern k\u00f6nnen.<\/span><\/p>","protected":false},"featured_media":770,"comment_status":"open","ping_status":"closed","template":"","meta":{"_acf_changed":false},"product_brand":[],"product_cat":[23],"product_tag":[],"class_list":{"0":"post-6480","1":"product","2":"type-product","3":"status-publish","4":"has-post-thumbnail","6":"product_cat-konserven-fertigprodukte","8":"first","9":"instock","10":"shipping-taxable","11":"product-type-simple"},"acf":[],"_links":{"self":[{"href":"https:\/\/derebakliyat.de\/en\/wp-json\/wp\/v2\/product\/6480","targetHints":{"allow":["GET"]}}],"collection":[{"href":"https:\/\/derebakliyat.de\/en\/wp-json\/wp\/v2\/product"}],"about":[{"href":"https:\/\/derebakliyat.de\/en\/wp-json\/wp\/v2\/types\/product"}],"replies":[{"embeddable":true,"href":"https:\/\/derebakliyat.de\/en\/wp-json\/wp\/v2\/comments?post=6480"}],"wp:featuredmedia":[{"embeddable":true,"href":"https:\/\/derebakliyat.de\/en\/wp-json\/wp\/v2\/media\/770"}],"wp:attachment":[{"href":"https:\/\/derebakliyat.de\/en\/wp-json\/wp\/v2\/media?parent=6480"}],"wp:term":[{"taxonomy":"product_brand","embeddable":true,"href":"https:\/\/derebakliyat.de\/en\/wp-json\/wp\/v2\/product_brand?post=6480"},{"taxonomy":"product_cat","embeddable":true,"href":"https:\/\/derebakliyat.de\/en\/wp-json\/wp\/v2\/product_cat?post=6480"},{"taxonomy":"product_tag","embeddable":true,"href":"https:\/\/derebakliyat.de\/en\/wp-json\/wp\/v2\/product_tag?post=6480"}],"curies":[{"name":"wp","href":"https:\/\/api.w.org\/{rel}","templated":true}]}}