{"id":6475,"date":"2026-02-23T11:24:42","date_gmt":"2026-02-23T11:24:42","guid":{"rendered":"https:\/\/derebakliyat.de\/produkt\/kidneybohnen-in-dose-800-ml\/"},"modified":"2026-04-07T08:28:00","modified_gmt":"2026-04-07T08:28:00","slug":"kidneybohnen-in-dose-800-ml","status":"publish","type":"product","link":"https:\/\/derebakliyat.de\/en\/product\/kidneybohnen-in-dose-800-ml\/","title":{"rendered":"Cooked Red Kidney Beans in Can 800 ml"},"content":{"rendered":"","protected":false},"excerpt":{"rendered":"<p><span style=\"font-weight: 400;\">Gekochte roten Kidneybohnen sind eine n\u00e4hrstoffreiche und nat\u00fcrliche H\u00fclsenfrucht, reich an Eiwei\u00df und Ballaststoffen. Da wir sie sorgf\u00e4ltig vorgaren und in der Dose anbieten, bringen sie Ihnen in der K\u00fcche gro\u00dfe praktische Vorteile. Mit diesem Produkt k\u00f6nnen Sie ohne lange Vorbereitungszeit in kurzer Zeit gesunde und leckere Mahlzeiten zubereiten.<\/span><\/p>\n<p>&nbsp;<\/p>\n<p><span style=\"font-weight: 400;\">Konservierte rote Kidneybohnen sind in Salaten eine k\u00f6stliche Erg\u00e4nzung und geben Suppen sowie Eint\u00f6pfen sowohl mehr Konsistenz als auch eine s\u00e4ttigende Note. Als Beilage zu Reis oder durch Zugabe zu Fleisch- und Gem\u00fcsegerichten bereichern sie Ihre Mahlzeiten ganz einfach. Dank der bereits gekochten Form sind sie besonders unkompliziert in der Anwendung. Bei richtiger Lagerung bleiben sie lange frisch und sind eine zuverl\u00e4ssige Option f\u00fcr Ihren Vorratsschrank.<\/span><\/p>\n<p><span style=\"font-weight: 400;\">F\u00fcr alle, die im Alltag eine praktische und zugleich n\u00e4hrstoffreiche Alternative suchen, sind gekochte Kidneybohnen aus der Dose ein Helfer, den man immer griffbereit haben sollte.<\/span><\/p>","protected":false},"featured_media":765,"comment_status":"open","ping_status":"closed","template":"","meta":{"_acf_changed":false},"product_brand":[],"product_cat":[23],"product_tag":[],"class_list":{"0":"post-6475","1":"product","2":"type-product","3":"status-publish","4":"has-post-thumbnail","6":"product_cat-konserven-fertigprodukte","8":"first","9":"instock","10":"shipping-taxable","11":"product-type-simple"},"acf":[],"_links":{"self":[{"href":"https:\/\/derebakliyat.de\/en\/wp-json\/wp\/v2\/product\/6475","targetHints":{"allow":["GET"]}}],"collection":[{"href":"https:\/\/derebakliyat.de\/en\/wp-json\/wp\/v2\/product"}],"about":[{"href":"https:\/\/derebakliyat.de\/en\/wp-json\/wp\/v2\/types\/product"}],"replies":[{"embeddable":true,"href":"https:\/\/derebakliyat.de\/en\/wp-json\/wp\/v2\/comments?post=6475"}],"wp:featuredmedia":[{"embeddable":true,"href":"https:\/\/derebakliyat.de\/en\/wp-json\/wp\/v2\/media\/765"}],"wp:attachment":[{"href":"https:\/\/derebakliyat.de\/en\/wp-json\/wp\/v2\/media?parent=6475"}],"wp:term":[{"taxonomy":"product_brand","embeddable":true,"href":"https:\/\/derebakliyat.de\/en\/wp-json\/wp\/v2\/product_brand?post=6475"},{"taxonomy":"product_cat","embeddable":true,"href":"https:\/\/derebakliyat.de\/en\/wp-json\/wp\/v2\/product_cat?post=6475"},{"taxonomy":"product_tag","embeddable":true,"href":"https:\/\/derebakliyat.de\/en\/wp-json\/wp\/v2\/product_tag?post=6475"}],"curies":[{"name":"wp","href":"https:\/\/api.w.org\/{rel}","templated":true}]}}