{"id":6474,"date":"2026-02-23T11:24:42","date_gmt":"2026-02-23T11:24:42","guid":{"rendered":"https:\/\/derebakliyat.de\/produkt\/riesen-bohnen-in-dose-800-ml\/"},"modified":"2026-04-07T08:44:50","modified_gmt":"2026-04-07T08:44:50","slug":"gekochte-weisse-riesenbohnen-in-dose-800-ml","status":"publish","type":"product","link":"https:\/\/derebakliyat.de\/en\/product\/gekochte-weisse-riesenbohnen-in-dose-800-ml\/","title":{"rendered":"Cooked Giant White Beans in Can 800 ml"},"content":{"rendered":"","protected":false},"excerpt":{"rendered":"<p><span style=\"font-weight: 400;\">Die gekochten wei\u00dfen Riesenbohnen aus der Dose sind sofort verzehrfertig und ideal, wenn es schnell gehen soll. Einfach \u00f6ffnen, abgie\u00dfen, kurz absp\u00fclen und nach Wunsch direkt verwenden oder erw\u00e4rmen. So haben Sie im Handumdrehen eine leckere Basis f\u00fcr warme und kalte Gerichte.<\/span><\/p>\n<p>&nbsp;<\/p>\n<p><span style=\"font-weight: 400;\">Geschmacklich \u00fcberzeugen die gro\u00dfen Bohnen mit einem s\u00fc\u00dflich-aromatischen Profil: Im Kern werden sie beim Kochen angenehm mehlig-cremig, behalten dabei aber ihre Form. Dadurch eignen sie sich perfekt f\u00fcr herzhafte Eint\u00f6pfe, kr\u00e4ftige Suppen und s\u00e4ttigende Beilagen. Wenn Sie sich f\u00fcr Dere entscheiden, erhalten Sie Qualit\u00e4t und Bohnen, die beim Kochen nicht zerfallen<\/span><\/p>\n<p>&nbsp;<\/p>\n<p><span style=\"font-weight: 400;\">Auch ern\u00e4hrungsphysiologisch sind wei\u00dfe Riesenbohnen eine starke Wahl: Mit ihrem hohen Eiwei\u00df- und Ballaststoffgehalt bereichern sie jeden Speiseplan und passen besonders gut in die vegane und vegetarische K\u00fcche. Ob mediterrane Vorspeisen, Salate, Aufstriche oder kreative Bowl-Ideen, mit diesen konservierten Bohnen von Dere gelingen vielseitige Wohlf\u00fchlgerichte schnell und zuverl\u00e4ssig.<\/span><\/p>","protected":false},"featured_media":764,"comment_status":"open","ping_status":"closed","template":"","meta":{"_acf_changed":false},"product_brand":[],"product_cat":[23],"product_tag":[],"class_list":{"0":"post-6474","1":"product","2":"type-product","3":"status-publish","4":"has-post-thumbnail","6":"product_cat-konserven-fertigprodukte","8":"first","9":"instock","10":"shipping-taxable","11":"product-type-simple"},"acf":[],"_links":{"self":[{"href":"https:\/\/derebakliyat.de\/en\/wp-json\/wp\/v2\/product\/6474","targetHints":{"allow":["GET"]}}],"collection":[{"href":"https:\/\/derebakliyat.de\/en\/wp-json\/wp\/v2\/product"}],"about":[{"href":"https:\/\/derebakliyat.de\/en\/wp-json\/wp\/v2\/types\/product"}],"replies":[{"embeddable":true,"href":"https:\/\/derebakliyat.de\/en\/wp-json\/wp\/v2\/comments?post=6474"}],"wp:featuredmedia":[{"embeddable":true,"href":"https:\/\/derebakliyat.de\/en\/wp-json\/wp\/v2\/media\/764"}],"wp:attachment":[{"href":"https:\/\/derebakliyat.de\/en\/wp-json\/wp\/v2\/media?parent=6474"}],"wp:term":[{"taxonomy":"product_brand","embeddable":true,"href":"https:\/\/derebakliyat.de\/en\/wp-json\/wp\/v2\/product_brand?post=6474"},{"taxonomy":"product_cat","embeddable":true,"href":"https:\/\/derebakliyat.de\/en\/wp-json\/wp\/v2\/product_cat?post=6474"},{"taxonomy":"product_tag","embeddable":true,"href":"https:\/\/derebakliyat.de\/en\/wp-json\/wp\/v2\/product_tag?post=6474"}],"curies":[{"name":"wp","href":"https:\/\/api.w.org\/{rel}","templated":true}]}}