{"id":6471,"date":"2026-02-23T11:24:42","date_gmt":"2026-02-23T11:24:42","guid":{"rendered":"https:\/\/derebakliyat.de\/produkt\/kichererbsen-in-dose-800-ml\/"},"modified":"2026-04-07T08:18:45","modified_gmt":"2026-04-07T08:18:45","slug":"gekochte-kichererbsen-in-der-dose-800-ml","status":"publish","type":"product","link":"https:\/\/derebakliyat.de\/en\/product\/gekochte-kichererbsen-in-der-dose-800-ml\/","title":{"rendered":"Cooked Chickpeas in Can 800 ml"},"content":{"rendered":"","protected":false},"excerpt":{"rendered":"<p><span style=\"font-weight: 400;\">Gekochte ganze Kichererbsen aus der Dose sind die perfekte L\u00f6sung f\u00fcr alle, die schnell und unkompliziert kochen m\u00f6chten \u2013 ohne auf Geschmack zu verzichten. Die runden, goldfarbenen K\u00f6rner \u00fcberzeugen mit ihrem angenehm nussigen Aroma und einer vielseitigen Verwendbarkeit in der warmen und kalten K\u00fcche.<\/span><\/p>\n<p>&nbsp;<\/p>\n<p class=\"translation-block\"><span style=\"font-weight: 400;\">Ob als Basis f\u00fcr Hummus<\/span> <span style=\"font-weight: 400;\">und Falafel, als s\u00e4ttigende Zutat in Eint\u00f6pfen oder als proteinreiche Erg\u00e4nzung in Salaten: Kichererbsen bringen Substanz, Geschmack und eine angenehme Textur in Ihre Gerichte. Sie sind besonders beliebt in der vegetarischen K\u00fcche und eignen sich hervorragend als pflanzliche Alternative f\u00fcr ausgewogene Mahlzeiten.<\/span><\/p>\n<p>&nbsp;<\/p>\n<p><span style=\"font-weight: 400;\">Kichererbsen werden zudem oft als Teil einer bewussten Ern\u00e4hrung gesch\u00e4tzt, da sie sich gut in einen ausgewogenen Speiseplan integrieren lassen. Durch eine schonende Lagerung bleiben Geschmack, Qualit\u00e4t und die wertvollen Eigenschaften der Kichererbsen bestm\u00f6glich erhalten \u2013 f\u00fcr zuverl\u00e4ssigen Genuss aus dem Vorratsschrank.<\/span><\/p>","protected":false},"featured_media":761,"comment_status":"open","ping_status":"closed","template":"","meta":{"_acf_changed":false},"product_brand":[],"product_cat":[23],"product_tag":[],"class_list":{"0":"post-6471","1":"product","2":"type-product","3":"status-publish","4":"has-post-thumbnail","6":"product_cat-konserven-fertigprodukte","8":"first","9":"instock","10":"shipping-taxable","11":"product-type-simple"},"acf":[],"_links":{"self":[{"href":"https:\/\/derebakliyat.de\/en\/wp-json\/wp\/v2\/product\/6471","targetHints":{"allow":["GET"]}}],"collection":[{"href":"https:\/\/derebakliyat.de\/en\/wp-json\/wp\/v2\/product"}],"about":[{"href":"https:\/\/derebakliyat.de\/en\/wp-json\/wp\/v2\/types\/product"}],"replies":[{"embeddable":true,"href":"https:\/\/derebakliyat.de\/en\/wp-json\/wp\/v2\/comments?post=6471"}],"wp:featuredmedia":[{"embeddable":true,"href":"https:\/\/derebakliyat.de\/en\/wp-json\/wp\/v2\/media\/761"}],"wp:attachment":[{"href":"https:\/\/derebakliyat.de\/en\/wp-json\/wp\/v2\/media?parent=6471"}],"wp:term":[{"taxonomy":"product_brand","embeddable":true,"href":"https:\/\/derebakliyat.de\/en\/wp-json\/wp\/v2\/product_brand?post=6471"},{"taxonomy":"product_cat","embeddable":true,"href":"https:\/\/derebakliyat.de\/en\/wp-json\/wp\/v2\/product_cat?post=6471"},{"taxonomy":"product_tag","embeddable":true,"href":"https:\/\/derebakliyat.de\/en\/wp-json\/wp\/v2\/product_tag?post=6471"}],"curies":[{"name":"wp","href":"https:\/\/api.w.org\/{rel}","templated":true}]}}