{"id":6464,"date":"2026-02-23T11:24:41","date_gmt":"2026-02-23T11:24:41","guid":{"rendered":"https:\/\/derebakliyat.de\/produkt\/rundkorn-reis-5000-gr\/"},"modified":"2026-03-08T09:25:03","modified_gmt":"2026-03-08T09:25:03","slug":"loto-rundkornreis-fuer-pilaw-5000-g","status":"publish","type":"product","link":"https:\/\/derebakliyat.de\/en\/product\/loto-rundkornreis-fuer-pilaw-5000-g\/","title":{"rendered":"Loto Round Grain Rice for Pilaf 5000 g"},"content":{"rendered":"","protected":false},"excerpt":{"rendered":"<p data-start=\"0\" data-end=\"357\">Der hochwertige Rundkornreis der Reissorte Loto \u00fcberzeugt mit einem hohen St\u00e4rkeanteil und ist von Natur aus fettarm. Beim Kochen entwickelt er eine angenehm cremige Konsistenz und sorgt f\u00fcr eine gute Bindung der einzelnen K\u00f6rner. Dadurch entsteht eine weiche, geschmeidige Textur. Das macht ihn ideal f\u00fcr Pilaw-Gerichte, bei denen der Reis besonders zart und s\u00e4mig sein soll.<\/p>\n<p data-start=\"359\" data-end=\"684\">Dank seiner Eigenschaften eignet sich Loto-Rundkornreis hervorragend f\u00fcr Milchreis, Risotto und cremige Reisgerichte. Er nimmt Fl\u00fcssigkeit und Aromen sehr gut auf und liefert ein ausgewogenes, harmonisches Ergebnis. Auch f\u00fcr klassische Pilaw-Varianten, gef\u00fcllte Gem\u00fcsegerichte oder Ofengerichte ist er eine zuverl\u00e4ssige Wahl.<\/p>\n<p data-start=\"686\" data-end=\"860\">Ob traditionelle Familienk\u00fcche oder moderne Rezeptideen: Loto-Rundkornreis steht f\u00fcr gleichm\u00e4\u00dfige Kochergebnisse, angenehmen Biss und authentischen Reisgenuss in jeder K\u00fcche.<\/p>","protected":false},"featured_media":786,"comment_status":"open","ping_status":"closed","template":"","meta":{"_acf_changed":false},"product_brand":[],"product_cat":[21],"product_tag":[],"class_list":{"0":"post-6464","1":"product","2":"type-product","3":"status-publish","4":"has-post-thumbnail","6":"product_cat-getreideprodukte","8":"first","9":"instock","10":"shipping-taxable","11":"product-type-simple"},"acf":[],"_links":{"self":[{"href":"https:\/\/derebakliyat.de\/en\/wp-json\/wp\/v2\/product\/6464","targetHints":{"allow":["GET"]}}],"collection":[{"href":"https:\/\/derebakliyat.de\/en\/wp-json\/wp\/v2\/product"}],"about":[{"href":"https:\/\/derebakliyat.de\/en\/wp-json\/wp\/v2\/types\/product"}],"replies":[{"embeddable":true,"href":"https:\/\/derebakliyat.de\/en\/wp-json\/wp\/v2\/comments?post=6464"}],"wp:featuredmedia":[{"embeddable":true,"href":"https:\/\/derebakliyat.de\/en\/wp-json\/wp\/v2\/media\/786"}],"wp:attachment":[{"href":"https:\/\/derebakliyat.de\/en\/wp-json\/wp\/v2\/media?parent=6464"}],"wp:term":[{"taxonomy":"product_brand","embeddable":true,"href":"https:\/\/derebakliyat.de\/en\/wp-json\/wp\/v2\/product_brand?post=6464"},{"taxonomy":"product_cat","embeddable":true,"href":"https:\/\/derebakliyat.de\/en\/wp-json\/wp\/v2\/product_cat?post=6464"},{"taxonomy":"product_tag","embeddable":true,"href":"https:\/\/derebakliyat.de\/en\/wp-json\/wp\/v2\/product_tag?post=6464"}],"curies":[{"name":"wp","href":"https:\/\/api.w.org\/{rel}","templated":true}]}}