{"id":6458,"date":"2026-02-23T11:24:41","date_gmt":"2026-02-23T11:24:41","guid":{"rendered":"https:\/\/derebakliyat.de\/produkt\/reis-baldo-1000-gr\/"},"modified":"2026-04-06T13:17:02","modified_gmt":"2026-04-06T13:17:02","slug":"baldo-reis-1000-g","status":"publish","type":"product","link":"https:\/\/derebakliyat.de\/en\/product\/baldo-reis-1000-g\/","title":{"rendered":"Baldo-Reis 1000 g"},"content":{"rendered":"","protected":false},"excerpt":{"rendered":"<p data-start=\"0\" data-end=\"359\">High-quality Baldo rice stands out as a carefully selected short-grain rice with a high starch content and is naturally low in fat. When cooked, it develops a pleasantly creamy consistency and allows the grains to bind perfectly without losing their structure. This creates a soft, smooth texture that makes Baldo rice especially popular.<\/p>\n<p data-start=\"361\" data-end=\"676\">Thanks to these qualities, Baldo rice is ideal for dishes that call for a harmonious, creamy result. It absorbs liquids and flavors exceptionally well and delivers reliable cooking results, whether in classic pilaf, stuffed vegetable dishes, rice casseroles, or creamy rice creations.<\/p>\n<p data-start=\"361\" data-end=\"676\">hes, s\u00e4miges Ergebnis gefragt ist. Er nimmt Fl\u00fcssigkeit und Aromen hervorragend auf und liefert zuverl\u00e4ssige Kochergebnisse \u2013 ob bei klassischem Pilaw, gef\u00fcllten Gem\u00fcsegerichten, Reisaufl\u00e4ufen oder cremigen Reisvariationen.<\/p>\n<p data-start=\"678\" data-end=\"887\">Whether for traditional Turkish cuisine or modern rice dishes, Baldo rice stands for quality, authenticity, and a well-rounded, full-bodied flavor \u2013 a rice you can rely on in any kitchen.<\/p>\n<p data-start=\"678\" data-end=\"887\">","protected":false},"featured_media":780,"comment_status":"open","ping_status":"closed","template":"","meta":{"_acf_changed":false},"product_brand":[],"product_cat":[21],"product_tag":[],"class_list":{"0":"post-6458","1":"product","2":"type-product","3":"status-publish","4":"has-post-thumbnail","6":"product_cat-getreideprodukte","8":"first","9":"instock","10":"shipping-taxable","11":"product-type-simple"},"acf":[],"_links":{"self":[{"href":"https:\/\/derebakliyat.de\/en\/wp-json\/wp\/v2\/product\/6458","targetHints":{"allow":["GET"]}}],"collection":[{"href":"https:\/\/derebakliyat.de\/en\/wp-json\/wp\/v2\/product"}],"about":[{"href":"https:\/\/derebakliyat.de\/en\/wp-json\/wp\/v2\/types\/product"}],"replies":[{"embeddable":true,"href":"https:\/\/derebakliyat.de\/en\/wp-json\/wp\/v2\/comments?post=6458"}],"wp:featuredmedia":[{"embeddable":true,"href":"https:\/\/derebakliyat.de\/en\/wp-json\/wp\/v2\/media\/780"}],"wp:attachment":[{"href":"https:\/\/derebakliyat.de\/en\/wp-json\/wp\/v2\/media?parent=6458"}],"wp:term":[{"taxonomy":"product_brand","embeddable":true,"href":"https:\/\/derebakliyat.de\/en\/wp-json\/wp\/v2\/product_brand?post=6458"},{"taxonomy":"product_cat","embeddable":true,"href":"https:\/\/derebakliyat.de\/en\/wp-json\/wp\/v2\/product_cat?post=6458"},{"taxonomy":"product_tag","embeddable":true,"href":"https:\/\/derebakliyat.de\/en\/wp-json\/wp\/v2\/product_tag?post=6458"}],"curies":[{"name":"wp","href":"https:\/\/api.w.org\/{rel}","templated":true}]}}