{"id":6453,"date":"2026-02-23T11:24:40","date_gmt":"2026-02-23T11:24:40","guid":{"rendered":"https:\/\/derebakliyat.de\/produkt\/maismehl-1000-gr\/"},"modified":"2026-04-07T09:11:57","modified_gmt":"2026-04-07T09:11:57","slug":"maismehl-1000-g","status":"publish","type":"product","link":"https:\/\/derebakliyat.de\/en\/product\/maismehl-1000-g\/","title":{"rendered":"Corn Flour 1000 g"},"content":{"rendered":"","protected":false},"excerpt":{"rendered":"<p><span style=\"font-weight: 400;\">Maismehl ist ein hochwertiges Grundprodukt f\u00fcr die vielseitige K\u00fcche. Hergestellt aus 100 % purem Mais und nach h\u00f6chsten Qualit\u00e4tsstandards verarbeitet, \u00fcberzeugt Dere Maismehl durch zuverl\u00e4ssige Ergebnisse und einen angenehm milden Geschmack. Dank des feinen Mahlgrads l\u00e4sst sich das Maismehl besonders gut verarbeiten und sorgt f\u00fcr eine gleichm\u00e4\u00dfige, stabile Konsistenz. Das macht es ideal f\u00fcr Backwaren, zum Binden und Verfeinern von Suppen sowie f\u00fcr die Zubereitung von Polenta. Ob s\u00fc\u00df oder herzhaft: Dieses Maismehl ist ein praktischer Allrounder, der in keiner Vorratsk\u00fcche fehlen sollte. <\/span><\/p>","protected":false},"featured_media":775,"comment_status":"open","ping_status":"closed","template":"","meta":{"_acf_changed":false},"product_brand":[],"product_cat":[21],"product_tag":[],"class_list":{"0":"post-6453","1":"product","2":"type-product","3":"status-publish","4":"has-post-thumbnail","6":"product_cat-getreideprodukte","8":"first","9":"instock","10":"shipping-taxable","11":"product-type-simple"},"acf":[],"_links":{"self":[{"href":"https:\/\/derebakliyat.de\/en\/wp-json\/wp\/v2\/product\/6453","targetHints":{"allow":["GET"]}}],"collection":[{"href":"https:\/\/derebakliyat.de\/en\/wp-json\/wp\/v2\/product"}],"about":[{"href":"https:\/\/derebakliyat.de\/en\/wp-json\/wp\/v2\/types\/product"}],"replies":[{"embeddable":true,"href":"https:\/\/derebakliyat.de\/en\/wp-json\/wp\/v2\/comments?post=6453"}],"wp:featuredmedia":[{"embeddable":true,"href":"https:\/\/derebakliyat.de\/en\/wp-json\/wp\/v2\/media\/775"}],"wp:attachment":[{"href":"https:\/\/derebakliyat.de\/en\/wp-json\/wp\/v2\/media?parent=6453"}],"wp:term":[{"taxonomy":"product_brand","embeddable":true,"href":"https:\/\/derebakliyat.de\/en\/wp-json\/wp\/v2\/product_brand?post=6453"},{"taxonomy":"product_cat","embeddable":true,"href":"https:\/\/derebakliyat.de\/en\/wp-json\/wp\/v2\/product_cat?post=6453"},{"taxonomy":"product_tag","embeddable":true,"href":"https:\/\/derebakliyat.de\/en\/wp-json\/wp\/v2\/product_tag?post=6453"}],"curies":[{"name":"wp","href":"https:\/\/api.w.org\/{rel}","templated":true}]}}