{"id":6451,"date":"2026-02-23T11:24:40","date_gmt":"2026-02-23T11:24:40","guid":{"rendered":"https:\/\/derebakliyat.de\/produkt\/wachtelbohne-500-gr\/"},"modified":"2026-03-04T14:28:38","modified_gmt":"2026-03-04T14:28:38","slug":"getrocknete-wachtelbohnen-500-g","status":"publish","type":"product","link":"https:\/\/derebakliyat.de\/en\/product\/getrocknete-wachtelbohnen-500-g\/","title":{"rendered":"Dried Borlotti Beans 500 g"},"content":{"rendered":"","protected":false},"excerpt":{"rendered":"<p><span style=\"font-weight: 400;\">Wachtelbohnen sind aromatische, leicht nussige Bohnen mit einer angenehm cremigen Konsistenz. Sie eignen sich ideal f\u00fcr mediterrane und levantinische Gerichte wie Bohnensalate, Eint\u00f6pfe, Suppen oder klassische Schmorgerichte und behalten beim Kochen eine sch\u00f6ne Struktur. Durch ihre ausgewogene Textur nehmen sie Gew\u00fcrze und Saucen besonders gut auf. Dere sorgt mit sorgf\u00e4ltig ausgew\u00e4hlten, gr\u00fcndlich gereinigten und schonend verlesenen Wachtelbohnen f\u00fcr ein vollmundiges Geschmackserlebnis.<\/span><\/p>\n<p>&nbsp;<\/p>\n<p><span style=\"font-weight: 400;\"><strong>Zubereitungstipp:<\/strong> F\u00fcr beste Ergebnisse die Bohnen vor dem Kochen waschen und, je nach gew\u00fcnschter Garzeit, einige Stunden in Wasser einweichen.<\/span><\/p>","protected":false},"featured_media":809,"comment_status":"open","ping_status":"closed","template":"","meta":{"_acf_changed":false},"product_brand":[],"product_cat":[22],"product_tag":[],"class_list":{"0":"post-6451","1":"product","2":"type-product","3":"status-publish","4":"has-post-thumbnail","6":"product_cat-hulsenfruchte","8":"first","9":"instock","10":"shipping-taxable","11":"product-type-simple"},"acf":[],"_links":{"self":[{"href":"https:\/\/derebakliyat.de\/en\/wp-json\/wp\/v2\/product\/6451","targetHints":{"allow":["GET"]}}],"collection":[{"href":"https:\/\/derebakliyat.de\/en\/wp-json\/wp\/v2\/product"}],"about":[{"href":"https:\/\/derebakliyat.de\/en\/wp-json\/wp\/v2\/types\/product"}],"replies":[{"embeddable":true,"href":"https:\/\/derebakliyat.de\/en\/wp-json\/wp\/v2\/comments?post=6451"}],"wp:featuredmedia":[{"embeddable":true,"href":"https:\/\/derebakliyat.de\/en\/wp-json\/wp\/v2\/media\/809"}],"wp:attachment":[{"href":"https:\/\/derebakliyat.de\/en\/wp-json\/wp\/v2\/media?parent=6451"}],"wp:term":[{"taxonomy":"product_brand","embeddable":true,"href":"https:\/\/derebakliyat.de\/en\/wp-json\/wp\/v2\/product_brand?post=6451"},{"taxonomy":"product_cat","embeddable":true,"href":"https:\/\/derebakliyat.de\/en\/wp-json\/wp\/v2\/product_cat?post=6451"},{"taxonomy":"product_tag","embeddable":true,"href":"https:\/\/derebakliyat.de\/en\/wp-json\/wp\/v2\/product_tag?post=6451"}],"curies":[{"name":"wp","href":"https:\/\/api.w.org\/{rel}","templated":true}]}}