{"id":6450,"date":"2026-02-23T11:24:40","date_gmt":"2026-02-23T11:24:40","guid":{"rendered":"https:\/\/derebakliyat.de\/produkt\/maiskorner-500-gr\/"},"modified":"2026-04-07T09:10:19","modified_gmt":"2026-04-07T09:10:19","slug":"popcorn-maiskorner-500-gr","status":"publish","type":"product","link":"https:\/\/derebakliyat.de\/en\/product\/popcorn-maiskorner-500-gr\/","title":{"rendered":"Popcorn Kernels 500 g"},"content":{"rendered":"","protected":false},"excerpt":{"rendered":"<p><span style=\"font-weight: 400;\">Popcorn Mais ist eine spezielle Maissorte, deren K\u00f6rner beim Erhitzen durch die enthaltene Feuchtigkeit aufpoppen und zu einem leichten, knusprigen Snack werden. Dere Popcorn Maisk\u00f6rner \u00fcberzeugen durch seine gute Popp Leistung, eine gleichm\u00e4\u00dfige Kornqualit\u00e4t und eine unkomplizierte Zubereitung. Ob klassisch mit Salz oder kreativ mit Gew\u00fcrzen verfeinert, er passt zu vielen Rezeptideen und ist die ideale Wahl f\u00fcr Filmabende, G\u00e4ste oder den Snack zwischendurch.<\/span><\/p>\n<p><b>Zubereitungstipp:<\/b><span style=\"font-weight: 400;\"> F\u00fcr beste Ergebnisse den Mais im Topf oder in der Popcornmaschine mit wenig \u00d6l bei mittlerer Hitze zubereiten.<\/span><\/p>","protected":false},"featured_media":808,"comment_status":"open","ping_status":"closed","template":"","meta":{"_acf_changed":false},"product_brand":[],"product_cat":[23],"product_tag":[],"class_list":{"0":"post-6450","1":"product","2":"type-product","3":"status-publish","4":"has-post-thumbnail","6":"product_cat-konserven-fertigprodukte","8":"first","9":"instock","10":"shipping-taxable","11":"product-type-simple"},"acf":[],"_links":{"self":[{"href":"https:\/\/derebakliyat.de\/en\/wp-json\/wp\/v2\/product\/6450","targetHints":{"allow":["GET"]}}],"collection":[{"href":"https:\/\/derebakliyat.de\/en\/wp-json\/wp\/v2\/product"}],"about":[{"href":"https:\/\/derebakliyat.de\/en\/wp-json\/wp\/v2\/types\/product"}],"replies":[{"embeddable":true,"href":"https:\/\/derebakliyat.de\/en\/wp-json\/wp\/v2\/comments?post=6450"}],"wp:featuredmedia":[{"embeddable":true,"href":"https:\/\/derebakliyat.de\/en\/wp-json\/wp\/v2\/media\/808"}],"wp:attachment":[{"href":"https:\/\/derebakliyat.de\/en\/wp-json\/wp\/v2\/media?parent=6450"}],"wp:term":[{"taxonomy":"product_brand","embeddable":true,"href":"https:\/\/derebakliyat.de\/en\/wp-json\/wp\/v2\/product_brand?post=6450"},{"taxonomy":"product_cat","embeddable":true,"href":"https:\/\/derebakliyat.de\/en\/wp-json\/wp\/v2\/product_cat?post=6450"},{"taxonomy":"product_tag","embeddable":true,"href":"https:\/\/derebakliyat.de\/en\/wp-json\/wp\/v2\/product_tag?post=6450"}],"curies":[{"name":"wp","href":"https:\/\/api.w.org\/{rel}","templated":true}]}}